{"id":2328,"date":"2022-05-09T10:10:33","date_gmt":"2022-05-09T10:10:33","guid":{"rendered":"http:\/\/bozovictennisacademy.com\/v3\/?page_id=2328"},"modified":"2025-12-03T21:19:30","modified_gmt":"2025-12-03T21:19:30","slug":"ueber-uns","status":"publish","type":"page","link":"https:\/\/bozovictennisacademy.com\/v3\/de\/ueber-uns\/","title":{"rendered":"\u00dcber uns"},"content":{"rendered":"<div id=\"pl-2328\"  class=\"panel-layout\" ><div id=\"pg-2328-0\"  class=\"panel-grid panel-no-style\" ><div id=\"pgc-2328-0-0\"  class=\"panel-grid-cell\" ><div id=\"panel-2328-0-0-0\" class=\"so-panel widget widget_sow-editor panel-first-child panel-last-child\" data-index=\"0\" ><div\n\t\t\t\n\t\t\tclass=\"so-widget-sow-editor so-widget-sow-editor-base\"\n\t\t\t\n\t\t>\n<div class=\"siteorigin-widget-tinymce textwidget\">\n\t<p><img loading=\"lazy\" decoding=\"async\" class=\"alignnone wp-image-1610 size-full\" src=\"http:\/\/bozovictennisacademy.com\/v3\/wp-content\/uploads\/2021\/10\/about_introduction_2.jpg\" alt=\"\" width=\"683\" height=\"1024\" srcset=\"https:\/\/bozovictennisacademy.com\/v3\/wp-content\/uploads\/2021\/10\/about_introduction_2.jpg 683w, https:\/\/bozovictennisacademy.com\/v3\/wp-content\/uploads\/2021\/10\/about_introduction_2-200x300.jpg 200w\" sizes=\"auto, (max-width: 683px) 100vw, 683px\" \/><\/p>\n<\/div>\n<\/div><\/div><\/div><div id=\"pgc-2328-0-1\"  class=\"panel-grid-cell\" ><div id=\"panel-2328-0-1-0\" class=\"so-panel widget widget_sow-editor panel-first-child panel-last-child\" data-index=\"1\" ><div\n\t\t\t\n\t\t\tclass=\"so-widget-sow-editor so-widget-sow-editor-base\"\n\t\t\t\n\t\t>\n<div class=\"siteorigin-widget-tinymce textwidget\">\n\t<p><strong>Liebe Freunde des Tennissports,<\/strong><\/p>\n<p>Als Gr\u00fcnder und Cheftrainer der Bozovic Tennis Academy m\u00f6chte ich Sie herzlich willkommen heissen und Ihnen einige Informationen \u00fcber unsere Akademie geben.<\/p>\n<p>Die Bozovic Tennis Academy ist eine internationale, professionelle Sportinstitution, die vor 16 Jahren gegr\u00fcndet wurde mit heutigem Sitz in Schlieren, Kanton Z\u00fcrich.<\/p>\n<p>Es ist eine dynamische, solide und fortschrittliche Akademie, die damit Erfolg hat, angenehme und passende Tennis-Trainingsm\u00f6glichkeiten zu bieten. Wir f\u00f6rdern und ermutigen Menschen aller Altersgruppen, Geschlechter und Kulturen, Tennis zu geniessen und an Sportveranstaltungen teilzunehmen. Gleichzeitig gew\u00e4hrleisten wir ein angenehmes Erlebnis f\u00fcr die Mitglieder, Familien und Zuschauer.<\/p>\n<p>Die Akademie besteht aus Top-Experten aus der Schweiz und anderen europ\u00e4ischen L\u00e4ndern. Unser Team setzt sich aus ehemaligen Europameistern, Landesmeistern und Mitgliedern von Nationalmannschaften zusammen. Sie sind alle lizenzierte Profis mit mehr als 10 Jahren Trainererfahrung. Alle unsere Trainer haben in all diesen Jahren auf der ganzen Welt viel Lebenserfahrung auf und neben dem Platz gesammelt.<\/p>\n<p>Durch die Zusammenarbeit mit Trainern, Experten und Fachleuten aus verschiedenen Bereichen analysieren wir fortw\u00e4hrend unsere Spielerinnen und Spieler.<\/p>\n<p>Wir sind in der Lage, qualitativ hochwertigen Unterricht in einer sicheren und freundlichen Atmosph\u00e4re mit gut ausgebildeten und hochmotivierten Mitarbeitern zu bieten. Damit unterst\u00fctzen wir Sportler-innen jeden Leistungsniveaus, ihr Potenzial auszusch\u00f6pfen. Sport und Freizeit schaffen st\u00e4rkere, ges\u00fcndere, gl\u00fccklichere und sichere Gemeinschaften!<\/p>\n<p>Treten Sie uns bei, um gemeinsam eine bessere und ges\u00fcndere Zukunft zu erreichen!<\/p>\n<p>Willkommen in der Bozovic Tennis Academy!<\/p>\n<\/div>\n<\/div><\/div><\/div><\/div><div id=\"pg-2328-1\"  class=\"panel-grid panel-no-style\" ><div id=\"pgc-2328-1-0\"  class=\"panel-grid-cell\" ><div id=\"panel-2328-1-0-0\" class=\"so-panel widget widget_sow-editor panel-first-child panel-last-child\" data-index=\"2\" ><div\n\t\t\t\n\t\t\tclass=\"so-widget-sow-editor so-widget-sow-editor-base\"\n\t\t\t\n\t\t>\n<div class=\"siteorigin-widget-tinymce textwidget\">\n\t<h4><strong>Kurzgeschichte<\/strong><\/h4>\n<\/div>\n<\/div><\/div><\/div><\/div><div id=\"pg-2328-2\"  class=\"panel-grid panel-no-style\" ><div id=\"pgc-2328-2-0\"  class=\"panel-grid-cell\" ><div id=\"panel-2328-2-0-0\" class=\"so-panel widget widget_sow-editor panel-first-child panel-last-child\" data-index=\"3\" ><div\n\t\t\t\n\t\t\tclass=\"so-widget-sow-editor so-widget-sow-editor-base\"\n\t\t\t\n\t\t>\n<div class=\"siteorigin-widget-tinymce textwidget\">\n\t<p>Die Bozovic Tennis Academy wurde am 1. August 2008 in Belgrad (Serbien) gegr\u00fcndet. Sie begann mit den Programmen f\u00fcr die j\u00fcngsten Tennisspieler und fuhr dann mit den Juniorenprogrammen fort, in denen mit den besten serbischen Junioren gearbeitet wurde.<\/p>\n<p>Im April 2014 wurde die Bozovic Tennis Academy nach Z\u00fcrich verlegt, wo wir unsere Arbeit fortsetzten, uns weiterentwickelten und verbesserten. Im selben Jahr begannen wir, mit den besten Schweizer Junioren zu arbeiten.<\/p>\n<p>Heute sind wir eine Akademie mit 412 Mitgliedern, darunter die besten Junioren in den Kategorien unter 10, 12, 14 und 16 Jahren in der Schweiz.<\/p>\n<p>Wir sind st\u00e4ndig dabei, uns zu erweitern, zu erneuern, einen aktiven und wettbewerbsf\u00e4higen Geist zu entwickeln, mit dem Fokus, die Qualit\u00e4t unserer Spieler zu verbessern.<\/p>\n<p>&nbsp;<\/p>\n<\/div>\n<\/div><\/div><\/div><div id=\"pgc-2328-2-1\"  class=\"panel-grid-cell\" ><div id=\"panel-2328-2-1-0\" class=\"so-panel widget widget_sow-editor panel-first-child panel-last-child\" data-index=\"4\" ><div\n\t\t\t\n\t\t\tclass=\"so-widget-sow-editor so-widget-sow-editor-base\"\n\t\t\t\n\t\t>\n<div class=\"siteorigin-widget-tinymce textwidget\">\n\t<p><img loading=\"lazy\" decoding=\"async\" class=\"alignnone size-full wp-image-4576\" src=\"https:\/\/bozovictennisacademy.com\/v3\/wp-content\/uploads\/2024\/05\/gi_kids_27.jpg\" alt=\"\" width=\"1280\" height=\"854\" srcset=\"https:\/\/bozovictennisacademy.com\/v3\/wp-content\/uploads\/2024\/05\/gi_kids_27.jpg 1280w, https:\/\/bozovictennisacademy.com\/v3\/wp-content\/uploads\/2024\/05\/gi_kids_27-300x200.jpg 300w, https:\/\/bozovictennisacademy.com\/v3\/wp-content\/uploads\/2024\/05\/gi_kids_27-1024x683.jpg 1024w, https:\/\/bozovictennisacademy.com\/v3\/wp-content\/uploads\/2024\/05\/gi_kids_27-768x512.jpg 768w, https:\/\/bozovictennisacademy.com\/v3\/wp-content\/uploads\/2024\/05\/gi_kids_27-272x182.jpg 272w\" sizes=\"auto, (max-width: 1280px) 100vw, 1280px\" \/><\/p>\n<\/div>\n<\/div><\/div><\/div><\/div><div id=\"pg-2328-3\"  class=\"panel-grid panel-no-style\" ><div id=\"pgc-2328-3-0\"  class=\"panel-grid-cell\" ><div id=\"panel-2328-3-0-0\" class=\"so-panel widget widget_sow-editor panel-first-child panel-last-child\" data-index=\"5\" ><div\n\t\t\t\n\t\t\tclass=\"so-widget-sow-editor so-widget-sow-editor-base\"\n\t\t\t\n\t\t>\n<div class=\"siteorigin-widget-tinymce textwidget\">\n\t<h3 style=\"text-align: center;\">Leistungskonzept nach Kategorien<\/h3>\n<\/div>\n<\/div><\/div><\/div><\/div><div id=\"pg-2328-4\"  class=\"panel-grid panel-no-style\" ><div id=\"pgc-2328-4-0\"  class=\"panel-grid-cell\" ><div id=\"panel-2328-4-0-0\" class=\"so-panel widget widget_sow-editor panel-first-child panel-last-child\" data-index=\"6\" ><div\n\t\t\t\n\t\t\tclass=\"so-widget-sow-editor so-widget-sow-editor-base\"\n\t\t\t\n\t\t>\n<div class=\"siteorigin-widget-tinymce textwidget\">\n\t<p>Die Bozovic Tennis Academy verfolgt eine spezifische Trainingsmethode. Zwischen Trainingseinsatz und Erfolg gibt es eine enge Verbindung. Der Weg zum Erfolg kann sehr anstrengend sein. Alle, die diesen Weg gehen m\u00f6chten, unterst\u00fctzt die Bozovic Tennis Academy. Der grosse Vorteil liegt dabei in dem hochintensiven Training, bei dem wir versuchen, das Beste aus jeder Lektion herauszuholen.<\/p>\n<p>Die Bozovic Tennis Academy ist begeistert von den grenzenlosen M\u00f6glichkeiten, die die Zukunft f\u00fcr uns bereith\u00e4lt. Wir streben nach dem Erfolg unserer Spieler-innen und stellen sicher, dass jedes Training, jede Lektion und jedes Spiel Erfahrungen sind, an die man sich ein Leben lang erinnern wird! Jedes Programm wurde entwickelt, ver\u00e4ndert und verbessert, um den gew\u00fcnschten Einsatzzweck zu erreichen. Unser Ziel f\u00fcr die Spieler-innen ist es, eine k\u00f6rperliche und geistige Ver\u00e4nderung zu erfahren, die sie auf die n\u00e4chste Stufe bringt. Nicht nur im Tennis, sondern in allen Lebensphasen. Unsere Mitglieder-innen haben den Vorteil, dass sie mit hochqualifiziertem Personal zusammenarbeiten, das geschult ist in der Vermittlung von Tenniskenntnissen, mentalen und physischen Kompetenzen sowie positiven Lebenseinstellungen und Werten.<\/p>\n<h4>Nach jedem Training Fortschritte sehen und w\u00e4hrend den Trainingseinheiten Spass und eine gute Zeit auf dem Platz zu haben<\/h4>\n<p><img loading=\"lazy\" decoding=\"async\" class=\"alignnone size-full wp-image-4192\" src=\"https:\/\/bozovictennisacademy.com\/v3\/wp-content\/uploads\/2024\/04\/bta_winter_2024_02.jpg\" alt=\"\" width=\"1280\" height=\"854\" srcset=\"https:\/\/bozovictennisacademy.com\/v3\/wp-content\/uploads\/2024\/04\/bta_winter_2024_02.jpg 1280w, https:\/\/bozovictennisacademy.com\/v3\/wp-content\/uploads\/2024\/04\/bta_winter_2024_02-300x200.jpg 300w, https:\/\/bozovictennisacademy.com\/v3\/wp-content\/uploads\/2024\/04\/bta_winter_2024_02-1024x683.jpg 1024w, https:\/\/bozovictennisacademy.com\/v3\/wp-content\/uploads\/2024\/04\/bta_winter_2024_02-768x512.jpg 768w, https:\/\/bozovictennisacademy.com\/v3\/wp-content\/uploads\/2024\/04\/bta_winter_2024_02-272x182.jpg 272w\" sizes=\"auto, (max-width: 1280px) 100vw, 1280px\" \/><\/p>\n<p>Unser Team ist einzigartig und bekannt f\u00fcr seine aussergew\u00f6hnliche Organisation, Kommunikation und gemeinsame Analyse. Dies erm\u00f6glicht uns, die optimale L\u00f6sung zu finden und jedem Kunden-in zu helfen, das volle Potenzial auszusch\u00f6pfen.<\/p>\n<p>Die Spieler-innen k\u00f6nnen bei uns schon in sehr fr\u00fchem Alter mit dem Training beginnen. Wir bieten \u00fcber das ganze Jahr Programme und Privatstunden an. Ebenfalls bieten wir auch Programme f\u00fcr Nicht-Akademiemitglieder-innen, die von Trainern sehr empfohlen werden. Das ganze Jahr organisieren wir Trainingslager und Lehrg\u00e4nge f\u00fcr Spieler zwischen 7 und 19 Jahren.<\/p>\n<p>Nach der Trainingsanalyse bieten wir unseren Kunden-innen ein Programm an, das speziell auf sie zugeschnitten ist und jedem Spieler-in die bestm\u00f6glichen Optionen bietet: das richtige Mass an Training und Fitness, spezielle Ern\u00e4hrung, Unterricht und Behandlungen.<\/p>\n<p>Das Hauptziel ist, dass jeder Spieler-in in der Bozovic Tennis Academy die richtige Einstellung zum Spiel (Gewinnen und Verlieren) entwickelt sowie die Fehler und die Verbesserungsm\u00f6glichkeiten versteht, mit denen jede-r konfrontiert ist \u2013 insbesondere in der fr\u00fchen Phase der Tenniskarriere. Durch den kreativen und dynamischen Trainingsprozess werden gerade die jungen Spieler-innen die richtige Einstellung entwickeln, Selbstvertrauen gewinnen, das Spiel geniessen und die richtige Art und Weise lernen, sowohl mit Sieg als auch Niederlage umzugehen, um ihre Ziele und Tr\u00e4ume zu erreichen. In jedem Spiel, egal ob sie gewinnen oder verlieren, werden sie ihr Bestes geben, daraus lernen, sich verbessern und mit unserer Hilfe den richtigen Weg w\u00e4hlen \u2013 wie Champions. Nach jedem Spiel, nach jedem Turnier, werden sie eine Entwicklungsstufe h\u00f6her gelangen. Die Hauptaufgabe der Bozovic Tennis Academy ist es, Selbstvertrauen und den Glauben an ihre Leistungen, Unabh\u00e4ngigkeit, Reife, physische und psychische Verfassung sowie die Wahrnehmung des richtigen Weges zu verankern, um das Ziel zu erreichen \u2013 zu spielen und zu leben wie ein echter Champion!<\/p>\n<p><img decoding=\"async\" src=\"https:\/\/bozovictennisacademy.com\/v3\/wp-content\/uploads\/2025\/12\/2-IMG_9102_2.jpg\" \/><\/p>\n<\/div>\n<\/div><\/div><\/div><\/div><\/div>","protected":false},"excerpt":{"rendered":"<p>Die Bozovic Tennis Academy ist eine internationale, professionelle Sportinstitution, die vor 16 Jahren gegr\u00fcndet wurde mit heutigem Sitz in Schlieren, Kanton Z\u00fcrich.<\/p>\n","protected":false},"author":1,"featured_media":4571,"parent":0,"menu_order":0,"comment_status":"closed","ping_status":"closed","template":"","meta":{"_acf_changed":false,"footnotes":""},"class_list":{"0":"post-2328","1":"page","2":"type-page","3":"status-publish","4":"has-post-thumbnail","6":"clearfix","7":"article"},"acf":[],"yoast_head":"<!-- This site is optimized with the Yoast SEO plugin v27.1.1 - https:\/\/yoast.com\/product\/yoast-seo-wordpress\/ -->\n<title>\u00dcber uns - Bozovic Tennis Academy<\/title>\n<meta name=\"description\" content=\"Die Bozovic Tennis Academy ist eine internationale, professionelle Sportinstitution, die vor 16 Jahren gegr\u00fcndet wurde mit heutigem Sitz in Schlieren, Kanton Z\u00fcrich.\" \/>\n<meta name=\"robots\" content=\"index, follow, max-snippet:-1, max-image-preview:large, max-video-preview:-1\" \/>\n<link rel=\"canonical\" href=\"https:\/\/bozovictennisacademy.com\/v3\/de\/ueber-uns\/\" \/>\n<meta property=\"og:locale\" content=\"en_US\" \/>\n<meta property=\"og:type\" content=\"article\" \/>\n<meta property=\"og:title\" content=\"\u00dcber uns - Bozovic Tennis Academy\" \/>\n<meta property=\"og:description\" content=\"Die Bozovic Tennis Academy ist eine internationale, professionelle Sportinstitution, die vor 16 Jahren gegr\u00fcndet wurde mit heutigem Sitz in Schlieren, Kanton Z\u00fcrich.\" \/>\n<meta property=\"og:url\" content=\"https:\/\/bozovictennisacademy.com\/v3\/de\/ueber-uns\/\" \/>\n<meta property=\"og:site_name\" content=\"Bozovic Tennis Academy\" \/>\n<meta property=\"article:publisher\" content=\"https:\/\/www.facebook.com\/bozovictennisacademy\/\" \/>\n<meta property=\"article:modified_time\" content=\"2025-12-03T21:19:30+00:00\" \/>\n<meta property=\"og:image\" content=\"https:\/\/bozovictennisacademy.com\/v3\/wp-content\/uploads\/2024\/05\/gi_kids_22.jpg\" \/>\n\t<meta property=\"og:image:width\" content=\"1280\" \/>\n\t<meta property=\"og:image:height\" content=\"854\" \/>\n\t<meta property=\"og:image:type\" content=\"image\/jpeg\" \/>\n<meta name=\"twitter:card\" content=\"summary_large_image\" \/>\n<meta name=\"twitter:label1\" content=\"Est. reading time\" \/>\n\t<meta name=\"twitter:data1\" content=\"5 minutes\" \/>\n<script type=\"application\/ld+json\" class=\"yoast-schema-graph\">{\"@context\":\"https:\/\/schema.org\",\"@graph\":[{\"@type\":\"WebPage\",\"@id\":\"https:\/\/bozovictennisacademy.com\/v3\/de\/ueber-uns\/\",\"url\":\"https:\/\/bozovictennisacademy.com\/v3\/de\/ueber-uns\/\",\"name\":\"\u00dcber uns - Bozovic Tennis Academy\",\"isPartOf\":{\"@id\":\"https:\/\/bozovictennisacademy.com\/v3\/#website\"},\"primaryImageOfPage\":{\"@id\":\"https:\/\/bozovictennisacademy.com\/v3\/de\/ueber-uns\/#primaryimage\"},\"image\":{\"@id\":\"https:\/\/bozovictennisacademy.com\/v3\/de\/ueber-uns\/#primaryimage\"},\"thumbnailUrl\":\"https:\/\/bozovictennisacademy.com\/v3\/wp-content\/uploads\/2024\/05\/gi_kids_22.jpg\",\"datePublished\":\"2022-05-09T10:10:33+00:00\",\"dateModified\":\"2025-12-03T21:19:30+00:00\",\"description\":\"Die Bozovic Tennis Academy ist eine internationale, professionelle Sportinstitution, die vor 16 Jahren gegr\u00fcndet wurde mit heutigem Sitz in Schlieren, Kanton Z\u00fcrich.\",\"breadcrumb\":{\"@id\":\"https:\/\/bozovictennisacademy.com\/v3\/de\/ueber-uns\/#breadcrumb\"},\"inLanguage\":\"en-US\",\"potentialAction\":[{\"@type\":\"ReadAction\",\"target\":[\"https:\/\/bozovictennisacademy.com\/v3\/de\/ueber-uns\/\"]}]},{\"@type\":\"ImageObject\",\"inLanguage\":\"en-US\",\"@id\":\"https:\/\/bozovictennisacademy.com\/v3\/de\/ueber-uns\/#primaryimage\",\"url\":\"https:\/\/bozovictennisacademy.com\/v3\/wp-content\/uploads\/2024\/05\/gi_kids_22.jpg\",\"contentUrl\":\"https:\/\/bozovictennisacademy.com\/v3\/wp-content\/uploads\/2024\/05\/gi_kids_22.jpg\",\"width\":1280,\"height\":854},{\"@type\":\"BreadcrumbList\",\"@id\":\"https:\/\/bozovictennisacademy.com\/v3\/de\/ueber-uns\/#breadcrumb\",\"itemListElement\":[{\"@type\":\"ListItem\",\"position\":1,\"name\":\"Home\",\"item\":\"https:\/\/bozovictennisacademy.com\/v3\/\"},{\"@type\":\"ListItem\",\"position\":2,\"name\":\"\u00dcber uns\"}]},{\"@type\":\"WebSite\",\"@id\":\"https:\/\/bozovictennisacademy.com\/v3\/#website\",\"url\":\"https:\/\/bozovictennisacademy.com\/v3\/\",\"name\":\"Bozovic Tennis Academy\",\"description\":\"\",\"potentialAction\":[{\"@type\":\"SearchAction\",\"target\":{\"@type\":\"EntryPoint\",\"urlTemplate\":\"https:\/\/bozovictennisacademy.com\/v3\/?s={search_term_string}\"},\"query-input\":{\"@type\":\"PropertyValueSpecification\",\"valueRequired\":true,\"valueName\":\"search_term_string\"}}],\"inLanguage\":\"en-US\"}]}<\/script>\n<!-- \/ Yoast SEO plugin. -->","yoast_head_json":{"title":"\u00dcber uns - Bozovic Tennis Academy","description":"Die Bozovic Tennis Academy ist eine internationale, professionelle Sportinstitution, die vor 16 Jahren gegr\u00fcndet wurde mit heutigem Sitz in Schlieren, Kanton Z\u00fcrich.","robots":{"index":"index","follow":"follow","max-snippet":"max-snippet:-1","max-image-preview":"max-image-preview:large","max-video-preview":"max-video-preview:-1"},"canonical":"https:\/\/bozovictennisacademy.com\/v3\/de\/ueber-uns\/","og_locale":"en_US","og_type":"article","og_title":"\u00dcber uns - Bozovic Tennis Academy","og_description":"Die Bozovic Tennis Academy ist eine internationale, professionelle Sportinstitution, die vor 16 Jahren gegr\u00fcndet wurde mit heutigem Sitz in Schlieren, Kanton Z\u00fcrich.","og_url":"https:\/\/bozovictennisacademy.com\/v3\/de\/ueber-uns\/","og_site_name":"Bozovic Tennis Academy","article_publisher":"https:\/\/www.facebook.com\/bozovictennisacademy\/","article_modified_time":"2025-12-03T21:19:30+00:00","og_image":[{"width":1280,"height":854,"url":"https:\/\/bozovictennisacademy.com\/v3\/wp-content\/uploads\/2024\/05\/gi_kids_22.jpg","type":"image\/jpeg"}],"twitter_card":"summary_large_image","twitter_misc":{"Est. reading time":"5 minutes"},"schema":{"@context":"https:\/\/schema.org","@graph":[{"@type":"WebPage","@id":"https:\/\/bozovictennisacademy.com\/v3\/de\/ueber-uns\/","url":"https:\/\/bozovictennisacademy.com\/v3\/de\/ueber-uns\/","name":"\u00dcber uns - Bozovic Tennis Academy","isPartOf":{"@id":"https:\/\/bozovictennisacademy.com\/v3\/#website"},"primaryImageOfPage":{"@id":"https:\/\/bozovictennisacademy.com\/v3\/de\/ueber-uns\/#primaryimage"},"image":{"@id":"https:\/\/bozovictennisacademy.com\/v3\/de\/ueber-uns\/#primaryimage"},"thumbnailUrl":"https:\/\/bozovictennisacademy.com\/v3\/wp-content\/uploads\/2024\/05\/gi_kids_22.jpg","datePublished":"2022-05-09T10:10:33+00:00","dateModified":"2025-12-03T21:19:30+00:00","description":"Die Bozovic Tennis Academy ist eine internationale, professionelle Sportinstitution, die vor 16 Jahren gegr\u00fcndet wurde mit heutigem Sitz in Schlieren, Kanton Z\u00fcrich.","breadcrumb":{"@id":"https:\/\/bozovictennisacademy.com\/v3\/de\/ueber-uns\/#breadcrumb"},"inLanguage":"en-US","potentialAction":[{"@type":"ReadAction","target":["https:\/\/bozovictennisacademy.com\/v3\/de\/ueber-uns\/"]}]},{"@type":"ImageObject","inLanguage":"en-US","@id":"https:\/\/bozovictennisacademy.com\/v3\/de\/ueber-uns\/#primaryimage","url":"https:\/\/bozovictennisacademy.com\/v3\/wp-content\/uploads\/2024\/05\/gi_kids_22.jpg","contentUrl":"https:\/\/bozovictennisacademy.com\/v3\/wp-content\/uploads\/2024\/05\/gi_kids_22.jpg","width":1280,"height":854},{"@type":"BreadcrumbList","@id":"https:\/\/bozovictennisacademy.com\/v3\/de\/ueber-uns\/#breadcrumb","itemListElement":[{"@type":"ListItem","position":1,"name":"Home","item":"https:\/\/bozovictennisacademy.com\/v3\/"},{"@type":"ListItem","position":2,"name":"\u00dcber uns"}]},{"@type":"WebSite","@id":"https:\/\/bozovictennisacademy.com\/v3\/#website","url":"https:\/\/bozovictennisacademy.com\/v3\/","name":"Bozovic Tennis Academy","description":"","potentialAction":[{"@type":"SearchAction","target":{"@type":"EntryPoint","urlTemplate":"https:\/\/bozovictennisacademy.com\/v3\/?s={search_term_string}"},"query-input":{"@type":"PropertyValueSpecification","valueRequired":true,"valueName":"search_term_string"}}],"inLanguage":"en-US"}]}},"_links":{"self":[{"href":"https:\/\/bozovictennisacademy.com\/v3\/wp-json\/wp\/v2\/pages\/2328","targetHints":{"allow":["GET"]}}],"collection":[{"href":"https:\/\/bozovictennisacademy.com\/v3\/wp-json\/wp\/v2\/pages"}],"about":[{"href":"https:\/\/bozovictennisacademy.com\/v3\/wp-json\/wp\/v2\/types\/page"}],"author":[{"embeddable":true,"href":"https:\/\/bozovictennisacademy.com\/v3\/wp-json\/wp\/v2\/users\/1"}],"replies":[{"embeddable":true,"href":"https:\/\/bozovictennisacademy.com\/v3\/wp-json\/wp\/v2\/comments?post=2328"}],"version-history":[{"count":11,"href":"https:\/\/bozovictennisacademy.com\/v3\/wp-json\/wp\/v2\/pages\/2328\/revisions"}],"predecessor-version":[{"id":5448,"href":"https:\/\/bozovictennisacademy.com\/v3\/wp-json\/wp\/v2\/pages\/2328\/revisions\/5448"}],"wp:featuredmedia":[{"embeddable":true,"href":"https:\/\/bozovictennisacademy.com\/v3\/wp-json\/wp\/v2\/media\/4571"}],"wp:attachment":[{"href":"https:\/\/bozovictennisacademy.com\/v3\/wp-json\/wp\/v2\/media?parent=2328"}],"curies":[{"name":"wp","href":"https:\/\/api.w.org\/{rel}","templated":true}]}}