{"id":2332,"date":"2022-05-09T10:15:54","date_gmt":"2022-05-09T10:15:54","guid":{"rendered":"http:\/\/bozovictennisacademy.com\/v3\/?page_id=2332"},"modified":"2025-12-03T21:18:11","modified_gmt":"2025-12-03T21:18:11","slug":"philosophie","status":"publish","type":"page","link":"https:\/\/bozovictennisacademy.com\/v3\/de\/ueber-uns\/philosophie\/","title":{"rendered":"Philosophie"},"content":{"rendered":"<div id=\"pl-2332\"  class=\"panel-layout\" ><div id=\"pg-2332-0\"  class=\"panel-grid panel-no-style\" ><div id=\"pgc-2332-0-0\"  class=\"panel-grid-cell\" ><div id=\"panel-2332-0-0-0\" class=\"so-panel widget widget_sow-editor panel-first-child panel-last-child\" data-index=\"0\" ><div\n\t\t\t\n\t\t\tclass=\"so-widget-sow-editor so-widget-sow-editor-base\"\n\t\t\t\n\t\t>\n<div class=\"siteorigin-widget-tinymce textwidget\">\n\t<h3 style=\"text-align: center;\"><em>\"Gebe dein Bestes: lerne, verbessere und entwickle deine F\u00e4higkeiten jeden Tag!\"<br \/>\n<\/em><\/h3>\n<p><img decoding=\"async\" src=\"https:\/\/bozovictennisacademy.com\/v3\/wp-content\/uploads\/2025\/12\/1-IMG_9074.jpg\" \/><\/p>\n<p>&nbsp;<\/p>\n<\/div>\n<\/div><\/div><\/div><\/div><div id=\"pg-2332-1\"  class=\"panel-grid panel-no-style\" ><div id=\"pgc-2332-1-0\"  class=\"panel-grid-cell\" ><div id=\"panel-2332-1-0-0\" class=\"so-panel widget widget_sow-editor panel-first-child panel-last-child\" data-index=\"1\" ><div\n\t\t\t\n\t\t\tclass=\"so-widget-sow-editor so-widget-sow-editor-base\"\n\t\t\t\n\t\t>\n<div class=\"siteorigin-widget-tinymce textwidget\">\n\t<h4 style=\"text-align: center;\"><strong>Warum die Bozovic Tennis Academy?<\/strong><\/h4>\n<\/div>\n<\/div><\/div><\/div><\/div><div id=\"pg-2332-2\"  class=\"panel-grid panel-no-style\" ><div id=\"pgc-2332-2-0\"  class=\"panel-grid-cell\" ><div id=\"panel-2332-2-0-0\" class=\"so-panel widget widget_sow-editor panel-first-child panel-last-child\" data-index=\"2\" ><div\n\t\t\t\n\t\t\tclass=\"so-widget-sow-editor so-widget-sow-editor-base\"\n\t\t\t\n\t\t>\n<div class=\"siteorigin-widget-tinymce textwidget\">\n\t<p>Die Bozovic Tennis Academy setzt auf folgende Werte: Vertrauen, Respekt, Verst\u00e4ndnis, Disziplin und Professionalit\u00e4t!<\/p>\n<p>Die Kinder und die Akademie werden zu einer Familie mit einer Atmosph\u00e4re, in der wir gemeinsam lernen, Zeit verbringen und das Fundament f\u00fcr das Leben und die Zukunft aufbauen. In einer solchen Umgebung werden die Kinder wachsen, sich entwickeln und sich an das sch\u00f6ne Gef\u00fchl erinnern, das wir in Ihnen erweckt haben. Sie werden sich immer auf das n\u00e4chste Training freuen.<\/p>\n<p>Unsere Philosophie ist sehr geradlinig und basiert darauf, dass wir in der Bozovic Tennis Academy das volle Potenzial aus jedem Einzelnen herausholen, unabh\u00e4ngig von Alter, aktueller Leistungs- und Spielst\u00e4rke.<\/p>\n<p>Die Trainingsmethode, die wir vertreten und die uns leitet, beinhaltet viel Verst\u00e4ndnis f\u00fcr jeden Spieler-in. Es ist wichtig, jederzeit zu wissen, wie sich die Spieler-innen f\u00fchlen, um sie zu motivieren und zu ermutigen ihr Talent in jedem Moment auf dem Platz voll zu entfalten.<\/p>\n<p>Wir verfolgen einen sehr gezielten, pers\u00f6nlichen und kompetenten Ansatz f\u00fcr jeden Spieler-in. Gegenseitiges Vertrauen und Respekt sind wesentliche Bestandteile der Zusammenarbeit zwischen Trainer-in und Spieler-in. Ein Spieler-in sollte dem Trainer vertrauen \u2013 jedem Rat, jeder Tat, jeder Entscheidung. Der Trainer kann jederzeit beratend herangezogen werden, um die bestm\u00f6gliche L\u00f6sung f\u00fcr den Spieler zu finden.<\/p>\n<p>Aus diesem Grund ist die Bozovic Tennis Academy die richtige Wahl und das richtige Angebot f\u00fcr alle, die das Bestm\u00f6gliche wollen.<\/p>\n<\/div>\n<\/div><\/div><\/div><\/div><div id=\"pg-2332-3\"  class=\"panel-grid panel-no-style\" ><div id=\"pgc-2332-3-0\"  class=\"panel-grid-cell\" ><div id=\"panel-2332-3-0-0\" class=\"so-panel widget widget_sow-editor panel-first-child panel-last-child\" data-index=\"3\" ><div\n\t\t\t\n\t\t\tclass=\"so-widget-sow-editor so-widget-sow-editor-base\"\n\t\t\t\n\t\t>\n<div class=\"siteorigin-widget-tinymce textwidget\">\n\t<h5><span style=\"color: #65922e;\">UNSERE MISSION<\/span><\/h5>\n<p>Der Erfolg der Spieler ist der Erfolg der Akademie! Das gesamte Training basiert auf der Ausbildung der Spieler und ihrer kontinuierlichen Verbesserung mit Blickwinkel auf fortlaufende Planung und Analyse, um von Training zu Training Fortschritte zu machen. Deshalb sind wir da \u2013 um jedem Einzelnen die bestm\u00f6glichen Bedingungen f\u00fcr seine Entwicklung zu bieten.<\/p>\n<p>Wir bem\u00fchen uns, um die Entwicklung und kontinuierliche Verbesserung der technischen, taktischen, physischen und mentalen F\u00e4higkeiten jedes einzelnen Spielers. Wir schaffen Raum f\u00fcr Trainingsaufwand und Fortschritt, wobei darauf geachtet wird, nicht zu schnell an die Grenzen zu stossen.<\/p>\n<p>Mit der st\u00e4ndigen Verbesserung unseres Lebens und unseres Wissens, mit endloser Energie und Ehrgeiz, werden wir gr\u00f6sser und unsere Spieler-innen werden nicht nur besser, sondern werden w\u00e4hrend des Heranwachsens die Besten sein. Wir betrachten ihren Erfolg als unseren eigenen, und das ist eine zus\u00e4tzliche Motivation f\u00fcr uns. Ohne Ziele und Motivation gibt es keine Fortschritte \u2013 das ist das Geheimnis unseres Erfolgs.<\/p>\n<p>&nbsp;<\/p>\n<\/div>\n<\/div><\/div><\/div><div id=\"pgc-2332-3-1\"  class=\"panel-grid-cell\" ><div id=\"panel-2332-3-1-0\" class=\"so-panel widget widget_sow-editor panel-first-child panel-last-child\" data-index=\"4\" ><div\n\t\t\t\n\t\t\tclass=\"so-widget-sow-editor so-widget-sow-editor-base\"\n\t\t\t\n\t\t>\n<div class=\"siteorigin-widget-tinymce textwidget\">\n\t<h5><span style=\"color: #65922e;\">UNSERE VISION<\/span><\/h5>\n<p>Unser Ziel besteht darin, die Besten in unserer Arbeit zu sein und das ist der Hauptgrund, warum die Bozovic Tennis Academy existiert! Die Trainingsprogramme, die wir anbieten, die Art und Weise, wie wir an das Tennisspiel herangehen, sind nicht nur f\u00fcr unsere Sch\u00fcler-innen, sondern auch f\u00fcr jeden, die folgendes wollen: LERNEN und sich VERBESSERN, ein echter Tennis-Champion werden. Wir konzentrieren uns auf eine klare Zielsetzung \u2013 die Mitglieder der Bozovic Tennis Academy darin zu unterst\u00fctzen, immer ihr bestes Tennis zu spielen.<\/p>\n<p>Wir fordern die Spieler stets dazu auf, sich auf ihre Ziele zu fokussieren und \u00fcber Verbesserungsm\u00f6glichkeiten in jeder Phase des Spiels nachzudenken. Das gleiche gilt auch f\u00fcr unsere Trainer im Rahmen ihrer T\u00e4tigkeiten.<\/p>\n<p>Wir folgen dem Swiss Tennis Ausbildung Programm mit dem Schwerpunkt auf konstanter Verbesserung, ausgezeichneter Kommunikation sowie den Aufbau einer engen Verbundenheit zu den Eltern\/Familien unserer Spieler-innen, die ein wichtiger Teil des Entwicklungsprozesses sind.<\/p>\n<p>&nbsp;<\/p>\n<p>&nbsp;<\/p>\n<\/div>\n<\/div><\/div><\/div><\/div><div id=\"pg-2332-4\"  class=\"panel-grid panel-no-style\" ><div id=\"pgc-2332-4-0\"  class=\"panel-grid-cell\" ><div id=\"panel-2332-4-0-0\" class=\"so-panel widget widget_sow-editor panel-first-child panel-last-child\" data-index=\"5\" ><div\n\t\t\t\n\t\t\tclass=\"so-widget-sow-editor so-widget-sow-editor-base\"\n\t\t\t\n\t\t>\n<div class=\"siteorigin-widget-tinymce textwidget\">\n\t<h3 style=\"text-align: center;\"><em>Verbessere deine F\u00e4higkeiten! Bleib gesund und sei gl\u00fccklich!<br \/>\n<\/em><\/h3>\n<p><img loading=\"lazy\" decoding=\"async\" class=\"alignnone size-full wp-image-4328\" src=\"https:\/\/bozovictennisacademy.com\/v3\/wp-content\/uploads\/2024\/04\/bta_winter_2024_02a.jpg\" alt=\"\" width=\"1280\" height=\"854\" srcset=\"https:\/\/bozovictennisacademy.com\/v3\/wp-content\/uploads\/2024\/04\/bta_winter_2024_02a.jpg 1280w, https:\/\/bozovictennisacademy.com\/v3\/wp-content\/uploads\/2024\/04\/bta_winter_2024_02a-300x200.jpg 300w, https:\/\/bozovictennisacademy.com\/v3\/wp-content\/uploads\/2024\/04\/bta_winter_2024_02a-1024x683.jpg 1024w, https:\/\/bozovictennisacademy.com\/v3\/wp-content\/uploads\/2024\/04\/bta_winter_2024_02a-768x512.jpg 768w, https:\/\/bozovictennisacademy.com\/v3\/wp-content\/uploads\/2024\/04\/bta_winter_2024_02a-272x182.jpg 272w\" sizes=\"auto, (max-width: 1280px) 100vw, 1280px\" \/><\/p>\n<\/div>\n<\/div><\/div><\/div><\/div><\/div>","protected":false},"excerpt":{"rendered":"<p>Gebe dein Bestes: lerne, verbessere und entwickle deine F\u00e4higkeiten jeden Tag! Bozovic Tennis Akademie setzt auf folgende Werte: Vertrauen, Respekt, Verst\u00e4ndnis, Disziplin und Professionalit\u00e4t!<\/p>\n","protected":false},"author":1,"featured_media":1651,"parent":2328,"menu_order":0,"comment_status":"closed","ping_status":"closed","template":"","meta":{"_acf_changed":false,"footnotes":""},"class_list":{"0":"post-2332","1":"page","2":"type-page","3":"status-publish","4":"has-post-thumbnail","6":"clearfix","7":"article"},"acf":[],"yoast_head":"<!-- This site is optimized with the Yoast SEO plugin v27.1.1 - https:\/\/yoast.com\/product\/yoast-seo-wordpress\/ -->\n<title>Philosophie - Bozovic Tennis Academy<\/title>\n<meta name=\"description\" content=\"Gebe dein Bestes: lerne, verbessere und entwickle deine F\u00e4higkeiten jeden Tag! Bozovic Tennis Akademie setzt auf folgende Werte: Vertrauen, Respekt, Verst\u00e4ndnis, Disziplin und Professionalit\u00e4t!\" \/>\n<meta name=\"robots\" content=\"index, follow, max-snippet:-1, max-image-preview:large, max-video-preview:-1\" \/>\n<link rel=\"canonical\" href=\"https:\/\/bozovictennisacademy.com\/v3\/de\/ueber-uns\/philosophie\/\" \/>\n<meta property=\"og:locale\" content=\"en_US\" \/>\n<meta property=\"og:type\" content=\"article\" \/>\n<meta property=\"og:title\" content=\"Philosophie - Bozovic Tennis Academy\" \/>\n<meta property=\"og:description\" content=\"Gebe dein Bestes: lerne, verbessere und entwickle deine F\u00e4higkeiten jeden Tag! Bozovic Tennis Akademie setzt auf folgende Werte: Vertrauen, Respekt, Verst\u00e4ndnis, Disziplin und Professionalit\u00e4t!\" \/>\n<meta property=\"og:url\" content=\"https:\/\/bozovictennisacademy.com\/v3\/de\/ueber-uns\/philosophie\/\" \/>\n<meta property=\"og:site_name\" content=\"Bozovic Tennis Academy\" \/>\n<meta property=\"article:publisher\" content=\"https:\/\/www.facebook.com\/bozovictennisacademy\/\" \/>\n<meta property=\"article:modified_time\" content=\"2025-12-03T21:18:11+00:00\" \/>\n<meta property=\"og:image\" content=\"https:\/\/bozovictennisacademy.com\/v3\/wp-content\/uploads\/2021\/10\/about_philosophy_3.jpg\" \/>\n\t<meta property=\"og:image:width\" content=\"1280\" \/>\n\t<meta property=\"og:image:height\" content=\"853\" \/>\n\t<meta property=\"og:image:type\" content=\"image\/jpeg\" \/>\n<meta name=\"twitter:card\" content=\"summary_large_image\" \/>\n<meta name=\"twitter:label1\" content=\"Est. reading time\" \/>\n\t<meta name=\"twitter:data1\" content=\"3 minutes\" \/>\n<script type=\"application\/ld+json\" class=\"yoast-schema-graph\">{\"@context\":\"https:\/\/schema.org\",\"@graph\":[{\"@type\":\"WebPage\",\"@id\":\"https:\/\/bozovictennisacademy.com\/v3\/de\/ueber-uns\/philosophie\/\",\"url\":\"https:\/\/bozovictennisacademy.com\/v3\/de\/ueber-uns\/philosophie\/\",\"name\":\"Philosophie - Bozovic Tennis Academy\",\"isPartOf\":{\"@id\":\"https:\/\/bozovictennisacademy.com\/v3\/#website\"},\"primaryImageOfPage\":{\"@id\":\"https:\/\/bozovictennisacademy.com\/v3\/de\/ueber-uns\/philosophie\/#primaryimage\"},\"image\":{\"@id\":\"https:\/\/bozovictennisacademy.com\/v3\/de\/ueber-uns\/philosophie\/#primaryimage\"},\"thumbnailUrl\":\"https:\/\/bozovictennisacademy.com\/v3\/wp-content\/uploads\/2021\/10\/about_philosophy_3.jpg\",\"datePublished\":\"2022-05-09T10:15:54+00:00\",\"dateModified\":\"2025-12-03T21:18:11+00:00\",\"description\":\"Gebe dein Bestes: lerne, verbessere und entwickle deine F\u00e4higkeiten jeden Tag! Bozovic Tennis Akademie setzt auf folgende Werte: Vertrauen, Respekt, Verst\u00e4ndnis, Disziplin und Professionalit\u00e4t!\",\"breadcrumb\":{\"@id\":\"https:\/\/bozovictennisacademy.com\/v3\/de\/ueber-uns\/philosophie\/#breadcrumb\"},\"inLanguage\":\"en-US\",\"potentialAction\":[{\"@type\":\"ReadAction\",\"target\":[\"https:\/\/bozovictennisacademy.com\/v3\/de\/ueber-uns\/philosophie\/\"]}]},{\"@type\":\"ImageObject\",\"inLanguage\":\"en-US\",\"@id\":\"https:\/\/bozovictennisacademy.com\/v3\/de\/ueber-uns\/philosophie\/#primaryimage\",\"url\":\"https:\/\/bozovictennisacademy.com\/v3\/wp-content\/uploads\/2021\/10\/about_philosophy_3.jpg\",\"contentUrl\":\"https:\/\/bozovictennisacademy.com\/v3\/wp-content\/uploads\/2021\/10\/about_philosophy_3.jpg\",\"width\":1280,\"height\":853},{\"@type\":\"BreadcrumbList\",\"@id\":\"https:\/\/bozovictennisacademy.com\/v3\/de\/ueber-uns\/philosophie\/#breadcrumb\",\"itemListElement\":[{\"@type\":\"ListItem\",\"position\":1,\"name\":\"Home\",\"item\":\"https:\/\/bozovictennisacademy.com\/v3\/\"},{\"@type\":\"ListItem\",\"position\":2,\"name\":\"\u00dcber uns\",\"item\":\"https:\/\/bozovictennisacademy.com\/v3\/de\/ueber-uns\/\"},{\"@type\":\"ListItem\",\"position\":3,\"name\":\"Philosophie\"}]},{\"@type\":\"WebSite\",\"@id\":\"https:\/\/bozovictennisacademy.com\/v3\/#website\",\"url\":\"https:\/\/bozovictennisacademy.com\/v3\/\",\"name\":\"Bozovic Tennis Academy\",\"description\":\"\",\"potentialAction\":[{\"@type\":\"SearchAction\",\"target\":{\"@type\":\"EntryPoint\",\"urlTemplate\":\"https:\/\/bozovictennisacademy.com\/v3\/?s={search_term_string}\"},\"query-input\":{\"@type\":\"PropertyValueSpecification\",\"valueRequired\":true,\"valueName\":\"search_term_string\"}}],\"inLanguage\":\"en-US\"}]}<\/script>\n<!-- \/ Yoast SEO plugin. -->","yoast_head_json":{"title":"Philosophie - Bozovic Tennis Academy","description":"Gebe dein Bestes: lerne, verbessere und entwickle deine F\u00e4higkeiten jeden Tag! Bozovic Tennis Akademie setzt auf folgende Werte: Vertrauen, Respekt, Verst\u00e4ndnis, Disziplin und Professionalit\u00e4t!","robots":{"index":"index","follow":"follow","max-snippet":"max-snippet:-1","max-image-preview":"max-image-preview:large","max-video-preview":"max-video-preview:-1"},"canonical":"https:\/\/bozovictennisacademy.com\/v3\/de\/ueber-uns\/philosophie\/","og_locale":"en_US","og_type":"article","og_title":"Philosophie - Bozovic Tennis Academy","og_description":"Gebe dein Bestes: lerne, verbessere und entwickle deine F\u00e4higkeiten jeden Tag! Bozovic Tennis Akademie setzt auf folgende Werte: Vertrauen, Respekt, Verst\u00e4ndnis, Disziplin und Professionalit\u00e4t!","og_url":"https:\/\/bozovictennisacademy.com\/v3\/de\/ueber-uns\/philosophie\/","og_site_name":"Bozovic Tennis Academy","article_publisher":"https:\/\/www.facebook.com\/bozovictennisacademy\/","article_modified_time":"2025-12-03T21:18:11+00:00","og_image":[{"width":1280,"height":853,"url":"https:\/\/bozovictennisacademy.com\/v3\/wp-content\/uploads\/2021\/10\/about_philosophy_3.jpg","type":"image\/jpeg"}],"twitter_card":"summary_large_image","twitter_misc":{"Est. reading time":"3 minutes"},"schema":{"@context":"https:\/\/schema.org","@graph":[{"@type":"WebPage","@id":"https:\/\/bozovictennisacademy.com\/v3\/de\/ueber-uns\/philosophie\/","url":"https:\/\/bozovictennisacademy.com\/v3\/de\/ueber-uns\/philosophie\/","name":"Philosophie - Bozovic Tennis Academy","isPartOf":{"@id":"https:\/\/bozovictennisacademy.com\/v3\/#website"},"primaryImageOfPage":{"@id":"https:\/\/bozovictennisacademy.com\/v3\/de\/ueber-uns\/philosophie\/#primaryimage"},"image":{"@id":"https:\/\/bozovictennisacademy.com\/v3\/de\/ueber-uns\/philosophie\/#primaryimage"},"thumbnailUrl":"https:\/\/bozovictennisacademy.com\/v3\/wp-content\/uploads\/2021\/10\/about_philosophy_3.jpg","datePublished":"2022-05-09T10:15:54+00:00","dateModified":"2025-12-03T21:18:11+00:00","description":"Gebe dein Bestes: lerne, verbessere und entwickle deine F\u00e4higkeiten jeden Tag! Bozovic Tennis Akademie setzt auf folgende Werte: Vertrauen, Respekt, Verst\u00e4ndnis, Disziplin und Professionalit\u00e4t!","breadcrumb":{"@id":"https:\/\/bozovictennisacademy.com\/v3\/de\/ueber-uns\/philosophie\/#breadcrumb"},"inLanguage":"en-US","potentialAction":[{"@type":"ReadAction","target":["https:\/\/bozovictennisacademy.com\/v3\/de\/ueber-uns\/philosophie\/"]}]},{"@type":"ImageObject","inLanguage":"en-US","@id":"https:\/\/bozovictennisacademy.com\/v3\/de\/ueber-uns\/philosophie\/#primaryimage","url":"https:\/\/bozovictennisacademy.com\/v3\/wp-content\/uploads\/2021\/10\/about_philosophy_3.jpg","contentUrl":"https:\/\/bozovictennisacademy.com\/v3\/wp-content\/uploads\/2021\/10\/about_philosophy_3.jpg","width":1280,"height":853},{"@type":"BreadcrumbList","@id":"https:\/\/bozovictennisacademy.com\/v3\/de\/ueber-uns\/philosophie\/#breadcrumb","itemListElement":[{"@type":"ListItem","position":1,"name":"Home","item":"https:\/\/bozovictennisacademy.com\/v3\/"},{"@type":"ListItem","position":2,"name":"\u00dcber uns","item":"https:\/\/bozovictennisacademy.com\/v3\/de\/ueber-uns\/"},{"@type":"ListItem","position":3,"name":"Philosophie"}]},{"@type":"WebSite","@id":"https:\/\/bozovictennisacademy.com\/v3\/#website","url":"https:\/\/bozovictennisacademy.com\/v3\/","name":"Bozovic Tennis Academy","description":"","potentialAction":[{"@type":"SearchAction","target":{"@type":"EntryPoint","urlTemplate":"https:\/\/bozovictennisacademy.com\/v3\/?s={search_term_string}"},"query-input":{"@type":"PropertyValueSpecification","valueRequired":true,"valueName":"search_term_string"}}],"inLanguage":"en-US"}]}},"_links":{"self":[{"href":"https:\/\/bozovictennisacademy.com\/v3\/wp-json\/wp\/v2\/pages\/2332","targetHints":{"allow":["GET"]}}],"collection":[{"href":"https:\/\/bozovictennisacademy.com\/v3\/wp-json\/wp\/v2\/pages"}],"about":[{"href":"https:\/\/bozovictennisacademy.com\/v3\/wp-json\/wp\/v2\/types\/page"}],"author":[{"embeddable":true,"href":"https:\/\/bozovictennisacademy.com\/v3\/wp-json\/wp\/v2\/users\/1"}],"replies":[{"embeddable":true,"href":"https:\/\/bozovictennisacademy.com\/v3\/wp-json\/wp\/v2\/comments?post=2332"}],"version-history":[{"count":6,"href":"https:\/\/bozovictennisacademy.com\/v3\/wp-json\/wp\/v2\/pages\/2332\/revisions"}],"predecessor-version":[{"id":5445,"href":"https:\/\/bozovictennisacademy.com\/v3\/wp-json\/wp\/v2\/pages\/2332\/revisions\/5445"}],"up":[{"embeddable":true,"href":"https:\/\/bozovictennisacademy.com\/v3\/wp-json\/wp\/v2\/pages\/2328"}],"wp:featuredmedia":[{"embeddable":true,"href":"https:\/\/bozovictennisacademy.com\/v3\/wp-json\/wp\/v2\/media\/1651"}],"wp:attachment":[{"href":"https:\/\/bozovictennisacademy.com\/v3\/wp-json\/wp\/v2\/media?parent=2332"}],"curies":[{"name":"wp","href":"https:\/\/api.w.org\/{rel}","templated":true}]}}