{"id":2336,"date":"2022-05-09T10:19:19","date_gmt":"2022-05-09T10:19:19","guid":{"rendered":"http:\/\/bozovictennisacademy.com\/v3\/?page_id=2336"},"modified":"2025-09-17T16:53:38","modified_gmt":"2025-09-17T16:53:38","slug":"standorte","status":"publish","type":"page","link":"https:\/\/bozovictennisacademy.com\/v3\/de\/ueber-uns\/standorte\/","title":{"rendered":"Standorte"},"content":{"rendered":"<div id=\"pl-2336\"  class=\"panel-layout\" ><div id=\"pg-2336-0\"  class=\"panel-grid panel-no-style\" ><div id=\"pgc-2336-0-0\"  class=\"panel-grid-cell\" ><div id=\"panel-2336-0-0-0\" class=\"so-panel widget widget_sow-editor panel-first-child panel-last-child\" data-index=\"0\" ><div\n\t\t\t\n\t\t\tclass=\"so-widget-sow-editor so-widget-sow-editor-base\"\n\t\t\t\n\t\t>\n<div class=\"siteorigin-widget-tinymce textwidget\">\n\t<p>Die Einrichtungen VITIS und Hardhof haben f\u00fcr uns eine besondere Bedeutung. Mit beiden haben wir \u00fcber viele Jahre hinweg <strong>eine enge Partnerschaft<\/strong> aufgebaut und eine starke und dauerhafte Verbindung geschaffen.<\/p>\n<\/div>\n<\/div><\/div><\/div><\/div><div id=\"pg-2336-1\"  class=\"panel-grid panel-no-style\" ><div id=\"pgc-2336-1-0\"  class=\"panel-grid-cell\" ><div id=\"panel-2336-1-0-0\" class=\"so-panel widget widget_sow-editor panel-first-child panel-last-child\" data-index=\"1\" ><div\n\t\t\t\n\t\t\tclass=\"so-widget-sow-editor so-widget-sow-editor-base\"\n\t\t\t\n\t\t>\n<div class=\"siteorigin-widget-tinymce textwidget\">\n\t<h4 style=\"text-align: center;\"><span style=\"color: #bcbf0f;\">VITIS Sportcenter<\/span><\/h4>\n<h5 style=\"text-align: center;\">Ifangstrasse 15, Schlieren 8592 (ZH-West)<\/h5>\n<\/div>\n<\/div><\/div><\/div><\/div><div id=\"pg-2336-2\"  class=\"panel-grid panel-no-style\" ><div id=\"pgc-2336-2-0\"  class=\"panel-grid-cell\" ><div id=\"panel-2336-2-0-0\" class=\"so-panel widget widget_sow-editor panel-first-child panel-last-child\" data-index=\"2\" ><div\n\t\t\t\n\t\t\tclass=\"so-widget-sow-editor so-widget-sow-editor-base\"\n\t\t\t\n\t\t>\n<div class=\"siteorigin-widget-tinymce textwidget\">\n\t<p><img loading=\"lazy\" decoding=\"async\" class=\"alignnone size-full wp-image-4339\" src=\"https:\/\/bozovictennisacademy.com\/v3\/wp-content\/uploads\/2024\/04\/Vitis-2024.jpg\" alt=\"\" width=\"1340\" height=\"993\" srcset=\"https:\/\/bozovictennisacademy.com\/v3\/wp-content\/uploads\/2024\/04\/Vitis-2024.jpg 1340w, https:\/\/bozovictennisacademy.com\/v3\/wp-content\/uploads\/2024\/04\/Vitis-2024-300x222.jpg 300w, https:\/\/bozovictennisacademy.com\/v3\/wp-content\/uploads\/2024\/04\/Vitis-2024-1024x759.jpg 1024w, https:\/\/bozovictennisacademy.com\/v3\/wp-content\/uploads\/2024\/04\/Vitis-2024-768x569.jpg 768w\" sizes=\"auto, (max-width: 1340px) 100vw, 1340px\" \/><\/p>\n<p>In den Wintermonaten nutzen wir die sieben Hallenpl\u00e4tze des VITIS. Mit <strong>zwei Hartpl\u00e4tzen und f\u00fcnf Teppichpl\u00e4tzen<\/strong> bieten wir unseren Spielern die Flexibilit\u00e4t, ihren bevorzugten Belag zu w\u00e4hlen. So k\u00f6nnen Wettkampfspieler auf dem Belag trainieren, der f\u00fcr ihre bevorstehenden Turniere am besten geeignet ist. Mit dem <strong>neuen Fitnessbereich und dem Physiotherapieraum im VITIS<\/strong> k\u00f6nnen wir unsere Kunden umfassend betreuen. Au\u00dferdem gibt es sechs Squashpl\u00e4tze, falls Sie eine andere Schl\u00e4gersportart betreiben m\u00f6chten.<\/p>\n<\/div>\n<\/div><\/div><\/div><\/div><div id=\"pg-2336-3\"  class=\"panel-grid panel-no-style\" ><div id=\"pgc-2336-3-0\"  class=\"panel-grid-cell\" ><div id=\"panel-2336-3-0-0\" class=\"so-panel widget widget_sow-editor panel-first-child panel-last-child\" data-index=\"3\" ><div\n\t\t\t\n\t\t\tclass=\"so-widget-sow-editor so-widget-sow-editor-base\"\n\t\t\t\n\t\t>\n<div class=\"siteorigin-widget-tinymce textwidget\">\n\t<hr \/>\n<\/div>\n<\/div><\/div><\/div><\/div><div id=\"pg-2336-4\"  class=\"panel-grid panel-no-style\" ><div id=\"pgc-2336-4-0\"  class=\"panel-grid-cell\" ><div id=\"panel-2336-4-0-0\" class=\"so-panel widget widget_sow-editor panel-first-child panel-last-child\" data-index=\"4\" ><div\n\t\t\t\n\t\t\tclass=\"so-widget-sow-editor so-widget-sow-editor-base\"\n\t\t\t\n\t\t>\n<div class=\"siteorigin-widget-tinymce textwidget\">\n\t<h4 style=\"text-align: center;\"><span style=\"color: #bcbf0f;\">Bareggcenter Baden<\/span><\/h4>\n<h5 style=\"text-align: center;\">Zelgweg 11, 5405 Baden-D\u00e4ttwil<\/h5>\n<\/div>\n<\/div><\/div><\/div><\/div><div id=\"pg-2336-5\"  class=\"panel-grid panel-no-style\" ><div id=\"pgc-2336-5-0\"  class=\"panel-grid-cell\" ><div id=\"panel-2336-5-0-0\" class=\"so-panel widget widget_sow-editor panel-first-child panel-last-child\" data-index=\"5\" ><div\n\t\t\t\n\t\t\tclass=\"so-widget-sow-editor so-widget-sow-editor-base\"\n\t\t\t\n\t\t>\n<div class=\"siteorigin-widget-tinymce textwidget\">\n\t<p><a href=\"https:\/\/bareggcenter.ch\/\" target=\"_blank\" rel=\"noopener\"><img loading=\"lazy\" decoding=\"async\" class=\"alignnone size-full wp-image-5291\" src=\"https:\/\/bozovictennisacademy.com\/v3\/wp-content\/uploads\/2025\/09\/Baregg_01.jpg\" alt=\"\" width=\"1920\" height=\"514\" srcset=\"https:\/\/bozovictennisacademy.com\/v3\/wp-content\/uploads\/2025\/09\/Baregg_01.jpg 1920w, https:\/\/bozovictennisacademy.com\/v3\/wp-content\/uploads\/2025\/09\/Baregg_01-300x80.jpg 300w, https:\/\/bozovictennisacademy.com\/v3\/wp-content\/uploads\/2025\/09\/Baregg_01-1024x274.jpg 1024w, https:\/\/bozovictennisacademy.com\/v3\/wp-content\/uploads\/2025\/09\/Baregg_01-768x206.jpg 768w, https:\/\/bozovictennisacademy.com\/v3\/wp-content\/uploads\/2025\/09\/Baregg_01-1536x411.jpg 1536w\" sizes=\"auto, (max-width: 1920px) 100vw, 1920px\" \/><\/a><\/p>\n<p>Zus\u00e4tzlich zu unserem Hauptstandort im VITIS k\u00f6nnen wir nun auch Trainingsslots im <a href=\"https:\/\/bareggcenter.ch\" target=\"_blank\" rel=\"noopener\">Bareggcenter in Baden<\/a> anbieten. Das moderne Center verf\u00fcgt unter anderem \u00fcber 3 indoor Tennispl\u00e4tze, Physiotherapie, Massage, ein gro\u00dfes Fitnessstudio sowie ein Restaurant \u2013 und bietet damit ideale Voraussetzungen f\u00fcr unsere Trainings.<\/p>\n<p>Dar\u00fcber hinaus stehen im Bareggcenter \u00fcber 100 Apartments zur Verf\u00fcgung. So k\u00f6nnen wir internationale Spieler direkt vor Ort begr\u00fcssen und ganzheitliche Programme mit Training, Regeneration und Unterkunft kombinieren.<\/p>\n<p>\ud83d\udc49 Bei Interesse kontaktiert uns gerne per <a href=\"mailto:office@bozovictennisacademy.com\">Mail<\/a>.<\/p>\n<\/div>\n<\/div><\/div><\/div><\/div><div id=\"pg-2336-6\"  class=\"panel-grid panel-no-style\" ><div id=\"pgc-2336-6-0\"  class=\"panel-grid-cell\" ><div id=\"panel-2336-6-0-0\" class=\"so-panel widget widget_sow-editor panel-first-child panel-last-child\" data-index=\"6\" ><div\n\t\t\t\n\t\t\tclass=\"so-widget-sow-editor so-widget-sow-editor-base\"\n\t\t\t\n\t\t>\n<div class=\"siteorigin-widget-tinymce textwidget\">\n\t<hr \/>\n<\/div>\n<\/div><\/div><\/div><\/div><div id=\"pg-2336-7\"  class=\"panel-grid panel-no-style\" ><div id=\"pgc-2336-7-0\"  class=\"panel-grid-cell\" ><div id=\"panel-2336-7-0-0\" class=\"so-panel widget widget_sow-editor panel-first-child panel-last-child\" data-index=\"7\" ><div\n\t\t\t\n\t\t\tclass=\"so-widget-sow-editor so-widget-sow-editor-base\"\n\t\t\t\n\t\t>\n<div class=\"siteorigin-widget-tinymce textwidget\">\n\t<h4 style=\"text-align: center;\"><span style=\"color: #bcbf0f;\">Hardhof (outdoor)<\/span><\/h4>\n<h5 style=\"text-align: center;\">Hardhof 19, Zurich 8064<\/h5>\n<\/div>\n<\/div><\/div><\/div><\/div><div id=\"pg-2336-8\"  class=\"panel-grid panel-no-style\" ><div id=\"pgc-2336-8-0\"  class=\"panel-grid-cell\" ><div id=\"panel-2336-8-0-0\" class=\"so-panel widget widget_sow-editor panel-first-child panel-last-child\" data-index=\"8\" ><div\n\t\t\t\n\t\t\tclass=\"so-widget-sow-editor so-widget-sow-editor-base\"\n\t\t\t\n\t\t>\n<div class=\"siteorigin-widget-tinymce textwidget\">\n\t<p><img loading=\"lazy\" decoding=\"async\" class=\"alignnone size-full wp-image-1657\" src=\"http:\/\/bozovictennisacademy.com\/v3\/wp-content\/uploads\/2021\/10\/about_locations_hardhof.jpg\" alt=\"\" width=\"1920\" height=\"915\" srcset=\"https:\/\/bozovictennisacademy.com\/v3\/wp-content\/uploads\/2021\/10\/about_locations_hardhof.jpg 1920w, https:\/\/bozovictennisacademy.com\/v3\/wp-content\/uploads\/2021\/10\/about_locations_hardhof-300x143.jpg 300w, https:\/\/bozovictennisacademy.com\/v3\/wp-content\/uploads\/2021\/10\/about_locations_hardhof-1024x488.jpg 1024w, https:\/\/bozovictennisacademy.com\/v3\/wp-content\/uploads\/2021\/10\/about_locations_hardhof-768x366.jpg 768w, https:\/\/bozovictennisacademy.com\/v3\/wp-content\/uploads\/2021\/10\/about_locations_hardhof-1536x732.jpg 1536w\" sizes=\"auto, (max-width: 1920px) 100vw, 1920px\" \/><\/p>\n<p>Im Sommer nutzen wir die Aussenpl\u00e4tze des <strong>Hardhofs<\/strong> in Z\u00fcrich. Die in einer park\u00e4hnlichen Umgebung gelegene Sportanlage wird sowohl von unseren jugendlichen als auch von unseren erwachsenen Spielern sehr gesch\u00e4tzt. Die <strong>11 Sandpl\u00e4tze<\/strong> des Hardhofs sind vor allem f\u00fcr unsere Interclub-Spielerinnen und -Spieler von Vorteil, da sie ein ideales Umfeld f\u00fcr die Matchvorbereitung bieten.<\/p>\n<p>Auch in den Sommermonaten werden Trainingsstunden im <strong>VITIS<\/strong> fortgesetzt. Dank der klimatisierten Umgebung k\u00f6nnen die Spielerinnen und Spieler bequem trainieren, ohne von der Hitze oder dem schlechten Wetter beeintr\u00e4chtigt zu werden.<\/p>\n<p>Zusammenfassend l\u00e4sst sich sagen, dass unsere Partnerschaften und Standorte Ihnen alle M\u00f6glichkeiten bieten, Ihre Ziele in einer Umgebung zu erreichen, die Ihren Bed\u00fcrfnissen am besten entspricht.<\/p>\n<\/div>\n<\/div><\/div><\/div><\/div><\/div>","protected":false},"excerpt":{"rendered":"<p>Im April 2014 wurde die Bozovic Tennis Academy nach Z\u00fcrich verlegt, wo wir unsere Arbeit fortsetzten, uns weiterentwickelten und verbesserten. Im selben Jahr begannen wir, mit den besten Schweizer Junioren zu arbeiten.<\/p>\n","protected":false},"author":1,"featured_media":1657,"parent":2328,"menu_order":0,"comment_status":"closed","ping_status":"closed","template":"","meta":{"_acf_changed":false,"footnotes":""},"class_list":{"0":"post-2336","1":"page","2":"type-page","3":"status-publish","4":"has-post-thumbnail","6":"clearfix","7":"article"},"acf":[],"yoast_head":"<!-- This site is optimized with the Yoast SEO plugin v27.1.1 - https:\/\/yoast.com\/product\/yoast-seo-wordpress\/ -->\n<title>Standorte - Bozovic Tennis Academy<\/title>\n<meta name=\"description\" content=\"Im April 2014 wurde die Bozovic Tennis Academy nach Z\u00fcrich verlegt, wo wir unsere Arbeit fortsetzten, uns weiterentwickelten und verbesserten. Im selben Jahr begannen wir, mit den besten Schweizer Junioren zu arbeiten.\" \/>\n<meta name=\"robots\" content=\"index, follow, max-snippet:-1, max-image-preview:large, max-video-preview:-1\" \/>\n<link rel=\"canonical\" href=\"https:\/\/bozovictennisacademy.com\/v3\/de\/ueber-uns\/standorte\/\" \/>\n<meta property=\"og:locale\" content=\"en_US\" \/>\n<meta property=\"og:type\" content=\"article\" \/>\n<meta property=\"og:title\" content=\"Standorte - Bozovic Tennis Academy\" \/>\n<meta property=\"og:description\" content=\"Im April 2014 wurde die Bozovic Tennis Academy nach Z\u00fcrich verlegt, wo wir unsere Arbeit fortsetzten, uns weiterentwickelten und verbesserten. Im selben Jahr begannen wir, mit den besten Schweizer Junioren zu arbeiten.\" \/>\n<meta property=\"og:url\" content=\"https:\/\/bozovictennisacademy.com\/v3\/de\/ueber-uns\/standorte\/\" \/>\n<meta property=\"og:site_name\" content=\"Bozovic Tennis Academy\" \/>\n<meta property=\"article:publisher\" content=\"https:\/\/www.facebook.com\/bozovictennisacademy\/\" \/>\n<meta property=\"article:modified_time\" content=\"2025-09-17T16:53:38+00:00\" \/>\n<meta property=\"og:image\" content=\"https:\/\/bozovictennisacademy.com\/v3\/wp-content\/uploads\/2021\/10\/about_locations_hardhof.jpg\" \/>\n\t<meta property=\"og:image:width\" content=\"1920\" \/>\n\t<meta property=\"og:image:height\" content=\"915\" \/>\n\t<meta property=\"og:image:type\" content=\"image\/jpeg\" \/>\n<meta name=\"twitter:card\" content=\"summary_large_image\" \/>\n<meta name=\"twitter:label1\" content=\"Est. reading time\" \/>\n\t<meta name=\"twitter:data1\" content=\"3 minutes\" \/>\n<script type=\"application\/ld+json\" class=\"yoast-schema-graph\">{\"@context\":\"https:\/\/schema.org\",\"@graph\":[{\"@type\":\"WebPage\",\"@id\":\"https:\/\/bozovictennisacademy.com\/v3\/de\/ueber-uns\/standorte\/\",\"url\":\"https:\/\/bozovictennisacademy.com\/v3\/de\/ueber-uns\/standorte\/\",\"name\":\"Standorte - Bozovic Tennis Academy\",\"isPartOf\":{\"@id\":\"https:\/\/bozovictennisacademy.com\/v3\/#website\"},\"primaryImageOfPage\":{\"@id\":\"https:\/\/bozovictennisacademy.com\/v3\/de\/ueber-uns\/standorte\/#primaryimage\"},\"image\":{\"@id\":\"https:\/\/bozovictennisacademy.com\/v3\/de\/ueber-uns\/standorte\/#primaryimage\"},\"thumbnailUrl\":\"https:\/\/bozovictennisacademy.com\/v3\/wp-content\/uploads\/2021\/10\/about_locations_hardhof.jpg\",\"datePublished\":\"2022-05-09T10:19:19+00:00\",\"dateModified\":\"2025-09-17T16:53:38+00:00\",\"description\":\"Im April 2014 wurde die Bozovic Tennis Academy nach Z\u00fcrich verlegt, wo wir unsere Arbeit fortsetzten, uns weiterentwickelten und verbesserten. Im selben Jahr begannen wir, mit den besten Schweizer Junioren zu arbeiten.\",\"breadcrumb\":{\"@id\":\"https:\/\/bozovictennisacademy.com\/v3\/de\/ueber-uns\/standorte\/#breadcrumb\"},\"inLanguage\":\"en-US\",\"potentialAction\":[{\"@type\":\"ReadAction\",\"target\":[\"https:\/\/bozovictennisacademy.com\/v3\/de\/ueber-uns\/standorte\/\"]}]},{\"@type\":\"ImageObject\",\"inLanguage\":\"en-US\",\"@id\":\"https:\/\/bozovictennisacademy.com\/v3\/de\/ueber-uns\/standorte\/#primaryimage\",\"url\":\"https:\/\/bozovictennisacademy.com\/v3\/wp-content\/uploads\/2021\/10\/about_locations_hardhof.jpg\",\"contentUrl\":\"https:\/\/bozovictennisacademy.com\/v3\/wp-content\/uploads\/2021\/10\/about_locations_hardhof.jpg\",\"width\":1920,\"height\":915},{\"@type\":\"BreadcrumbList\",\"@id\":\"https:\/\/bozovictennisacademy.com\/v3\/de\/ueber-uns\/standorte\/#breadcrumb\",\"itemListElement\":[{\"@type\":\"ListItem\",\"position\":1,\"name\":\"Home\",\"item\":\"https:\/\/bozovictennisacademy.com\/v3\/\"},{\"@type\":\"ListItem\",\"position\":2,\"name\":\"\u00dcber uns\",\"item\":\"https:\/\/bozovictennisacademy.com\/v3\/de\/ueber-uns\/\"},{\"@type\":\"ListItem\",\"position\":3,\"name\":\"Standorte\"}]},{\"@type\":\"WebSite\",\"@id\":\"https:\/\/bozovictennisacademy.com\/v3\/#website\",\"url\":\"https:\/\/bozovictennisacademy.com\/v3\/\",\"name\":\"Bozovic Tennis Academy\",\"description\":\"\",\"potentialAction\":[{\"@type\":\"SearchAction\",\"target\":{\"@type\":\"EntryPoint\",\"urlTemplate\":\"https:\/\/bozovictennisacademy.com\/v3\/?s={search_term_string}\"},\"query-input\":{\"@type\":\"PropertyValueSpecification\",\"valueRequired\":true,\"valueName\":\"search_term_string\"}}],\"inLanguage\":\"en-US\"}]}<\/script>\n<!-- \/ Yoast SEO plugin. -->","yoast_head_json":{"title":"Standorte - Bozovic Tennis Academy","description":"Im April 2014 wurde die Bozovic Tennis Academy nach Z\u00fcrich verlegt, wo wir unsere Arbeit fortsetzten, uns weiterentwickelten und verbesserten. Im selben Jahr begannen wir, mit den besten Schweizer Junioren zu arbeiten.","robots":{"index":"index","follow":"follow","max-snippet":"max-snippet:-1","max-image-preview":"max-image-preview:large","max-video-preview":"max-video-preview:-1"},"canonical":"https:\/\/bozovictennisacademy.com\/v3\/de\/ueber-uns\/standorte\/","og_locale":"en_US","og_type":"article","og_title":"Standorte - Bozovic Tennis Academy","og_description":"Im April 2014 wurde die Bozovic Tennis Academy nach Z\u00fcrich verlegt, wo wir unsere Arbeit fortsetzten, uns weiterentwickelten und verbesserten. Im selben Jahr begannen wir, mit den besten Schweizer Junioren zu arbeiten.","og_url":"https:\/\/bozovictennisacademy.com\/v3\/de\/ueber-uns\/standorte\/","og_site_name":"Bozovic Tennis Academy","article_publisher":"https:\/\/www.facebook.com\/bozovictennisacademy\/","article_modified_time":"2025-09-17T16:53:38+00:00","og_image":[{"width":1920,"height":915,"url":"https:\/\/bozovictennisacademy.com\/v3\/wp-content\/uploads\/2021\/10\/about_locations_hardhof.jpg","type":"image\/jpeg"}],"twitter_card":"summary_large_image","twitter_misc":{"Est. reading time":"3 minutes"},"schema":{"@context":"https:\/\/schema.org","@graph":[{"@type":"WebPage","@id":"https:\/\/bozovictennisacademy.com\/v3\/de\/ueber-uns\/standorte\/","url":"https:\/\/bozovictennisacademy.com\/v3\/de\/ueber-uns\/standorte\/","name":"Standorte - Bozovic Tennis Academy","isPartOf":{"@id":"https:\/\/bozovictennisacademy.com\/v3\/#website"},"primaryImageOfPage":{"@id":"https:\/\/bozovictennisacademy.com\/v3\/de\/ueber-uns\/standorte\/#primaryimage"},"image":{"@id":"https:\/\/bozovictennisacademy.com\/v3\/de\/ueber-uns\/standorte\/#primaryimage"},"thumbnailUrl":"https:\/\/bozovictennisacademy.com\/v3\/wp-content\/uploads\/2021\/10\/about_locations_hardhof.jpg","datePublished":"2022-05-09T10:19:19+00:00","dateModified":"2025-09-17T16:53:38+00:00","description":"Im April 2014 wurde die Bozovic Tennis Academy nach Z\u00fcrich verlegt, wo wir unsere Arbeit fortsetzten, uns weiterentwickelten und verbesserten. Im selben Jahr begannen wir, mit den besten Schweizer Junioren zu arbeiten.","breadcrumb":{"@id":"https:\/\/bozovictennisacademy.com\/v3\/de\/ueber-uns\/standorte\/#breadcrumb"},"inLanguage":"en-US","potentialAction":[{"@type":"ReadAction","target":["https:\/\/bozovictennisacademy.com\/v3\/de\/ueber-uns\/standorte\/"]}]},{"@type":"ImageObject","inLanguage":"en-US","@id":"https:\/\/bozovictennisacademy.com\/v3\/de\/ueber-uns\/standorte\/#primaryimage","url":"https:\/\/bozovictennisacademy.com\/v3\/wp-content\/uploads\/2021\/10\/about_locations_hardhof.jpg","contentUrl":"https:\/\/bozovictennisacademy.com\/v3\/wp-content\/uploads\/2021\/10\/about_locations_hardhof.jpg","width":1920,"height":915},{"@type":"BreadcrumbList","@id":"https:\/\/bozovictennisacademy.com\/v3\/de\/ueber-uns\/standorte\/#breadcrumb","itemListElement":[{"@type":"ListItem","position":1,"name":"Home","item":"https:\/\/bozovictennisacademy.com\/v3\/"},{"@type":"ListItem","position":2,"name":"\u00dcber uns","item":"https:\/\/bozovictennisacademy.com\/v3\/de\/ueber-uns\/"},{"@type":"ListItem","position":3,"name":"Standorte"}]},{"@type":"WebSite","@id":"https:\/\/bozovictennisacademy.com\/v3\/#website","url":"https:\/\/bozovictennisacademy.com\/v3\/","name":"Bozovic Tennis Academy","description":"","potentialAction":[{"@type":"SearchAction","target":{"@type":"EntryPoint","urlTemplate":"https:\/\/bozovictennisacademy.com\/v3\/?s={search_term_string}"},"query-input":{"@type":"PropertyValueSpecification","valueRequired":true,"valueName":"search_term_string"}}],"inLanguage":"en-US"}]}},"_links":{"self":[{"href":"https:\/\/bozovictennisacademy.com\/v3\/wp-json\/wp\/v2\/pages\/2336","targetHints":{"allow":["GET"]}}],"collection":[{"href":"https:\/\/bozovictennisacademy.com\/v3\/wp-json\/wp\/v2\/pages"}],"about":[{"href":"https:\/\/bozovictennisacademy.com\/v3\/wp-json\/wp\/v2\/types\/page"}],"author":[{"embeddable":true,"href":"https:\/\/bozovictennisacademy.com\/v3\/wp-json\/wp\/v2\/users\/1"}],"replies":[{"embeddable":true,"href":"https:\/\/bozovictennisacademy.com\/v3\/wp-json\/wp\/v2\/comments?post=2336"}],"version-history":[{"count":13,"href":"https:\/\/bozovictennisacademy.com\/v3\/wp-json\/wp\/v2\/pages\/2336\/revisions"}],"predecessor-version":[{"id":5293,"href":"https:\/\/bozovictennisacademy.com\/v3\/wp-json\/wp\/v2\/pages\/2336\/revisions\/5293"}],"up":[{"embeddable":true,"href":"https:\/\/bozovictennisacademy.com\/v3\/wp-json\/wp\/v2\/pages\/2328"}],"wp:featuredmedia":[{"embeddable":true,"href":"https:\/\/bozovictennisacademy.com\/v3\/wp-json\/wp\/v2\/media\/1657"}],"wp:attachment":[{"href":"https:\/\/bozovictennisacademy.com\/v3\/wp-json\/wp\/v2\/media?parent=2336"}],"curies":[{"name":"wp","href":"https:\/\/api.w.org\/{rel}","templated":true}]}}