{"id":2361,"date":"2022-05-09T10:40:52","date_gmt":"2022-05-09T10:40:52","guid":{"rendered":"http:\/\/bozovictennisacademy.com\/v3\/?page_id=2361"},"modified":"2025-12-17T09:58:12","modified_gmt":"2025-12-17T09:58:12","slug":"alexandra-mikhailuk","status":"publish","type":"page","link":"https:\/\/bozovictennisacademy.com\/v3\/de\/our-team\/alexandra-mikhailuk\/","title":{"rendered":"Alexandra Mikhailuk"},"content":{"rendered":"<div id=\"pl-2361\"  class=\"panel-layout\" ><div id=\"pg-2361-0\"  class=\"panel-grid panel-no-style\" ><div id=\"pgc-2361-0-0\"  class=\"panel-grid-cell\" ><div id=\"panel-2361-0-0-0\" class=\"so-panel widget widget_pw_person_profile widget-person-profile panel-first-child panel-last-child\" data-index=\"0\" >\n\t<div class=\"person-profile  h-card\">\n\t\t\t\t\t\t\t\t\t\t<div class=\"person-profile__carousel\" >\n\t\t\t\t\t\t\t\t\t<div class=\"person-profile__carousel-item\">\n\t\t\t\t\t\t\t\t\t\t\t\t\t<img decoding=\"async\" class=\"person-profile__image  wp-post-image  u-photo\" src=\"https:\/\/bozovictennisacademy.com\/v3\/wp-content\/uploads\/2025\/12\/Alexandra-Mikhailuk-05.jpg\" alt=\"Picture of Alexandra Mikhailuk\">\n\t\t\t\t\t\t\t\t\t\t\t<\/div>\n\t\t\t\t\t\t\t<\/div>\n\t\t\t\t<div class=\"person-profile__container\">\n\t\t\t<div class=\"person-profile__basic-info\">\n\t\t\t\t\t\t\t\t\t<h4 class=\"person-profile__name  p-name\">\n\t\t\t\t\t\t\t\t\t\tAlexandra Mikhailuk\t\t\t\t\t\t\t\t\t\t<\/h4>\n\t\t\t\t\n\t\t\t\t\t\t\t\t\t<div class=\"person-profile__label\">\n\t\t\t\t\t\tTrainer\t\t\t\t\t<\/div>\n\t\t\t\t\n\t\t\t<\/div>\n\n\t\t\t\n\t\t\t\n\t\t\t\n\t\t\t\t\t\t\t<a class=\"btn  btn-secondary  btn-block  person-profile__button\" href=\"mailto:alexandra.mikhailuk@bozovictennisacademy.com\" target=\"_self\">Kontaktiere mich<\/a>\n\t\t\t\n\t\t<\/div>\n\t<\/div>\n\n<\/div><\/div><div id=\"pgc-2361-0-1\"  class=\"panel-grid-cell\" ><div id=\"panel-2361-0-1-0\" class=\"so-panel widget widget_sow-editor panel-first-child panel-last-child\" data-index=\"1\" ><div\n\t\t\t\n\t\t\tclass=\"so-widget-sow-editor so-widget-sow-editor-base\"\n\t\t\t\n\t\t><h3 class=\"widget-title\"><span class=\"widget-title__inline\">\u00dcber Alexandra<\/span><\/h3>\n<div class=\"siteorigin-widget-tinymce textwidget\">\n\t<p>Alex bringt eine seltene Mischung aus internationaler Trainererfahrung, sportpsychologischem Fachwissen und einem starken Hintergrund als Hochleistungssportlerin mit. Ihr moderner, strukturierter und spielerzentrierter Ansatz wird eine sofortige Bereicherung f\u00fcr alle Altersgruppen und Spielst\u00e4rken darstellen.<\/p>\n<p><strong>Trainererfahrung:<\/strong><\/p>\n<p>- Langj\u00e4hrige Trainererfahrung in Kanada und den USA<br \/>\n- T\u00e4tigkeit an Division-1-Universit\u00e4ten (einschlie\u00dflich der Mississippi State University)<br \/>\n- Umfangreiche Erfahrung mit Leistungs-Junioren, Erwachsenen und Kindern aller Spielst\u00e4rken<\/p>\n<p><strong>Sportliche Laufbahn:<\/strong><\/p>\n<p>- WTA Singles Nr. 812<br \/>\n- Top 20 der kanadischen Damen-Rangliste (Einzel)<br \/>\n- 2 ITF Junior Titel (Einzel)<br \/>\n- NCAA Division 1 Spielerin &amp; Mannschaftskapit\u00e4nin<\/p>\n<p><strong>Ausbildung \/ Qualifikationen:<\/strong><\/p>\n<p>- Tennis Professionals Association: Instructor-Zertifizierung<br \/>\n- Bachelor of Science in Psychologie<br \/>\n- Sprachen: Englisch (Muttersprache), Franz\u00f6sisch (C2), Russisch (C2), Deutsch (in Ausbildung)<\/p>\n<\/div>\n<\/div><\/div><\/div><\/div><\/div>","protected":false},"excerpt":{"rendered":"<p>Demn\u00e4chst verf\u00fcgbar&#8230;<\/p>\n","protected":false},"author":1,"featured_media":5402,"parent":2346,"menu_order":0,"comment_status":"closed","ping_status":"closed","template":"","meta":{"_acf_changed":false,"footnotes":""},"class_list":{"0":"post-2361","1":"page","2":"type-page","3":"status-publish","4":"has-post-thumbnail","6":"clearfix","7":"article"},"acf":[],"yoast_head":"<!-- This site is optimized with the Yoast SEO plugin v27.1.1 - https:\/\/yoast.com\/product\/yoast-seo-wordpress\/ -->\n<title>Alexandra Mikhailuk - Bozovic Tennis Academy<\/title>\n<meta name=\"description\" content=\"Demn\u00e4chst verf\u00fcgbar...\" \/>\n<meta name=\"robots\" content=\"index, follow, max-snippet:-1, max-image-preview:large, max-video-preview:-1\" \/>\n<link rel=\"canonical\" href=\"https:\/\/bozovictennisacademy.com\/v3\/de\/our-team\/alexandra-mikhailuk\/\" \/>\n<meta property=\"og:locale\" content=\"en_US\" \/>\n<meta property=\"og:type\" content=\"article\" \/>\n<meta property=\"og:title\" content=\"Alexandra Mikhailuk - Bozovic Tennis Academy\" \/>\n<meta property=\"og:description\" content=\"Demn\u00e4chst verf\u00fcgbar...\" \/>\n<meta property=\"og:url\" content=\"https:\/\/bozovictennisacademy.com\/v3\/de\/our-team\/alexandra-mikhailuk\/\" \/>\n<meta property=\"og:site_name\" content=\"Bozovic Tennis Academy\" \/>\n<meta property=\"article:publisher\" content=\"https:\/\/www.facebook.com\/bozovictennisacademy\/\" \/>\n<meta property=\"article:modified_time\" content=\"2025-12-17T09:58:12+00:00\" \/>\n<meta property=\"og:image\" content=\"https:\/\/bozovictennisacademy.com\/v3\/wp-content\/uploads\/2025\/12\/Alexandra-Mikhailuk-05.jpg\" \/>\n\t<meta property=\"og:image:width\" content=\"860\" \/>\n\t<meta property=\"og:image:height\" content=\"1290\" \/>\n\t<meta property=\"og:image:type\" content=\"image\/jpeg\" \/>\n<meta name=\"twitter:card\" content=\"summary_large_image\" \/>\n<meta name=\"twitter:label1\" content=\"Est. reading time\" \/>\n\t<meta name=\"twitter:data1\" content=\"1 minute\" \/>\n<script type=\"application\/ld+json\" class=\"yoast-schema-graph\">{\"@context\":\"https:\/\/schema.org\",\"@graph\":[{\"@type\":\"WebPage\",\"@id\":\"https:\/\/bozovictennisacademy.com\/v3\/de\/our-team\/alexandra-mikhailuk\/\",\"url\":\"https:\/\/bozovictennisacademy.com\/v3\/de\/our-team\/alexandra-mikhailuk\/\",\"name\":\"Alexandra Mikhailuk - Bozovic Tennis Academy\",\"isPartOf\":{\"@id\":\"https:\/\/bozovictennisacademy.com\/v3\/#website\"},\"primaryImageOfPage\":{\"@id\":\"https:\/\/bozovictennisacademy.com\/v3\/de\/our-team\/alexandra-mikhailuk\/#primaryimage\"},\"image\":{\"@id\":\"https:\/\/bozovictennisacademy.com\/v3\/de\/our-team\/alexandra-mikhailuk\/#primaryimage\"},\"thumbnailUrl\":\"https:\/\/bozovictennisacademy.com\/v3\/wp-content\/uploads\/2025\/12\/Alexandra-Mikhailuk-05.jpg\",\"datePublished\":\"2022-05-09T10:40:52+00:00\",\"dateModified\":\"2025-12-17T09:58:12+00:00\",\"description\":\"Demn\u00e4chst verf\u00fcgbar...\",\"breadcrumb\":{\"@id\":\"https:\/\/bozovictennisacademy.com\/v3\/de\/our-team\/alexandra-mikhailuk\/#breadcrumb\"},\"inLanguage\":\"en-US\",\"potentialAction\":[{\"@type\":\"ReadAction\",\"target\":[\"https:\/\/bozovictennisacademy.com\/v3\/de\/our-team\/alexandra-mikhailuk\/\"]}]},{\"@type\":\"ImageObject\",\"inLanguage\":\"en-US\",\"@id\":\"https:\/\/bozovictennisacademy.com\/v3\/de\/our-team\/alexandra-mikhailuk\/#primaryimage\",\"url\":\"https:\/\/bozovictennisacademy.com\/v3\/wp-content\/uploads\/2025\/12\/Alexandra-Mikhailuk-05.jpg\",\"contentUrl\":\"https:\/\/bozovictennisacademy.com\/v3\/wp-content\/uploads\/2025\/12\/Alexandra-Mikhailuk-05.jpg\",\"width\":860,\"height\":1290},{\"@type\":\"BreadcrumbList\",\"@id\":\"https:\/\/bozovictennisacademy.com\/v3\/de\/our-team\/alexandra-mikhailuk\/#breadcrumb\",\"itemListElement\":[{\"@type\":\"ListItem\",\"position\":1,\"name\":\"Home\",\"item\":\"https:\/\/bozovictennisacademy.com\/v3\/\"},{\"@type\":\"ListItem\",\"position\":2,\"name\":\"Team\",\"item\":\"https:\/\/bozovictennisacademy.com\/v3\/de\/our-team\/\"},{\"@type\":\"ListItem\",\"position\":3,\"name\":\"Alexandra Mikhailuk\"}]},{\"@type\":\"WebSite\",\"@id\":\"https:\/\/bozovictennisacademy.com\/v3\/#website\",\"url\":\"https:\/\/bozovictennisacademy.com\/v3\/\",\"name\":\"Bozovic Tennis Academy\",\"description\":\"\",\"potentialAction\":[{\"@type\":\"SearchAction\",\"target\":{\"@type\":\"EntryPoint\",\"urlTemplate\":\"https:\/\/bozovictennisacademy.com\/v3\/?s={search_term_string}\"},\"query-input\":{\"@type\":\"PropertyValueSpecification\",\"valueRequired\":true,\"valueName\":\"search_term_string\"}}],\"inLanguage\":\"en-US\"}]}<\/script>\n<!-- \/ Yoast SEO plugin. -->","yoast_head_json":{"title":"Alexandra Mikhailuk - Bozovic Tennis Academy","description":"Demn\u00e4chst verf\u00fcgbar...","robots":{"index":"index","follow":"follow","max-snippet":"max-snippet:-1","max-image-preview":"max-image-preview:large","max-video-preview":"max-video-preview:-1"},"canonical":"https:\/\/bozovictennisacademy.com\/v3\/de\/our-team\/alexandra-mikhailuk\/","og_locale":"en_US","og_type":"article","og_title":"Alexandra Mikhailuk - Bozovic Tennis Academy","og_description":"Demn\u00e4chst verf\u00fcgbar...","og_url":"https:\/\/bozovictennisacademy.com\/v3\/de\/our-team\/alexandra-mikhailuk\/","og_site_name":"Bozovic Tennis Academy","article_publisher":"https:\/\/www.facebook.com\/bozovictennisacademy\/","article_modified_time":"2025-12-17T09:58:12+00:00","og_image":[{"width":860,"height":1290,"url":"https:\/\/bozovictennisacademy.com\/v3\/wp-content\/uploads\/2025\/12\/Alexandra-Mikhailuk-05.jpg","type":"image\/jpeg"}],"twitter_card":"summary_large_image","twitter_misc":{"Est. reading time":"1 minute"},"schema":{"@context":"https:\/\/schema.org","@graph":[{"@type":"WebPage","@id":"https:\/\/bozovictennisacademy.com\/v3\/de\/our-team\/alexandra-mikhailuk\/","url":"https:\/\/bozovictennisacademy.com\/v3\/de\/our-team\/alexandra-mikhailuk\/","name":"Alexandra Mikhailuk - Bozovic Tennis Academy","isPartOf":{"@id":"https:\/\/bozovictennisacademy.com\/v3\/#website"},"primaryImageOfPage":{"@id":"https:\/\/bozovictennisacademy.com\/v3\/de\/our-team\/alexandra-mikhailuk\/#primaryimage"},"image":{"@id":"https:\/\/bozovictennisacademy.com\/v3\/de\/our-team\/alexandra-mikhailuk\/#primaryimage"},"thumbnailUrl":"https:\/\/bozovictennisacademy.com\/v3\/wp-content\/uploads\/2025\/12\/Alexandra-Mikhailuk-05.jpg","datePublished":"2022-05-09T10:40:52+00:00","dateModified":"2025-12-17T09:58:12+00:00","description":"Demn\u00e4chst verf\u00fcgbar...","breadcrumb":{"@id":"https:\/\/bozovictennisacademy.com\/v3\/de\/our-team\/alexandra-mikhailuk\/#breadcrumb"},"inLanguage":"en-US","potentialAction":[{"@type":"ReadAction","target":["https:\/\/bozovictennisacademy.com\/v3\/de\/our-team\/alexandra-mikhailuk\/"]}]},{"@type":"ImageObject","inLanguage":"en-US","@id":"https:\/\/bozovictennisacademy.com\/v3\/de\/our-team\/alexandra-mikhailuk\/#primaryimage","url":"https:\/\/bozovictennisacademy.com\/v3\/wp-content\/uploads\/2025\/12\/Alexandra-Mikhailuk-05.jpg","contentUrl":"https:\/\/bozovictennisacademy.com\/v3\/wp-content\/uploads\/2025\/12\/Alexandra-Mikhailuk-05.jpg","width":860,"height":1290},{"@type":"BreadcrumbList","@id":"https:\/\/bozovictennisacademy.com\/v3\/de\/our-team\/alexandra-mikhailuk\/#breadcrumb","itemListElement":[{"@type":"ListItem","position":1,"name":"Home","item":"https:\/\/bozovictennisacademy.com\/v3\/"},{"@type":"ListItem","position":2,"name":"Team","item":"https:\/\/bozovictennisacademy.com\/v3\/de\/our-team\/"},{"@type":"ListItem","position":3,"name":"Alexandra Mikhailuk"}]},{"@type":"WebSite","@id":"https:\/\/bozovictennisacademy.com\/v3\/#website","url":"https:\/\/bozovictennisacademy.com\/v3\/","name":"Bozovic Tennis Academy","description":"","potentialAction":[{"@type":"SearchAction","target":{"@type":"EntryPoint","urlTemplate":"https:\/\/bozovictennisacademy.com\/v3\/?s={search_term_string}"},"query-input":{"@type":"PropertyValueSpecification","valueRequired":true,"valueName":"search_term_string"}}],"inLanguage":"en-US"}]}},"_links":{"self":[{"href":"https:\/\/bozovictennisacademy.com\/v3\/wp-json\/wp\/v2\/pages\/2361","targetHints":{"allow":["GET"]}}],"collection":[{"href":"https:\/\/bozovictennisacademy.com\/v3\/wp-json\/wp\/v2\/pages"}],"about":[{"href":"https:\/\/bozovictennisacademy.com\/v3\/wp-json\/wp\/v2\/types\/page"}],"author":[{"embeddable":true,"href":"https:\/\/bozovictennisacademy.com\/v3\/wp-json\/wp\/v2\/users\/1"}],"replies":[{"embeddable":true,"href":"https:\/\/bozovictennisacademy.com\/v3\/wp-json\/wp\/v2\/comments?post=2361"}],"version-history":[{"count":16,"href":"https:\/\/bozovictennisacademy.com\/v3\/wp-json\/wp\/v2\/pages\/2361\/revisions"}],"predecessor-version":[{"id":2366,"href":"https:\/\/bozovictennisacademy.com\/v3\/wp-json\/wp\/v2\/pages\/2361\/revisions\/2366"}],"up":[{"embeddable":true,"href":"https:\/\/bozovictennisacademy.com\/v3\/wp-json\/wp\/v2\/pages\/2346"}],"wp:featuredmedia":[{"embeddable":true,"href":"https:\/\/bozovictennisacademy.com\/v3\/wp-json\/wp\/v2\/media\/5402"}],"wp:attachment":[{"href":"https:\/\/bozovictennisacademy.com\/v3\/wp-json\/wp\/v2\/media?parent=2361"}],"curies":[{"name":"wp","href":"https:\/\/api.w.org\/{rel}","templated":true}]}}