{"id":2370,"date":"2022-05-09T10:46:34","date_gmt":"2022-05-09T10:46:34","guid":{"rendered":"http:\/\/bozovictennisacademy.com\/v3\/?page_id=2370"},"modified":"2025-12-03T21:05:09","modified_gmt":"2025-12-03T21:05:09","slug":"bojan-bozovic","status":"publish","type":"page","link":"https:\/\/bozovictennisacademy.com\/v3\/de\/our-team\/bojan-bozovic\/","title":{"rendered":"Bojan Bozovic"},"content":{"rendered":"<div id=\"pl-2370\"  class=\"panel-layout\" ><div id=\"pg-2370-0\"  class=\"panel-grid panel-no-style\" ><div id=\"pgc-2370-0-0\"  class=\"panel-grid-cell\" ><div id=\"panel-2370-0-0-0\" class=\"so-panel widget widget_pw_person_profile widget-person-profile panel-first-child panel-last-child\" data-index=\"0\" >\n\t<div class=\"person-profile  h-card\">\n\t\t\t\t\t\t\t\t\t\t<div class=\"person-profile__carousel\" >\n\t\t\t\t\t\t\t\t\t<div class=\"person-profile__carousel-item\">\n\t\t\t\t\t\t\t\t\t\t\t\t\t<img decoding=\"async\" class=\"person-profile__image  wp-post-image  u-photo\" src=\"https:\/\/bozovictennisacademy.com\/v3\/wp-content\/uploads\/2025\/12\/Bojan-Bozovic-05.jpg\" alt=\"Picture of Bojan Bozovic\">\n\t\t\t\t\t\t\t\t\t\t\t<\/div>\n\t\t\t\t\t\t\t<\/div>\n\t\t\t\t<div class=\"person-profile__container\">\n\t\t\t<div class=\"person-profile__basic-info\">\n\t\t\t\t\t\t\t\t\t<h4 class=\"person-profile__name  p-name\">\n\t\t\t\t\t\t\t\t\t\tBojan Bozovic\t\t\t\t\t\t\t\t\t\t<\/h4>\n\t\t\t\t\n\t\t\t\t\t\t\t\t\t<div class=\"person-profile__label\">\n\t\t\t\t\t\tCEO &amp; Cheftrainer\t\t\t\t\t<\/div>\n\t\t\t\t\n\t\t\t<\/div>\n\n\t\t\t\n\t\t\t\n\t\t\t\n\t\t\t\t\t\t\t<a class=\"btn  btn-secondary  btn-block  person-profile__button\" href=\"mailto:office@bozovictennisacademy.com\" target=\"_self\">Kontaktiere mich<\/a>\n\t\t\t\n\t\t<\/div>\n\t<\/div>\n\n<\/div><\/div><div id=\"pgc-2370-0-1\"  class=\"panel-grid-cell\" ><div id=\"panel-2370-0-1-0\" class=\"so-panel widget widget_sow-editor panel-first-child\" data-index=\"1\" ><div\n\t\t\t\n\t\t\tclass=\"so-widget-sow-editor so-widget-sow-editor-base\"\n\t\t\t\n\t\t><h3 class=\"widget-title\"><span class=\"widget-title__inline\">\u00dcber Bojan<\/span><\/h3>\n<div class=\"siteorigin-widget-tinymce textwidget\">\n\t<p>Bojan Bozovic kam 2012 als junger Mann in die Schweiz, fleissig, ehrgeizig und mit einer Vision. Er war ein junger und erfolgreicher Tennisspieler mit starken neuen Ideen, welche die Umsetzung von Verantwortung und Zuverl\u00e4ssigkeit f\u00fcr die Zukunft f\u00f6rdern. Diese Ideen haben sich positiv ausgewirkt.<\/p>\n<p>Er hat sich sofort mit grossem Einsatz an die Arbeit gemacht und einen Weg zur Verwirklichung seines Ziels, n\u00e4mlich die Gr\u00fcndung einer Tennisakademie, erarbeitet. Er wusste, dass Fleiss und Ausdauer seine St\u00e4rken und diese oft essenziell f\u00fcr den Erfolg sind. Schliesslich gr\u00fcndete er 2014 seine Akademie, in der er als Tennistrainer arbeitete und gleichzeitig die Position des Pr\u00e4sidenten und Gesch\u00e4ftsf\u00fchrers (CEO) innehatte. Sein Hauptaugenmerk besteht nun darin, die Akademie systematisch und fortlaufend voranzubringen, hinsichtlich Entwicklung und Organisation. Dazu geh\u00f6rt auch die Beaufsichtigung des Tagesgesch\u00e4fts und Entscheidungen der Gesch\u00e4ftsleitung sowie die Entwicklung, Umsetzung und Durchf\u00fchrung der kurz- und langfristigen Vorhaben der Akademie.<\/p>\n<p>\"Erfolg beginnt mit der Denkweise: die richtige Idee, die richtige Motivation und einem echten Zielbewusstsein. Verantwortung und harte Arbeit sind das perfekte Erfolgsrezept. Eine wunderbare Definition von Gl\u00fcck ist, wenn man den Punkt erreicht, an dem man hinter sich schaut und sieht, dass man seine Ziele erreicht hat,<br \/>\nzufrieden ist und das Leben einen Sinn hat.\"<\/p>\n<p>Bojan verbrachte 25 Jahre seines Lebens als Tennisspieler und sp\u00e4ter als Trainer. Er hatte Gl\u00fcck, Mentoren wie Goran Zindovic, Bozidar Matic, Sascha Rudolph, Novak Djokovic, Marian Vajda und Miljan Amanovic zu haben, die ihn begleiteten und bei seiner Entwicklung unterst\u00fctzten. Auf seinem Weg hat er von all diesen Menschen gelernt und von jedem etwas Positives mitgenommen. Sie haben ihn gelehrt, dass AUSBILDUNG und RESPEKT f\u00fcr das Tennisspiel von grosser Bedeutung sind, um das beste Tenniswissen und Spielerfahrung zu erlangen.<\/p>\n<p>Bojan hat seine Spieler ausgebildet und sich darauf konzentriert, Trainer und Spieler in seiner Akademie jeden Tag ein weiteres St\u00fcck zu verbessern. Er ist einer der wenigen Tennistrainer, die stolz sein k\u00f6nnen, selbst Europameister zu sein. Aber auch als Trainer hat er einen seiner Spieler zum Erfolg gef\u00fchrt: Er entdeckte und f\u00f6rderte den aktuellen Europameister im Tennis in der U14-Konkurrenz \u2013 Nikola Djosic. Die Bozovic Tennis Academy war drei Jahre lang Djosic Tennisheimat. Heute steht Djosic als grosse Hoffnung des Schweizer Tennissports im Ausbildungsprogramm des Schweizer Tennisverbandes und des nationalen Zentrums in Biel. Die Bozovic Tennis Academy pflegt eine enge Zusammenarbeit mit dem Schweizer Tennisverband, der die Arbeit von Bojans Akademie in einem Brief, der an alle Schweizer Clubs geschickt wurde, \u00f6ffentlich gelobt hat als Beispiel eines erfolgreichen Weges.<\/p>\n<p>\"Er wird immer ein Teil unsere Akademie sein und wir sind sehr stolz auf alles, was er und die Bozovic Tennis Academy in kurzer Zeit erreicht haben. Wir w\u00fcnschen Nikola weitere Goldmedaillen und dass wir auch in Zukunft neue Tennisstars hervorbringen.\"<\/p>\n<p>Ausserdem war Bojan 2021 als Sportdirektor des Novak Tenniszentrum in Belgrad als einer der Hauptverantwortlichen f\u00fcr den Aufbau des Konzepts, der Organisation und der Gr\u00fcndung der Novak Tennis Academy zust\u00e4ndig. Zudem hat er beim Aufbau eines Tennisclubs in Foca, Bosnien-Herzegowina, geholfen. Neben dem Aufbau einer guten Struktur plant er dort, Tennisturniere zu organisieren.<\/p>\n<p>Geburtsdatum: 23. Februar 1987<br \/>\nGeburtsort: Belgrad (Serbien)<br \/>\nSprachen: Englisch, Serbisch<\/p>\n<p><strong>Spieler-Highlights:<\/strong><\/p>\n<p>- Landesmeister U14 (2001) - Europameister im Mannschaftswettbewerb U14 (2001)<br \/>\n- Europameister U14 im Doppel mit Novak Djokovic (2001)<br \/>\n- Zweiter Platz bei der Weltmeisterschaft im Mannschaftswettbewerb U14 (2001)<br \/>\n- Sechzehnter Platz in der ETA-Rangliste U14 (2001)<br \/>\n- Landesmeister U16 (2003)<br \/>\n- Mit TK Partizan \u2013 Landesmeister im Mannschaftswettbewerb U16 (2003)<br \/>\n- Staatsmeister der Senioren (2003)<br \/>\n- Europameisterschaft \u2013 Meister im U16-Teamwettbewerb (2003)<br \/>\n- F\u00fcnfter bei der U16-Weltmeisterschaft (2003)<br \/>\n- Siebzehnter in der ETA-Rangliste (2003)<br \/>\n- Landesmeister im U18 Mannschaftswettbewerb (2004) - Bundesmeister im U18-<br \/>\nMannschaftswettbewerb mit TK Partizan (2004)<br \/>\n- Staatsmeister der Senioren mit TK Partizan (2004)<\/p>\n<p><strong>Trainer-Highlights:<\/strong><\/p>\n<p>- Sparringspartner von Novak Djokovic (# 1 ATP im Einzel)<br \/>\n- Sparringspartner von Richard Gasquet (ehemals #7 ATP im Einzel), Janko Tipsarevic<br \/>\n(ehemals #8 ATP im Einzel), Viktor Troicki (ehemals #12 ATP im Einzel), Ana<br \/>\nIvanovic (ehemals #1 WTA im Einzel)<br \/>\n- Lizenzierter Trainer - Lizenz GPTCA (B)<br \/>\n- Arbeitete mit einigen der besten Junioren in Serbien zusammen: Natasa Zoric (ehemals #388 WTA im Einzel), Kristina Ostojic (Nr.2 in Serbien U18), Predrag Marjanovic (Nr.1 in Serbien U16), Ivana Draskovic (Nr.2 in Serbien U16), Stefan Dinic (Nr.10 in Serbien U14), Anastasija Cobanovic (Nr.2 in Serbien U14)...<br \/>\n- Arbeitete mit vielen der besten Schweizer Junioren zusammen: Nikola Djosic,<br \/>\nEduardo Caligiuri, Noel Bachmann, Robin Rutishauser, Pietro Cavallaro, Teodora<br \/>\nIvanovic, Leon Gabriell, Filippos Psomas, Cedric Rudolph, Timon Rudolph, Giordan<br \/>\nKunz, Benjamin Kilchherr, Nico B\u00e4rlocher, Kim Leo Stutz, Chiara Frapolli, Chiara<br \/>\nMerico, Alex Haagmans, Nico Vuckovic, Norman Hauri, Dzenita Zverotic, Tom Cecchetto...<\/p>\n<\/div>\n<\/div><\/div><div id=\"panel-2370-0-1-1\" class=\"so-panel widget widget_pw_notice widget-notice\" data-index=\"2\" ><div class=\"panel-widget-style panel-widget-style-for-2370-0-1-1\" >\t\t\t<div class=\"important-notice\">\n\t\t\t\t<div class=\"important-notice__label\" style=\"background-color: #81d742;\">\n\t\t\t\t\t<i class=\"fa  fa-info-circle\" aria-hidden=\"true\"><\/i>\n\t\t\t\t\t<div class=\"important-notice__label-text\">\n\t\t\t\t\t\t\t\t\t\t\t<\/div>\n\t\t\t\t<\/div>\n\t\t\t\t<div class=\"important-notice__text\">\n\t\t\t\t\t\t2001 ehrte ihn der damalige Premierminister Serbiens, Zoran Djindjic, mit einem Dankesschreiben des Ministeriums f\u00fcr Jugend und Sport f\u00fcr die Entwicklung und den Beitrag zum Sport und die Steigerung des Ansehens seines Landes.\t\t\t\t<\/div>\n\t\t\t<\/div>\n\t\t<\/div><\/div><div id=\"panel-2370-0-1-2\" class=\"so-panel widget widget_sow-editor panel-last-child\" data-index=\"3\" ><div\n\t\t\t\n\t\t\tclass=\"so-widget-sow-editor so-widget-sow-editor-base\"\n\t\t\t\n\t\t>\n<div class=\"siteorigin-widget-tinymce textwidget\">\n\t<h3>Google Reviews<\/h3>\n<p><img loading=\"lazy\" decoding=\"async\" class=\"alignnone size-full wp-image-4078\" src=\"https:\/\/bozovictennisacademy.com\/v3\/wp-content\/uploads\/2024\/03\/Reviews_Bojan_1.jpg\" alt=\"\" width=\"345\" height=\"335\" srcset=\"https:\/\/bozovictennisacademy.com\/v3\/wp-content\/uploads\/2024\/03\/Reviews_Bojan_1.jpg 345w, https:\/\/bozovictennisacademy.com\/v3\/wp-content\/uploads\/2024\/03\/Reviews_Bojan_1-300x291.jpg 300w\" sizes=\"auto, (max-width: 345px) 100vw, 345px\" \/><\/p>\n<p><img loading=\"lazy\" decoding=\"async\" class=\"alignnone size-full wp-image-4079\" src=\"https:\/\/bozovictennisacademy.com\/v3\/wp-content\/uploads\/2024\/03\/Reviews_Bojan_2.jpg\" alt=\"\" width=\"345\" height=\"298\" srcset=\"https:\/\/bozovictennisacademy.com\/v3\/wp-content\/uploads\/2024\/03\/Reviews_Bojan_2.jpg 345w, https:\/\/bozovictennisacademy.com\/v3\/wp-content\/uploads\/2024\/03\/Reviews_Bojan_2-300x259.jpg 300w\" sizes=\"auto, (max-width: 345px) 100vw, 345px\" \/><\/p>\n<\/div>\n<\/div><\/div><\/div><\/div><\/div>","protected":false},"excerpt":{"rendered":"<p>Bojan Bozovic kam 2012 als junger Mann in die Schweiz, fleissig, ehrgeizig und mit einer Vision. Er war ein junger und erfolgreicher Tennisspieler mit starken neuen Ideen, welche die Umsetzung von Verantwortung und Zuverl\u00e4ssigkeit f\u00fcr die Zukunft f\u00f6rdern. Diese Ideen haben sich positiv ausgewirkt. <\/p>\n","protected":false},"author":1,"featured_media":1095,"parent":2346,"menu_order":0,"comment_status":"closed","ping_status":"closed","template":"","meta":{"_acf_changed":false,"footnotes":""},"class_list":{"0":"post-2370","1":"page","2":"type-page","3":"status-publish","4":"has-post-thumbnail","6":"clearfix","7":"article"},"acf":[],"yoast_head":"<!-- This site is optimized with the Yoast SEO plugin v27.1.1 - https:\/\/yoast.com\/product\/yoast-seo-wordpress\/ -->\n<title>Bojan Bozovic - Bozovic Tennis Academy<\/title>\n<meta name=\"description\" content=\"Bojan Bozovic kam 2012 als junger Mann in die Schweiz, fleissig, ehrgeizig und mit einer Vision. Er war ein junger und erfolgreicher Tennisspieler mit starken neuen Ideen, welche die Umsetzung von Verantwortung und Zuverl\u00e4ssigkeit f\u00fcr die Zukunft f\u00f6rdern. Diese Ideen haben sich positiv ausgewirkt.\" \/>\n<meta name=\"robots\" content=\"index, follow, max-snippet:-1, max-image-preview:large, max-video-preview:-1\" \/>\n<link rel=\"canonical\" href=\"https:\/\/bozovictennisacademy.com\/v3\/de\/our-team\/bojan-bozovic\/\" \/>\n<meta property=\"og:locale\" content=\"en_US\" \/>\n<meta property=\"og:type\" content=\"article\" \/>\n<meta property=\"og:title\" content=\"Bojan Bozovic - Bozovic Tennis Academy\" \/>\n<meta property=\"og:description\" content=\"Bojan Bozovic kam 2012 als junger Mann in die Schweiz, fleissig, ehrgeizig und mit einer Vision. Er war ein junger und erfolgreicher Tennisspieler mit starken neuen Ideen, welche die Umsetzung von Verantwortung und Zuverl\u00e4ssigkeit f\u00fcr die Zukunft f\u00f6rdern. Diese Ideen haben sich positiv ausgewirkt.\" \/>\n<meta property=\"og:url\" content=\"https:\/\/bozovictennisacademy.com\/v3\/de\/our-team\/bojan-bozovic\/\" \/>\n<meta property=\"og:site_name\" content=\"Bozovic Tennis Academy\" \/>\n<meta property=\"article:publisher\" content=\"https:\/\/www.facebook.com\/bozovictennisacademy\/\" \/>\n<meta property=\"article:modified_time\" content=\"2025-12-03T21:05:09+00:00\" \/>\n<meta property=\"og:image\" content=\"https:\/\/bozovictennisacademy.com\/v3\/wp-content\/uploads\/2021\/10\/Bojan_small.jpg\" \/>\n\t<meta property=\"og:image:width\" content=\"860\" \/>\n\t<meta property=\"og:image:height\" content=\"645\" \/>\n\t<meta property=\"og:image:type\" content=\"image\/jpeg\" \/>\n<meta name=\"twitter:card\" content=\"summary_large_image\" \/>\n<meta name=\"twitter:label1\" content=\"Est. reading time\" \/>\n\t<meta name=\"twitter:data1\" content=\"5 minutes\" \/>\n<script type=\"application\/ld+json\" class=\"yoast-schema-graph\">{\"@context\":\"https:\/\/schema.org\",\"@graph\":[{\"@type\":\"WebPage\",\"@id\":\"https:\/\/bozovictennisacademy.com\/v3\/de\/our-team\/bojan-bozovic\/\",\"url\":\"https:\/\/bozovictennisacademy.com\/v3\/de\/our-team\/bojan-bozovic\/\",\"name\":\"Bojan Bozovic - Bozovic Tennis Academy\",\"isPartOf\":{\"@id\":\"https:\/\/bozovictennisacademy.com\/v3\/#website\"},\"primaryImageOfPage\":{\"@id\":\"https:\/\/bozovictennisacademy.com\/v3\/de\/our-team\/bojan-bozovic\/#primaryimage\"},\"image\":{\"@id\":\"https:\/\/bozovictennisacademy.com\/v3\/de\/our-team\/bojan-bozovic\/#primaryimage\"},\"thumbnailUrl\":\"https:\/\/bozovictennisacademy.com\/v3\/wp-content\/uploads\/2021\/10\/Bojan_small.jpg\",\"datePublished\":\"2022-05-09T10:46:34+00:00\",\"dateModified\":\"2025-12-03T21:05:09+00:00\",\"description\":\"Bojan Bozovic kam 2012 als junger Mann in die Schweiz, fleissig, ehrgeizig und mit einer Vision. Er war ein junger und erfolgreicher Tennisspieler mit starken neuen Ideen, welche die Umsetzung von Verantwortung und Zuverl\u00e4ssigkeit f\u00fcr die Zukunft f\u00f6rdern. Diese Ideen haben sich positiv ausgewirkt.\",\"breadcrumb\":{\"@id\":\"https:\/\/bozovictennisacademy.com\/v3\/de\/our-team\/bojan-bozovic\/#breadcrumb\"},\"inLanguage\":\"en-US\",\"potentialAction\":[{\"@type\":\"ReadAction\",\"target\":[\"https:\/\/bozovictennisacademy.com\/v3\/de\/our-team\/bojan-bozovic\/\"]}]},{\"@type\":\"ImageObject\",\"inLanguage\":\"en-US\",\"@id\":\"https:\/\/bozovictennisacademy.com\/v3\/de\/our-team\/bojan-bozovic\/#primaryimage\",\"url\":\"https:\/\/bozovictennisacademy.com\/v3\/wp-content\/uploads\/2021\/10\/Bojan_small.jpg\",\"contentUrl\":\"https:\/\/bozovictennisacademy.com\/v3\/wp-content\/uploads\/2021\/10\/Bojan_small.jpg\",\"width\":860,\"height\":645},{\"@type\":\"BreadcrumbList\",\"@id\":\"https:\/\/bozovictennisacademy.com\/v3\/de\/our-team\/bojan-bozovic\/#breadcrumb\",\"itemListElement\":[{\"@type\":\"ListItem\",\"position\":1,\"name\":\"Home\",\"item\":\"https:\/\/bozovictennisacademy.com\/v3\/\"},{\"@type\":\"ListItem\",\"position\":2,\"name\":\"Team\",\"item\":\"https:\/\/bozovictennisacademy.com\/v3\/de\/our-team\/\"},{\"@type\":\"ListItem\",\"position\":3,\"name\":\"Bojan Bozovic\"}]},{\"@type\":\"WebSite\",\"@id\":\"https:\/\/bozovictennisacademy.com\/v3\/#website\",\"url\":\"https:\/\/bozovictennisacademy.com\/v3\/\",\"name\":\"Bozovic Tennis Academy\",\"description\":\"\",\"potentialAction\":[{\"@type\":\"SearchAction\",\"target\":{\"@type\":\"EntryPoint\",\"urlTemplate\":\"https:\/\/bozovictennisacademy.com\/v3\/?s={search_term_string}\"},\"query-input\":{\"@type\":\"PropertyValueSpecification\",\"valueRequired\":true,\"valueName\":\"search_term_string\"}}],\"inLanguage\":\"en-US\"}]}<\/script>\n<!-- \/ Yoast SEO plugin. -->","yoast_head_json":{"title":"Bojan Bozovic - Bozovic Tennis Academy","description":"Bojan Bozovic kam 2012 als junger Mann in die Schweiz, fleissig, ehrgeizig und mit einer Vision. Er war ein junger und erfolgreicher Tennisspieler mit starken neuen Ideen, welche die Umsetzung von Verantwortung und Zuverl\u00e4ssigkeit f\u00fcr die Zukunft f\u00f6rdern. Diese Ideen haben sich positiv ausgewirkt.","robots":{"index":"index","follow":"follow","max-snippet":"max-snippet:-1","max-image-preview":"max-image-preview:large","max-video-preview":"max-video-preview:-1"},"canonical":"https:\/\/bozovictennisacademy.com\/v3\/de\/our-team\/bojan-bozovic\/","og_locale":"en_US","og_type":"article","og_title":"Bojan Bozovic - Bozovic Tennis Academy","og_description":"Bojan Bozovic kam 2012 als junger Mann in die Schweiz, fleissig, ehrgeizig und mit einer Vision. Er war ein junger und erfolgreicher Tennisspieler mit starken neuen Ideen, welche die Umsetzung von Verantwortung und Zuverl\u00e4ssigkeit f\u00fcr die Zukunft f\u00f6rdern. Diese Ideen haben sich positiv ausgewirkt.","og_url":"https:\/\/bozovictennisacademy.com\/v3\/de\/our-team\/bojan-bozovic\/","og_site_name":"Bozovic Tennis Academy","article_publisher":"https:\/\/www.facebook.com\/bozovictennisacademy\/","article_modified_time":"2025-12-03T21:05:09+00:00","og_image":[{"width":860,"height":645,"url":"https:\/\/bozovictennisacademy.com\/v3\/wp-content\/uploads\/2021\/10\/Bojan_small.jpg","type":"image\/jpeg"}],"twitter_card":"summary_large_image","twitter_misc":{"Est. reading time":"5 minutes"},"schema":{"@context":"https:\/\/schema.org","@graph":[{"@type":"WebPage","@id":"https:\/\/bozovictennisacademy.com\/v3\/de\/our-team\/bojan-bozovic\/","url":"https:\/\/bozovictennisacademy.com\/v3\/de\/our-team\/bojan-bozovic\/","name":"Bojan Bozovic - Bozovic Tennis Academy","isPartOf":{"@id":"https:\/\/bozovictennisacademy.com\/v3\/#website"},"primaryImageOfPage":{"@id":"https:\/\/bozovictennisacademy.com\/v3\/de\/our-team\/bojan-bozovic\/#primaryimage"},"image":{"@id":"https:\/\/bozovictennisacademy.com\/v3\/de\/our-team\/bojan-bozovic\/#primaryimage"},"thumbnailUrl":"https:\/\/bozovictennisacademy.com\/v3\/wp-content\/uploads\/2021\/10\/Bojan_small.jpg","datePublished":"2022-05-09T10:46:34+00:00","dateModified":"2025-12-03T21:05:09+00:00","description":"Bojan Bozovic kam 2012 als junger Mann in die Schweiz, fleissig, ehrgeizig und mit einer Vision. Er war ein junger und erfolgreicher Tennisspieler mit starken neuen Ideen, welche die Umsetzung von Verantwortung und Zuverl\u00e4ssigkeit f\u00fcr die Zukunft f\u00f6rdern. Diese Ideen haben sich positiv ausgewirkt.","breadcrumb":{"@id":"https:\/\/bozovictennisacademy.com\/v3\/de\/our-team\/bojan-bozovic\/#breadcrumb"},"inLanguage":"en-US","potentialAction":[{"@type":"ReadAction","target":["https:\/\/bozovictennisacademy.com\/v3\/de\/our-team\/bojan-bozovic\/"]}]},{"@type":"ImageObject","inLanguage":"en-US","@id":"https:\/\/bozovictennisacademy.com\/v3\/de\/our-team\/bojan-bozovic\/#primaryimage","url":"https:\/\/bozovictennisacademy.com\/v3\/wp-content\/uploads\/2021\/10\/Bojan_small.jpg","contentUrl":"https:\/\/bozovictennisacademy.com\/v3\/wp-content\/uploads\/2021\/10\/Bojan_small.jpg","width":860,"height":645},{"@type":"BreadcrumbList","@id":"https:\/\/bozovictennisacademy.com\/v3\/de\/our-team\/bojan-bozovic\/#breadcrumb","itemListElement":[{"@type":"ListItem","position":1,"name":"Home","item":"https:\/\/bozovictennisacademy.com\/v3\/"},{"@type":"ListItem","position":2,"name":"Team","item":"https:\/\/bozovictennisacademy.com\/v3\/de\/our-team\/"},{"@type":"ListItem","position":3,"name":"Bojan Bozovic"}]},{"@type":"WebSite","@id":"https:\/\/bozovictennisacademy.com\/v3\/#website","url":"https:\/\/bozovictennisacademy.com\/v3\/","name":"Bozovic Tennis Academy","description":"","potentialAction":[{"@type":"SearchAction","target":{"@type":"EntryPoint","urlTemplate":"https:\/\/bozovictennisacademy.com\/v3\/?s={search_term_string}"},"query-input":{"@type":"PropertyValueSpecification","valueRequired":true,"valueName":"search_term_string"}}],"inLanguage":"en-US"}]}},"_links":{"self":[{"href":"https:\/\/bozovictennisacademy.com\/v3\/wp-json\/wp\/v2\/pages\/2370","targetHints":{"allow":["GET"]}}],"collection":[{"href":"https:\/\/bozovictennisacademy.com\/v3\/wp-json\/wp\/v2\/pages"}],"about":[{"href":"https:\/\/bozovictennisacademy.com\/v3\/wp-json\/wp\/v2\/types\/page"}],"author":[{"embeddable":true,"href":"https:\/\/bozovictennisacademy.com\/v3\/wp-json\/wp\/v2\/users\/1"}],"replies":[{"embeddable":true,"href":"https:\/\/bozovictennisacademy.com\/v3\/wp-json\/wp\/v2\/comments?post=2370"}],"version-history":[{"count":18,"href":"https:\/\/bozovictennisacademy.com\/v3\/wp-json\/wp\/v2\/pages\/2370\/revisions"}],"predecessor-version":[{"id":5424,"href":"https:\/\/bozovictennisacademy.com\/v3\/wp-json\/wp\/v2\/pages\/2370\/revisions\/5424"}],"up":[{"embeddable":true,"href":"https:\/\/bozovictennisacademy.com\/v3\/wp-json\/wp\/v2\/pages\/2346"}],"wp:featuredmedia":[{"embeddable":true,"href":"https:\/\/bozovictennisacademy.com\/v3\/wp-json\/wp\/v2\/media\/1095"}],"wp:attachment":[{"href":"https:\/\/bozovictennisacademy.com\/v3\/wp-json\/wp\/v2\/media?parent=2370"}],"curies":[{"name":"wp","href":"https:\/\/api.w.org\/{rel}","templated":true}]}}