{"id":2376,"date":"2022-05-09T10:55:40","date_gmt":"2022-05-09T10:55:40","guid":{"rendered":"http:\/\/bozovictennisacademy.com\/v3\/?page_id=2376"},"modified":"2025-12-03T21:05:59","modified_gmt":"2025-12-03T21:05:59","slug":"filip-serdarusic","status":"publish","type":"page","link":"https:\/\/bozovictennisacademy.com\/v3\/de\/our-team\/filip-serdarusic\/","title":{"rendered":"Filip Serdarusic"},"content":{"rendered":"<div id=\"pl-2376\"  class=\"panel-layout\" ><div id=\"pg-2376-0\"  class=\"panel-grid panel-no-style\" ><div id=\"pgc-2376-0-0\"  class=\"panel-grid-cell\" ><div id=\"panel-2376-0-0-0\" class=\"so-panel widget widget_pw_person_profile widget-person-profile panel-first-child panel-last-child\" data-index=\"0\" >\n\t<div class=\"person-profile  h-card\">\n\t\t\t\t\t\t\t\t\t\t<div class=\"person-profile__carousel\" >\n\t\t\t\t\t\t\t\t\t<div class=\"person-profile__carousel-item\">\n\t\t\t\t\t\t\t\t\t\t\t\t\t<img decoding=\"async\" class=\"person-profile__image  wp-post-image  u-photo\" src=\"https:\/\/bozovictennisacademy.com\/v3\/wp-content\/uploads\/2025\/12\/Filip-Serdarusic-05.jpg\" alt=\"Picture of Filip Serdarusic\">\n\t\t\t\t\t\t\t\t\t\t\t<\/div>\n\t\t\t\t\t\t\t<\/div>\n\t\t\t\t<div class=\"person-profile__container\">\n\t\t\t<div class=\"person-profile__basic-info\">\n\t\t\t\t\t\t\t\t\t<h4 class=\"person-profile__name  p-name\">\n\t\t\t\t\t\t\t\t\t\tFilip Serdarusic\t\t\t\t\t\t\t\t\t\t<\/h4>\n\t\t\t\t\n\t\t\t\t\t\t\t\t\t<div class=\"person-profile__label\">\n\t\t\t\t\t\tJuniorenspezialist\t\t\t\t\t<\/div>\n\t\t\t\t\n\t\t\t<\/div>\n\n\t\t\t\n\t\t\t\n\t\t\t\n\t\t\t\t\t\t\t<a class=\"btn  btn-secondary  btn-block  person-profile__button\" href=\"mailto:filip.serdarusic@bozovictennisacademy.com\" target=\"_self\">Kontaktiere mich<\/a>\n\t\t\t\n\t\t<\/div>\n\t<\/div>\n\n<\/div><\/div><div id=\"pgc-2376-0-1\"  class=\"panel-grid-cell\" ><div id=\"panel-2376-0-1-0\" class=\"so-panel widget widget_sow-editor panel-first-child panel-last-child\" data-index=\"1\" ><div\n\t\t\t\n\t\t\tclass=\"so-widget-sow-editor so-widget-sow-editor-base\"\n\t\t\t\n\t\t><h3 class=\"widget-title\"><span class=\"widget-title__inline\">\u00dcber Filip<\/span><\/h3>\n<div class=\"siteorigin-widget-tinymce textwidget\">\n\t<p><strong>Trainererfahrung<\/strong><\/p>\n<p>Seit \u00fcber einem Jahrzehnt arbeitet Filip mit einigen der besten Talente Europas zusammen:<br \/>\n- Seit 2015 Kapit\u00e4n der kroatischen Junioren-Nationalmannschaft (U14 &amp; U16)<br \/>\n- Betreuung von Spielern bei renommierten internationalen Junioren-Mannschaftswettbewerben in ganz Europa<br \/>\n- Trainererfahrung bei allen vier Grand-Slam-Turnieren<\/p>\n<p><strong>Erfolgsgeschichten<\/strong><\/p>\n<p>Filip war pers\u00f6nlicher Trainer zahlreicher ATP- und WTA-Spieler, darunter:<br \/>\n- Matej Dodig \u2013 2025 Trieste Challenger 100 Champion; Nr. 15 bei den Junioren<br \/>\n- Nino Serdaru\u0161i\u0107 \u2013 ATP Umag 250 Doppel-Champion &amp; Davis-Cup-Teammitglied<br \/>\n- Tara W\u00fcrth \u2013 WTA Nr. 147 (Karrierehoch)<br \/>\n- Gergana Topalova \u2013 WTA Nr. 208<br \/>\n- Sowie mehrere Junioren, die internationale Spitzenplatzierungen und europ\u00e4ische Titel errungen haben<\/p>\n<p><strong>Ausbildung &amp; Trainerqualifikationen<\/strong><\/p>\n<p>Filip verf\u00fcgt \u00fcber eine GPTCA B-Level ATP-zertifizierte Lizenz, die eine solide professionelle Grundlage f\u00fcr Hochleistungscoaching gew\u00e4hrleistet.<\/p>\n<p><strong>Spielerkarriere<\/strong><\/p>\n<p>Als Junior war Filip unter den Top 10 der kroatischen Spieler in den Altersklassen U14, U16 und U18, erreichte das Halbfinale bei mehreren nationalen Meisterschaften und trug zu den Siegen der kroatischen Premier League und der U18-Nationalmannschaft bei.<\/p>\n<\/div>\n<\/div><\/div><\/div><\/div><\/div>","protected":false},"excerpt":{"rendered":"<p>Ljubisa Ivkovic ist ein vielf\u00e4ltiger Sporttherapeut mit einem Bachelorabschluss in Sport und angewandter Trainingswissenschaft von der Deutschen Hochschule f\u00fcr Gesundheit und Sport in M\u00fcnchen. <\/p>\n","protected":false},"author":1,"featured_media":5355,"parent":2346,"menu_order":0,"comment_status":"closed","ping_status":"closed","template":"","meta":{"_acf_changed":false,"footnotes":""},"class_list":{"0":"post-2376","1":"page","2":"type-page","3":"status-publish","4":"has-post-thumbnail","6":"clearfix","7":"article"},"acf":[],"yoast_head":"<!-- This site is optimized with the Yoast SEO plugin v27.1.1 - https:\/\/yoast.com\/product\/yoast-seo-wordpress\/ -->\n<title>Filip Serdarusic - Bozovic Tennis Academy<\/title>\n<meta name=\"description\" content=\"Ljubisa Ivkovic ist ein vielf\u00e4ltiger Sporttherapeut mit einem Bachelorabschluss in Sport und angewandter Trainingswissenschaft von der Deutschen Hochschule f\u00fcr Gesundheit und Sport in M\u00fcnchen.\" \/>\n<meta name=\"robots\" content=\"index, follow, max-snippet:-1, max-image-preview:large, max-video-preview:-1\" \/>\n<link rel=\"canonical\" href=\"https:\/\/bozovictennisacademy.com\/v3\/de\/our-team\/filip-serdarusic\/\" \/>\n<meta property=\"og:locale\" content=\"en_US\" \/>\n<meta property=\"og:type\" content=\"article\" \/>\n<meta property=\"og:title\" content=\"Filip Serdarusic - Bozovic Tennis Academy\" \/>\n<meta property=\"og:description\" content=\"Ljubisa Ivkovic ist ein vielf\u00e4ltiger Sporttherapeut mit einem Bachelorabschluss in Sport und angewandter Trainingswissenschaft von der Deutschen Hochschule f\u00fcr Gesundheit und Sport in M\u00fcnchen.\" \/>\n<meta property=\"og:url\" content=\"https:\/\/bozovictennisacademy.com\/v3\/de\/our-team\/filip-serdarusic\/\" \/>\n<meta property=\"og:site_name\" content=\"Bozovic Tennis Academy\" \/>\n<meta property=\"article:publisher\" content=\"https:\/\/www.facebook.com\/bozovictennisacademy\/\" \/>\n<meta property=\"article:modified_time\" content=\"2025-12-03T21:05:59+00:00\" \/>\n<meta property=\"og:image\" content=\"https:\/\/bozovictennisacademy.com\/v3\/wp-content\/uploads\/2025\/11\/Filip-04.jpg\" \/>\n\t<meta property=\"og:image:width\" content=\"860\" \/>\n\t<meta property=\"og:image:height\" content=\"1290\" \/>\n\t<meta property=\"og:image:type\" content=\"image\/jpeg\" \/>\n<meta name=\"twitter:card\" content=\"summary_large_image\" \/>\n<meta name=\"twitter:label1\" content=\"Est. reading time\" \/>\n\t<meta name=\"twitter:data1\" content=\"1 minute\" \/>\n<script type=\"application\/ld+json\" class=\"yoast-schema-graph\">{\"@context\":\"https:\/\/schema.org\",\"@graph\":[{\"@type\":\"WebPage\",\"@id\":\"https:\/\/bozovictennisacademy.com\/v3\/de\/our-team\/filip-serdarusic\/\",\"url\":\"https:\/\/bozovictennisacademy.com\/v3\/de\/our-team\/filip-serdarusic\/\",\"name\":\"Filip Serdarusic - Bozovic Tennis Academy\",\"isPartOf\":{\"@id\":\"https:\/\/bozovictennisacademy.com\/v3\/#website\"},\"primaryImageOfPage\":{\"@id\":\"https:\/\/bozovictennisacademy.com\/v3\/de\/our-team\/filip-serdarusic\/#primaryimage\"},\"image\":{\"@id\":\"https:\/\/bozovictennisacademy.com\/v3\/de\/our-team\/filip-serdarusic\/#primaryimage\"},\"thumbnailUrl\":\"https:\/\/bozovictennisacademy.com\/v3\/wp-content\/uploads\/2025\/11\/Filip-04.jpg\",\"datePublished\":\"2022-05-09T10:55:40+00:00\",\"dateModified\":\"2025-12-03T21:05:59+00:00\",\"description\":\"Ljubisa Ivkovic ist ein vielf\u00e4ltiger Sporttherapeut mit einem Bachelorabschluss in Sport und angewandter Trainingswissenschaft von der Deutschen Hochschule f\u00fcr Gesundheit und Sport in M\u00fcnchen.\",\"breadcrumb\":{\"@id\":\"https:\/\/bozovictennisacademy.com\/v3\/de\/our-team\/filip-serdarusic\/#breadcrumb\"},\"inLanguage\":\"en-US\",\"potentialAction\":[{\"@type\":\"ReadAction\",\"target\":[\"https:\/\/bozovictennisacademy.com\/v3\/de\/our-team\/filip-serdarusic\/\"]}]},{\"@type\":\"ImageObject\",\"inLanguage\":\"en-US\",\"@id\":\"https:\/\/bozovictennisacademy.com\/v3\/de\/our-team\/filip-serdarusic\/#primaryimage\",\"url\":\"https:\/\/bozovictennisacademy.com\/v3\/wp-content\/uploads\/2025\/11\/Filip-04.jpg\",\"contentUrl\":\"https:\/\/bozovictennisacademy.com\/v3\/wp-content\/uploads\/2025\/11\/Filip-04.jpg\",\"width\":860,\"height\":1290},{\"@type\":\"BreadcrumbList\",\"@id\":\"https:\/\/bozovictennisacademy.com\/v3\/de\/our-team\/filip-serdarusic\/#breadcrumb\",\"itemListElement\":[{\"@type\":\"ListItem\",\"position\":1,\"name\":\"Home\",\"item\":\"https:\/\/bozovictennisacademy.com\/v3\/\"},{\"@type\":\"ListItem\",\"position\":2,\"name\":\"Team\",\"item\":\"https:\/\/bozovictennisacademy.com\/v3\/de\/our-team\/\"},{\"@type\":\"ListItem\",\"position\":3,\"name\":\"Filip Serdarusic\"}]},{\"@type\":\"WebSite\",\"@id\":\"https:\/\/bozovictennisacademy.com\/v3\/#website\",\"url\":\"https:\/\/bozovictennisacademy.com\/v3\/\",\"name\":\"Bozovic Tennis Academy\",\"description\":\"\",\"potentialAction\":[{\"@type\":\"SearchAction\",\"target\":{\"@type\":\"EntryPoint\",\"urlTemplate\":\"https:\/\/bozovictennisacademy.com\/v3\/?s={search_term_string}\"},\"query-input\":{\"@type\":\"PropertyValueSpecification\",\"valueRequired\":true,\"valueName\":\"search_term_string\"}}],\"inLanguage\":\"en-US\"}]}<\/script>\n<!-- \/ Yoast SEO plugin. -->","yoast_head_json":{"title":"Filip Serdarusic - Bozovic Tennis Academy","description":"Ljubisa Ivkovic ist ein vielf\u00e4ltiger Sporttherapeut mit einem Bachelorabschluss in Sport und angewandter Trainingswissenschaft von der Deutschen Hochschule f\u00fcr Gesundheit und Sport in M\u00fcnchen.","robots":{"index":"index","follow":"follow","max-snippet":"max-snippet:-1","max-image-preview":"max-image-preview:large","max-video-preview":"max-video-preview:-1"},"canonical":"https:\/\/bozovictennisacademy.com\/v3\/de\/our-team\/filip-serdarusic\/","og_locale":"en_US","og_type":"article","og_title":"Filip Serdarusic - Bozovic Tennis Academy","og_description":"Ljubisa Ivkovic ist ein vielf\u00e4ltiger Sporttherapeut mit einem Bachelorabschluss in Sport und angewandter Trainingswissenschaft von der Deutschen Hochschule f\u00fcr Gesundheit und Sport in M\u00fcnchen.","og_url":"https:\/\/bozovictennisacademy.com\/v3\/de\/our-team\/filip-serdarusic\/","og_site_name":"Bozovic Tennis Academy","article_publisher":"https:\/\/www.facebook.com\/bozovictennisacademy\/","article_modified_time":"2025-12-03T21:05:59+00:00","og_image":[{"width":860,"height":1290,"url":"https:\/\/bozovictennisacademy.com\/v3\/wp-content\/uploads\/2025\/11\/Filip-04.jpg","type":"image\/jpeg"}],"twitter_card":"summary_large_image","twitter_misc":{"Est. reading time":"1 minute"},"schema":{"@context":"https:\/\/schema.org","@graph":[{"@type":"WebPage","@id":"https:\/\/bozovictennisacademy.com\/v3\/de\/our-team\/filip-serdarusic\/","url":"https:\/\/bozovictennisacademy.com\/v3\/de\/our-team\/filip-serdarusic\/","name":"Filip Serdarusic - Bozovic Tennis Academy","isPartOf":{"@id":"https:\/\/bozovictennisacademy.com\/v3\/#website"},"primaryImageOfPage":{"@id":"https:\/\/bozovictennisacademy.com\/v3\/de\/our-team\/filip-serdarusic\/#primaryimage"},"image":{"@id":"https:\/\/bozovictennisacademy.com\/v3\/de\/our-team\/filip-serdarusic\/#primaryimage"},"thumbnailUrl":"https:\/\/bozovictennisacademy.com\/v3\/wp-content\/uploads\/2025\/11\/Filip-04.jpg","datePublished":"2022-05-09T10:55:40+00:00","dateModified":"2025-12-03T21:05:59+00:00","description":"Ljubisa Ivkovic ist ein vielf\u00e4ltiger Sporttherapeut mit einem Bachelorabschluss in Sport und angewandter Trainingswissenschaft von der Deutschen Hochschule f\u00fcr Gesundheit und Sport in M\u00fcnchen.","breadcrumb":{"@id":"https:\/\/bozovictennisacademy.com\/v3\/de\/our-team\/filip-serdarusic\/#breadcrumb"},"inLanguage":"en-US","potentialAction":[{"@type":"ReadAction","target":["https:\/\/bozovictennisacademy.com\/v3\/de\/our-team\/filip-serdarusic\/"]}]},{"@type":"ImageObject","inLanguage":"en-US","@id":"https:\/\/bozovictennisacademy.com\/v3\/de\/our-team\/filip-serdarusic\/#primaryimage","url":"https:\/\/bozovictennisacademy.com\/v3\/wp-content\/uploads\/2025\/11\/Filip-04.jpg","contentUrl":"https:\/\/bozovictennisacademy.com\/v3\/wp-content\/uploads\/2025\/11\/Filip-04.jpg","width":860,"height":1290},{"@type":"BreadcrumbList","@id":"https:\/\/bozovictennisacademy.com\/v3\/de\/our-team\/filip-serdarusic\/#breadcrumb","itemListElement":[{"@type":"ListItem","position":1,"name":"Home","item":"https:\/\/bozovictennisacademy.com\/v3\/"},{"@type":"ListItem","position":2,"name":"Team","item":"https:\/\/bozovictennisacademy.com\/v3\/de\/our-team\/"},{"@type":"ListItem","position":3,"name":"Filip Serdarusic"}]},{"@type":"WebSite","@id":"https:\/\/bozovictennisacademy.com\/v3\/#website","url":"https:\/\/bozovictennisacademy.com\/v3\/","name":"Bozovic Tennis Academy","description":"","potentialAction":[{"@type":"SearchAction","target":{"@type":"EntryPoint","urlTemplate":"https:\/\/bozovictennisacademy.com\/v3\/?s={search_term_string}"},"query-input":{"@type":"PropertyValueSpecification","valueRequired":true,"valueName":"search_term_string"}}],"inLanguage":"en-US"}]}},"_links":{"self":[{"href":"https:\/\/bozovictennisacademy.com\/v3\/wp-json\/wp\/v2\/pages\/2376","targetHints":{"allow":["GET"]}}],"collection":[{"href":"https:\/\/bozovictennisacademy.com\/v3\/wp-json\/wp\/v2\/pages"}],"about":[{"href":"https:\/\/bozovictennisacademy.com\/v3\/wp-json\/wp\/v2\/types\/page"}],"author":[{"embeddable":true,"href":"https:\/\/bozovictennisacademy.com\/v3\/wp-json\/wp\/v2\/users\/1"}],"replies":[{"embeddable":true,"href":"https:\/\/bozovictennisacademy.com\/v3\/wp-json\/wp\/v2\/comments?post=2376"}],"version-history":[{"count":26,"href":"https:\/\/bozovictennisacademy.com\/v3\/wp-json\/wp\/v2\/pages\/2376\/revisions"}],"predecessor-version":[{"id":5428,"href":"https:\/\/bozovictennisacademy.com\/v3\/wp-json\/wp\/v2\/pages\/2376\/revisions\/5428"}],"up":[{"embeddable":true,"href":"https:\/\/bozovictennisacademy.com\/v3\/wp-json\/wp\/v2\/pages\/2346"}],"wp:featuredmedia":[{"embeddable":true,"href":"https:\/\/bozovictennisacademy.com\/v3\/wp-json\/wp\/v2\/media\/5355"}],"wp:attachment":[{"href":"https:\/\/bozovictennisacademy.com\/v3\/wp-json\/wp\/v2\/media?parent=2376"}],"curies":[{"name":"wp","href":"https:\/\/api.w.org\/{rel}","templated":true}]}}