{"id":2425,"date":"2022-05-09T11:30:31","date_gmt":"2022-05-09T11:30:31","guid":{"rendered":"http:\/\/bozovictennisacademy.com\/v3\/?page_id=2425"},"modified":"2025-04-14T18:11:31","modified_gmt":"2025-04-14T18:11:31","slug":"programme","status":"publish","type":"page","link":"https:\/\/bozovictennisacademy.com\/v3\/de\/programme\/","title":{"rendered":"Programme und Dienstleistungen"},"content":{"rendered":"<div id=\"pl-2425\"  class=\"panel-layout\" ><div id=\"pg-2425-0\"  class=\"panel-grid panel-no-style\" ><div id=\"pgc-2425-0-0\"  class=\"panel-grid-cell\" ><div id=\"panel-2425-0-0-0\" class=\"so-panel widget widget_sow-editor panel-first-child panel-last-child\" data-index=\"0\" ><div\n\t\t\t\n\t\t\tclass=\"so-widget-sow-editor so-widget-sow-editor-base\"\n\t\t\t\n\t\t>\n<div class=\"siteorigin-widget-tinymce textwidget\">\n\t<p><img loading=\"lazy\" decoding=\"async\" class=\"alignnone size-full wp-image-4523\" src=\"https:\/\/bozovictennisacademy.com\/v3\/wp-content\/uploads\/2024\/05\/gi_juniors_07.jpg\" alt=\"\" width=\"1280\" height=\"854\" srcset=\"https:\/\/bozovictennisacademy.com\/v3\/wp-content\/uploads\/2024\/05\/gi_juniors_07.jpg 1280w, https:\/\/bozovictennisacademy.com\/v3\/wp-content\/uploads\/2024\/05\/gi_juniors_07-300x200.jpg 300w, https:\/\/bozovictennisacademy.com\/v3\/wp-content\/uploads\/2024\/05\/gi_juniors_07-1024x683.jpg 1024w, https:\/\/bozovictennisacademy.com\/v3\/wp-content\/uploads\/2024\/05\/gi_juniors_07-768x512.jpg 768w, https:\/\/bozovictennisacademy.com\/v3\/wp-content\/uploads\/2024\/05\/gi_juniors_07-272x182.jpg 272w\" sizes=\"auto, (max-width: 1280px) 100vw, 1280px\" \/><\/p>\n<\/div>\n<\/div><\/div><\/div><div id=\"pgc-2425-0-1\"  class=\"panel-grid-cell\" ><div id=\"panel-2425-0-1-0\" class=\"so-panel widget widget_sow-editor panel-first-child panel-last-child\" data-index=\"1\" ><div\n\t\t\t\n\t\t\tclass=\"so-widget-sow-editor so-widget-sow-editor-base\"\n\t\t\t\n\t\t><h3 class=\"widget-title\"><span class=\"widget-title__inline\">Warum wir?<\/span><\/h3>\n<div class=\"siteorigin-widget-tinymce textwidget\">\n\t<p>Die Bozovic Tennis Academy ist eine Gruppe von gut organisierten und fokussierten Experten, welche bestrebt ist, am Spiel jedes Einzelnen zu arbeiten. Was uns auszeichnet, ist eine moderne Herangehensweise an das Training, fortschrittliche Trainingsmethoden und -programme sowie die Entwicklung jedes Einzelnen \u2013 aufstrebende Junioren, Hobbyspieler, Anf\u00e4nger, erfahrene Profis.<\/p>\n<p>Wir geben unseren Kunden die M\u00f6glichkeit, ihre sportliche Karriere sehr sorgf\u00e4ltig zu planen, um ihre Ziele und Tr\u00e4ume zu verwirklichen. In gemeinsamer Abstimmung konzentrieren wir unsere grosse Erfahrung auf die Entwicklungsplanung der Spieler. Mit unseren Trainingsprogammen, welche wir individuell auf jeden Spieler-in passend zuschneiden, bauen wir das Potenzial jedes Spielers aus. Zudem helfen wir ihnen, ihren eigenen Stil zu entwickeln, und L\u00f6sungen zu den wiederkehrenden Herausforderungen auf dem Platz zu finden. Wir motivieren die Spieler\/-innen stets dazu, ihr volles Potenzial auszusch\u00f6pfen.<\/p>\n<\/div>\n<\/div><\/div><\/div><\/div><div id=\"pg-2425-1\"  class=\"panel-grid panel-no-style\" ><div id=\"pgc-2425-1-0\"  class=\"panel-grid-cell\" ><div id=\"panel-2425-1-0-0\" class=\"so-panel widget widget_sow-editor panel-first-child panel-last-child\" data-index=\"2\" ><div\n\t\t\t\n\t\t\tclass=\"so-widget-sow-editor so-widget-sow-editor-base\"\n\t\t\t\n\t\t>\n<div class=\"siteorigin-widget-tinymce textwidget\">\n\t<p><strong>Die Trainingsprogramme der Bozovic Tennis Academy<\/strong> geh\u00f6ren zu den st\u00e4rksten Programmen ihrer Art in der Schweiz. Mit einer grossen Anzahl von Tennisspielerinnen und -spielern, die an einer Vielzahl von Turnieren auf der ganzen Welt teilgenommen haben, und einer leistungsstarken Trainingsumgebung, die unseren aktuellen Spielerinnen und Spieler alle M\u00f6glichkeiten bieten, erfolgreich zu sein, ist die Bozovic Tennis Academy ein Programm auf das wir stolz sind.<\/p>\n<p>In der Bozovic Tennis Academy haben wir ein grossartiges Team von erfahrenen, qualifizierten Trainern, die unsere Tennisprogramme und -stunden in Schlieren (Kanton Z\u00fcrich) in der Schweiz von 8:00 Uhr morgens bis 22:00 Uhr abends, 7 Tage die Woche anbieten. Die Zeitpl\u00e4ne der Trainer sind so gestaffelt, dass die Trainer zu den f\u00fcr sie passenden Zeiten zur Verf\u00fcgung stehen. Dies macht die Bozovic Tennis Academy f\u00fcr die beste Wahl f\u00fcr Tennisunterricht rund um Z\u00fcrich.<\/p>\n<p>Die Bozovic Tennis Academy ist offen f\u00fcr alle, die ihr Spiel weiterentwickeln m\u00f6chten. Egal, ob sie ein durchschnittlicher Spieler sind, der seine F\u00e4higkeiten verbessern m\u00f6chte, oder ein fortgeschrittener Spieler, der darauf zielt, seiner Spielst\u00e4rke einen weiteren Feinschliff zu geben. Wir haben das richtige Programm f\u00fcr sie. Unsere Fortgeschrittenen- und Eliteprogramme sind f\u00fcr Spieler-innen geeignet, die eine leistungsstarke Entwicklung anstreben, die zu einer Kaderauswahl, zu Profikarrieren und zu Wettk\u00e4mpfen auf regionaler, nationaler und internationaler Ebene f\u00fchren.<\/p>\n<p>Alle Programme beinhalten und bieten technische, taktische, mentale und Ausdauer- Komponenten des Trainings und des Leistungsaufbaus sowie eine detaillierte Trainingsplanung und Analyse jedes Einzelnen.<\/p>\n<p>Unsere Trainingseinheiten werden nach den tennisspezifischen Trainingsempfehlungen von Swisstennis gestaltet, um unseren Spielern eine optimale Vorbereitung auf ihre Tenniskariere zu erm\u00f6glichen. So ist die Bozovic Tennis Academy vom Schweizerischen Tennisverband als eine der national f\u00fchrenden Tennisschulen f\u00fcr den langfristigen sportlichen Aufbau des Tennisnachwuchs anerkannt.<\/p>\n<p>Das leistungsorientierte Juniorenprogramm ist ein ganzheitliches Vollzeit-Tennisprogramm, das darauf abzielt, eine ausgezeichnete Methodik und einen ganzheitlichen Ansatz f\u00fcr die Tennisausbildung zu bieten einschliesslich Konditions- und Fitnessaufbau und individuellem Feedback.<\/p>\n<p>Das Programm wird st\u00e4ndig weiterentwickelt, um das Tennistraining auf den modernsten Stand zu bringen. Dabei kommen die neuesten Technologien und Wissenstandards zum Einsatz im stetigen Austausch mit Eltern, Spielern und den Trainern untereinander. Sportpsychologie, Physiotherapie und Tennistaktik sowie Fitness sind einige der wichtigsten Aspekte des Intensivkurses. Dar\u00fcber hinaus erh\u00e4lt jeder Spieler-in ein speziell auf seine Bed\u00fcrfnisse und Begabungen abgestimmtes Trainingsprogramm, das sicherstellt, dass sein Talent optimal bis zum maximalen Potenzial gef\u00f6rdert wird.<\/p>\n<\/div>\n<\/div><\/div><\/div><\/div><div id=\"pg-2425-2\"  class=\"panel-grid panel-no-style\" ><div id=\"pgc-2425-2-0\"  class=\"panel-grid-cell\" ><div id=\"panel-2425-2-0-0\" class=\"so-panel widget widget_sow-editor panel-first-child panel-last-child\" data-index=\"3\" ><div\n\t\t\t\n\t\t\tclass=\"so-widget-sow-editor so-widget-sow-editor-base\"\n\t\t\t\n\t\t><h3 class=\"widget-title\"><span class=\"widget-title__inline\">Unsere Programme<\/span><\/h3>\n<div class=\"siteorigin-widget-tinymce textwidget\">\n\t<\/div>\n<\/div><\/div><\/div><\/div><div id=\"pg-2425-3\"  class=\"panel-grid panel-no-style\" ><div id=\"pgc-2425-3-0\"  class=\"panel-grid-cell\" ><div id=\"panel-2425-3-0-0\" class=\"so-panel widget widget_sow-editor panel-first-child panel-last-child\" data-index=\"4\" ><div\n\t\t\t\n\t\t\tclass=\"so-widget-sow-editor so-widget-sow-editor-base\"\n\t\t\t\n\t\t>\n<div class=\"siteorigin-widget-tinymce textwidget\">\n\t<p><a href=\"https:\/\/bozovictennisacademy.com\/v3\/de\/programme\/juniorprogramm\/\"><img loading=\"lazy\" decoding=\"async\" class=\"alignnone size-full wp-image-4528\" src=\"https:\/\/bozovictennisacademy.com\/v3\/wp-content\/uploads\/2024\/05\/gi_juniors_12.jpg\" alt=\"\" width=\"1280\" height=\"854\" srcset=\"https:\/\/bozovictennisacademy.com\/v3\/wp-content\/uploads\/2024\/05\/gi_juniors_12.jpg 1280w, https:\/\/bozovictennisacademy.com\/v3\/wp-content\/uploads\/2024\/05\/gi_juniors_12-300x200.jpg 300w, https:\/\/bozovictennisacademy.com\/v3\/wp-content\/uploads\/2024\/05\/gi_juniors_12-1024x683.jpg 1024w, https:\/\/bozovictennisacademy.com\/v3\/wp-content\/uploads\/2024\/05\/gi_juniors_12-768x512.jpg 768w, https:\/\/bozovictennisacademy.com\/v3\/wp-content\/uploads\/2024\/05\/gi_juniors_12-272x182.jpg 272w\" sizes=\"auto, (max-width: 1280px) 100vw, 1280px\" \/><\/a><\/p>\n<h2 class=\"page-box__title\"><a href=\"https:\/\/bozovictennisacademy.com\/v3\/de\/programme\/juniorprogramm\/\">Juniorprogramm<\/a><\/h2>\n<p>Es ist ein Aufbauprogramm f\u00fcr diejenigen, die ihr Spiel auf ein h\u00f6heres Niveau bringen und ihr Ranking verbessern wollen.<\/p>\n<\/div>\n<\/div><\/div><\/div><div id=\"pgc-2425-3-1\"  class=\"panel-grid-cell\" ><div id=\"panel-2425-3-1-0\" class=\"so-panel widget widget_sow-editor panel-first-child panel-last-child\" data-index=\"5\" ><div\n\t\t\t\n\t\t\tclass=\"so-widget-sow-editor so-widget-sow-editor-base\"\n\t\t\t\n\t\t>\n<div class=\"siteorigin-widget-tinymce textwidget\">\n\t<p><a href=\"https:\/\/bozovictennisacademy.com\/v3\/de\/programme\/kinder-tennisschule\/\"><img loading=\"lazy\" decoding=\"async\" class=\"alignnone size-full wp-image-4572\" src=\"https:\/\/bozovictennisacademy.com\/v3\/wp-content\/uploads\/2024\/05\/gi_kids_23.jpg\" alt=\"\" width=\"1280\" height=\"854\" srcset=\"https:\/\/bozovictennisacademy.com\/v3\/wp-content\/uploads\/2024\/05\/gi_kids_23.jpg 1280w, https:\/\/bozovictennisacademy.com\/v3\/wp-content\/uploads\/2024\/05\/gi_kids_23-300x200.jpg 300w, https:\/\/bozovictennisacademy.com\/v3\/wp-content\/uploads\/2024\/05\/gi_kids_23-1024x683.jpg 1024w, https:\/\/bozovictennisacademy.com\/v3\/wp-content\/uploads\/2024\/05\/gi_kids_23-768x512.jpg 768w, https:\/\/bozovictennisacademy.com\/v3\/wp-content\/uploads\/2024\/05\/gi_kids_23-272x182.jpg 272w\" sizes=\"auto, (max-width: 1280px) 100vw, 1280px\" \/><\/a><\/p>\n<h2 class=\"page-box__title\"><a href=\"https:\/\/bozovictennisacademy.com\/v3\/de\/programme\/kinder-tennisschule\/\">Kinder Tennisschule<\/a><\/h2>\n<p>M\u00f6chten Sie ihre Kinder zum Tennisspielen motivieren? Vielleicht haben ihre Kinder sie beim Spielen gesehen und sind daran interessiert, ebenfalls...<\/p>\n<\/div>\n<\/div><\/div><\/div><div id=\"pgc-2425-3-2\"  class=\"panel-grid-cell\" ><div id=\"panel-2425-3-2-0\" class=\"so-panel widget widget_sow-editor panel-first-child panel-last-child\" data-index=\"6\" ><div\n\t\t\t\n\t\t\tclass=\"so-widget-sow-editor so-widget-sow-editor-base\"\n\t\t\t\n\t\t>\n<div class=\"siteorigin-widget-tinymce textwidget\">\n\t<p><a href=\"https:\/\/bozovictennisacademy.com\/v3\/de\/programme\/adult-programm\/\"><img loading=\"lazy\" decoding=\"async\" class=\"alignnone size-full wp-image-4976\" src=\"https:\/\/bozovictennisacademy.com\/v3\/wp-content\/uploads\/2025\/02\/gi_adults_10.webp\" alt=\"\" width=\"1280\" height=\"854\" srcset=\"https:\/\/bozovictennisacademy.com\/v3\/wp-content\/uploads\/2025\/02\/gi_adults_10.webp 1280w, https:\/\/bozovictennisacademy.com\/v3\/wp-content\/uploads\/2025\/02\/gi_adults_10-300x200.webp 300w, https:\/\/bozovictennisacademy.com\/v3\/wp-content\/uploads\/2025\/02\/gi_adults_10-1024x683.webp 1024w, https:\/\/bozovictennisacademy.com\/v3\/wp-content\/uploads\/2025\/02\/gi_adults_10-768x512.webp 768w, https:\/\/bozovictennisacademy.com\/v3\/wp-content\/uploads\/2025\/02\/gi_adults_10-272x182.webp 272w\" sizes=\"auto, (max-width: 1280px) 100vw, 1280px\" \/><\/a><\/p>\n<h2 class=\"page-box__title\"><a href=\"https:\/\/bozovictennisacademy.com\/v3\/de\/programme\/adult-programm\/\">Adult Programm<\/a><\/h2>\n<p>Dieses Programm ist f\u00fcr erwachsene Tennisspieler-innen entwickelt worden. Wir bieten das breiteste Angebot an Tennisprogrammen und Tennisunterricht...<\/p>\n<\/div>\n<\/div><\/div><\/div><\/div><div id=\"pg-2425-4\"  class=\"panel-grid panel-no-style\" ><div id=\"pgc-2425-4-0\"  class=\"panel-grid-cell\" ><div id=\"panel-2425-4-0-0\" class=\"so-panel widget widget_sow-editor panel-first-child panel-last-child\" data-index=\"7\" ><div\n\t\t\t\n\t\t\tclass=\"so-widget-sow-editor so-widget-sow-editor-base\"\n\t\t\t\n\t\t>\n<div class=\"siteorigin-widget-tinymce textwidget\">\n\t<p><a href=\"https:\/\/bozovictennisacademy.com\/v3\/de\/programme\/holiday-program-de\/\"><img loading=\"lazy\" decoding=\"async\" class=\"alignnone size-full wp-image-4550\" src=\"https:\/\/bozovictennisacademy.com\/v3\/wp-content\/uploads\/2024\/05\/gi_kids_01.jpg\" alt=\"\" width=\"1280\" height=\"854\" srcset=\"https:\/\/bozovictennisacademy.com\/v3\/wp-content\/uploads\/2024\/05\/gi_kids_01.jpg 1280w, https:\/\/bozovictennisacademy.com\/v3\/wp-content\/uploads\/2024\/05\/gi_kids_01-300x200.jpg 300w, https:\/\/bozovictennisacademy.com\/v3\/wp-content\/uploads\/2024\/05\/gi_kids_01-1024x683.jpg 1024w, https:\/\/bozovictennisacademy.com\/v3\/wp-content\/uploads\/2024\/05\/gi_kids_01-768x512.jpg 768w, https:\/\/bozovictennisacademy.com\/v3\/wp-content\/uploads\/2024\/05\/gi_kids_01-272x182.jpg 272w\" sizes=\"auto, (max-width: 1280px) 100vw, 1280px\" \/><\/a><\/p>\n<h2 class=\"page-box__title\"><a href=\"https:\/\/bozovictennisacademy.com\/v3\/de\/programme\/holiday-program-de\/\">Holiday Program<\/a><\/h2>\n<p>Entdecken Sie unsere Ferienprogramme: Kids Camp, Junior Intensive Week, Match Weekend und Adult Intensive Trainings, die Spa\u00df und Kompetenzentwicklung...<\/p>\n<\/div>\n<\/div><\/div><\/div><div id=\"pgc-2425-4-1\"  class=\"panel-grid-cell\" ><div id=\"panel-2425-4-1-0\" class=\"so-panel widget widget_sow-editor panel-first-child panel-last-child\" data-index=\"8\" ><div\n\t\t\t\n\t\t\tclass=\"so-widget-sow-editor so-widget-sow-editor-base\"\n\t\t\t\n\t\t>\n<div class=\"siteorigin-widget-tinymce textwidget\">\n\t<p><a href=\"https:\/\/bozovictennisacademy.com\/v3\/de\/programme\/spieleranalyse\/\"><img loading=\"lazy\" decoding=\"async\" class=\"alignnone size-full wp-image-4555\" src=\"https:\/\/bozovictennisacademy.com\/v3\/wp-content\/uploads\/2024\/05\/gi_kids_06.jpg\" alt=\"\" width=\"1280\" height=\"854\" srcset=\"https:\/\/bozovictennisacademy.com\/v3\/wp-content\/uploads\/2024\/05\/gi_kids_06.jpg 1280w, https:\/\/bozovictennisacademy.com\/v3\/wp-content\/uploads\/2024\/05\/gi_kids_06-300x200.jpg 300w, https:\/\/bozovictennisacademy.com\/v3\/wp-content\/uploads\/2024\/05\/gi_kids_06-1024x683.jpg 1024w, https:\/\/bozovictennisacademy.com\/v3\/wp-content\/uploads\/2024\/05\/gi_kids_06-768x512.jpg 768w, https:\/\/bozovictennisacademy.com\/v3\/wp-content\/uploads\/2024\/05\/gi_kids_06-272x182.jpg 272w\" sizes=\"auto, (max-width: 1280px) 100vw, 1280px\" \/><\/a><\/p>\n<h2 class=\"page-box__title\"><a href=\"https:\/\/bozovictennisacademy.com\/v3\/de\/programme\/spieleranalyse\/\">Spieleranalyse<\/a><\/h2>\n<p>Dieses Programm beinhaltet die vollst\u00e4ndige Spieleranalyse, von der Leistung und dem Training auf dem Tennisplatz bis hin zur Matchanalyse...<\/p>\n<\/div>\n<\/div><\/div><\/div><div id=\"pgc-2425-4-2\"  class=\"panel-grid-cell\" ><div id=\"panel-2425-4-2-0\" class=\"so-panel widget widget_sow-editor panel-first-child panel-last-child\" data-index=\"9\" ><div\n\t\t\t\n\t\t\tclass=\"so-widget-sow-editor so-widget-sow-editor-base\"\n\t\t\t\n\t\t>\n<div class=\"siteorigin-widget-tinymce textwidget\">\n\t<p><a href=\"https:\/\/bozovictennisacademy.com\/v3\/de\/programme\/turnierbegleitung\/\"><img loading=\"lazy\" decoding=\"async\" class=\"alignnone size-full wp-image-4535\" src=\"https:\/\/bozovictennisacademy.com\/v3\/wp-content\/uploads\/2024\/05\/gi_juniors_19.jpg\" alt=\"\" width=\"1280\" height=\"854\" srcset=\"https:\/\/bozovictennisacademy.com\/v3\/wp-content\/uploads\/2024\/05\/gi_juniors_19.jpg 1280w, https:\/\/bozovictennisacademy.com\/v3\/wp-content\/uploads\/2024\/05\/gi_juniors_19-300x200.jpg 300w, https:\/\/bozovictennisacademy.com\/v3\/wp-content\/uploads\/2024\/05\/gi_juniors_19-1024x683.jpg 1024w, https:\/\/bozovictennisacademy.com\/v3\/wp-content\/uploads\/2024\/05\/gi_juniors_19-768x512.jpg 768w, https:\/\/bozovictennisacademy.com\/v3\/wp-content\/uploads\/2024\/05\/gi_juniors_19-272x182.jpg 272w\" sizes=\"auto, (max-width: 1280px) 100vw, 1280px\" \/><\/a><\/p>\n<h2 class=\"page-box__title\"><a href=\"https:\/\/bozovictennisacademy.com\/v3\/de\/programme\/turnierbegleitung\/\">Turnierbegleitung<\/a><\/h2>\n<p>Ein Tennistrainer-in hat verschiedene Aufgaben und Verantwortlichkeiten, die vom Alter des Spielers und dessen Spielst\u00e4rke abh\u00e4ngen.<\/p>\n<\/div>\n<\/div><\/div><\/div><\/div><div id=\"pg-2425-5\"  class=\"panel-grid panel-no-style\" ><div id=\"pgc-2425-5-0\"  class=\"panel-grid-cell\" ><div id=\"panel-2425-5-0-0\" class=\"so-panel widget widget_sow-editor panel-first-child panel-last-child\" data-index=\"10\" ><div\n\t\t\t\n\t\t\tclass=\"so-widget-sow-editor so-widget-sow-editor-base\"\n\t\t\t\n\t\t>\n<div class=\"siteorigin-widget-tinymce textwidget\">\n\t<p><a href=\"https:\/\/bozovictennisacademy.com\/v3\/de\/programme\/beratung-durch-bojan-bozovic\/\"><img loading=\"lazy\" decoding=\"async\" class=\"alignnone size-full wp-image-1487\" src=\"https:\/\/bozovictennisacademy.com\/v3\/wp-content\/uploads\/2021\/10\/programi_consulting_bojan.jpg\" alt=\"\" width=\"1024\" height=\"683\" srcset=\"https:\/\/bozovictennisacademy.com\/v3\/wp-content\/uploads\/2021\/10\/programi_consulting_bojan.jpg 1024w, https:\/\/bozovictennisacademy.com\/v3\/wp-content\/uploads\/2021\/10\/programi_consulting_bojan-300x200.jpg 300w, https:\/\/bozovictennisacademy.com\/v3\/wp-content\/uploads\/2021\/10\/programi_consulting_bojan-768x512.jpg 768w, https:\/\/bozovictennisacademy.com\/v3\/wp-content\/uploads\/2021\/10\/programi_consulting_bojan-272x182.jpg 272w\" sizes=\"auto, (max-width: 1024px) 100vw, 1024px\" \/><\/a><\/p>\n<h2 class=\"page-box__title\"><a href=\"https:\/\/bozovictennisacademy.com\/v3\/de\/programme\/beratung-durch-bojan-bozovic\/\">Beratung durch Bojan Bozovic<\/a><\/h2>\n<p>Dieses Programm bietet ein einst\u00fcndiges Gespr\u00e4ch mit Bojan Bozovic abseits des Platzes, in dem er seine Erfahrung als Tennisspieler und Trainer...<\/p>\n<\/div>\n<\/div><\/div><\/div><div id=\"pgc-2425-5-1\"  class=\"panel-grid-cell panel-grid-cell-empty panel-grid-cell-mobile-last\" ><\/div><div id=\"pgc-2425-5-2\"  class=\"panel-grid-cell panel-grid-cell-empty\" ><\/div><\/div><\/div>","protected":false},"excerpt":{"rendered":"<p>Die Trainingsprogramme der Bozovic Tennis Academy geh\u00f6ren zu den st\u00e4rksten Programmen ihrer Art in der Schweiz. <\/p>\n","protected":false},"author":1,"featured_media":4193,"parent":0,"menu_order":0,"comment_status":"closed","ping_status":"closed","template":"","meta":{"_acf_changed":false,"footnotes":""},"class_list":{"0":"post-2425","1":"page","2":"type-page","3":"status-publish","4":"has-post-thumbnail","6":"clearfix","7":"article"},"acf":[],"yoast_head":"<!-- This site is optimized with the Yoast SEO plugin v27.1.1 - https:\/\/yoast.com\/product\/yoast-seo-wordpress\/ -->\n<title>Programme und Dienstleistungen - Bozovic Tennis Academy<\/title>\n<meta name=\"description\" content=\"Die Trainingsprogramme der Bozovic Tennis Academy geh\u00f6ren zu den st\u00e4rksten Programmen ihrer Art in der Schweiz.\" \/>\n<meta name=\"robots\" content=\"index, follow, max-snippet:-1, max-image-preview:large, max-video-preview:-1\" \/>\n<link rel=\"canonical\" href=\"https:\/\/bozovictennisacademy.com\/v3\/de\/programme\/\" \/>\n<meta property=\"og:locale\" content=\"en_US\" \/>\n<meta property=\"og:type\" content=\"article\" \/>\n<meta property=\"og:title\" content=\"Programme und Dienstleistungen - Bozovic Tennis Academy\" \/>\n<meta property=\"og:description\" content=\"Die Trainingsprogramme der Bozovic Tennis Academy geh\u00f6ren zu den st\u00e4rksten Programmen ihrer Art in der Schweiz.\" \/>\n<meta property=\"og:url\" content=\"https:\/\/bozovictennisacademy.com\/v3\/de\/programme\/\" \/>\n<meta property=\"og:site_name\" content=\"Bozovic Tennis Academy\" \/>\n<meta property=\"article:publisher\" content=\"https:\/\/www.facebook.com\/bozovictennisacademy\/\" \/>\n<meta property=\"article:modified_time\" content=\"2025-04-14T18:11:31+00:00\" \/>\n<meta property=\"og:image\" content=\"https:\/\/bozovictennisacademy.com\/v3\/wp-content\/uploads\/2024\/04\/bta_winter_2024_03.jpg\" \/>\n\t<meta property=\"og:image:width\" content=\"1280\" \/>\n\t<meta property=\"og:image:height\" content=\"854\" \/>\n\t<meta property=\"og:image:type\" content=\"image\/jpeg\" \/>\n<meta name=\"twitter:card\" content=\"summary_large_image\" \/>\n<meta name=\"twitter:label1\" content=\"Est. reading time\" \/>\n\t<meta name=\"twitter:data1\" content=\"5 minutes\" \/>\n<script type=\"application\/ld+json\" class=\"yoast-schema-graph\">{\"@context\":\"https:\/\/schema.org\",\"@graph\":[{\"@type\":\"WebPage\",\"@id\":\"https:\/\/bozovictennisacademy.com\/v3\/de\/programme\/\",\"url\":\"https:\/\/bozovictennisacademy.com\/v3\/de\/programme\/\",\"name\":\"Programme und Dienstleistungen - Bozovic Tennis Academy\",\"isPartOf\":{\"@id\":\"https:\/\/bozovictennisacademy.com\/v3\/#website\"},\"primaryImageOfPage\":{\"@id\":\"https:\/\/bozovictennisacademy.com\/v3\/de\/programme\/#primaryimage\"},\"image\":{\"@id\":\"https:\/\/bozovictennisacademy.com\/v3\/de\/programme\/#primaryimage\"},\"thumbnailUrl\":\"https:\/\/bozovictennisacademy.com\/v3\/wp-content\/uploads\/2024\/04\/bta_winter_2024_03.jpg\",\"datePublished\":\"2022-05-09T11:30:31+00:00\",\"dateModified\":\"2025-04-14T18:11:31+00:00\",\"description\":\"Die Trainingsprogramme der Bozovic Tennis Academy geh\u00f6ren zu den st\u00e4rksten Programmen ihrer Art in der Schweiz.\",\"breadcrumb\":{\"@id\":\"https:\/\/bozovictennisacademy.com\/v3\/de\/programme\/#breadcrumb\"},\"inLanguage\":\"en-US\",\"potentialAction\":[{\"@type\":\"ReadAction\",\"target\":[\"https:\/\/bozovictennisacademy.com\/v3\/de\/programme\/\"]}]},{\"@type\":\"ImageObject\",\"inLanguage\":\"en-US\",\"@id\":\"https:\/\/bozovictennisacademy.com\/v3\/de\/programme\/#primaryimage\",\"url\":\"https:\/\/bozovictennisacademy.com\/v3\/wp-content\/uploads\/2024\/04\/bta_winter_2024_03.jpg\",\"contentUrl\":\"https:\/\/bozovictennisacademy.com\/v3\/wp-content\/uploads\/2024\/04\/bta_winter_2024_03.jpg\",\"width\":1280,\"height\":854},{\"@type\":\"BreadcrumbList\",\"@id\":\"https:\/\/bozovictennisacademy.com\/v3\/de\/programme\/#breadcrumb\",\"itemListElement\":[{\"@type\":\"ListItem\",\"position\":1,\"name\":\"Home\",\"item\":\"https:\/\/bozovictennisacademy.com\/v3\/\"},{\"@type\":\"ListItem\",\"position\":2,\"name\":\"Programme und Dienstleistungen\"}]},{\"@type\":\"WebSite\",\"@id\":\"https:\/\/bozovictennisacademy.com\/v3\/#website\",\"url\":\"https:\/\/bozovictennisacademy.com\/v3\/\",\"name\":\"Bozovic Tennis Academy\",\"description\":\"\",\"potentialAction\":[{\"@type\":\"SearchAction\",\"target\":{\"@type\":\"EntryPoint\",\"urlTemplate\":\"https:\/\/bozovictennisacademy.com\/v3\/?s={search_term_string}\"},\"query-input\":{\"@type\":\"PropertyValueSpecification\",\"valueRequired\":true,\"valueName\":\"search_term_string\"}}],\"inLanguage\":\"en-US\"}]}<\/script>\n<!-- \/ Yoast SEO plugin. -->","yoast_head_json":{"title":"Programme und Dienstleistungen - Bozovic Tennis Academy","description":"Die Trainingsprogramme der Bozovic Tennis Academy geh\u00f6ren zu den st\u00e4rksten Programmen ihrer Art in der Schweiz.","robots":{"index":"index","follow":"follow","max-snippet":"max-snippet:-1","max-image-preview":"max-image-preview:large","max-video-preview":"max-video-preview:-1"},"canonical":"https:\/\/bozovictennisacademy.com\/v3\/de\/programme\/","og_locale":"en_US","og_type":"article","og_title":"Programme und Dienstleistungen - Bozovic Tennis Academy","og_description":"Die Trainingsprogramme der Bozovic Tennis Academy geh\u00f6ren zu den st\u00e4rksten Programmen ihrer Art in der Schweiz.","og_url":"https:\/\/bozovictennisacademy.com\/v3\/de\/programme\/","og_site_name":"Bozovic Tennis Academy","article_publisher":"https:\/\/www.facebook.com\/bozovictennisacademy\/","article_modified_time":"2025-04-14T18:11:31+00:00","og_image":[{"width":1280,"height":854,"url":"https:\/\/bozovictennisacademy.com\/v3\/wp-content\/uploads\/2024\/04\/bta_winter_2024_03.jpg","type":"image\/jpeg"}],"twitter_card":"summary_large_image","twitter_misc":{"Est. reading time":"5 minutes"},"schema":{"@context":"https:\/\/schema.org","@graph":[{"@type":"WebPage","@id":"https:\/\/bozovictennisacademy.com\/v3\/de\/programme\/","url":"https:\/\/bozovictennisacademy.com\/v3\/de\/programme\/","name":"Programme und Dienstleistungen - Bozovic Tennis Academy","isPartOf":{"@id":"https:\/\/bozovictennisacademy.com\/v3\/#website"},"primaryImageOfPage":{"@id":"https:\/\/bozovictennisacademy.com\/v3\/de\/programme\/#primaryimage"},"image":{"@id":"https:\/\/bozovictennisacademy.com\/v3\/de\/programme\/#primaryimage"},"thumbnailUrl":"https:\/\/bozovictennisacademy.com\/v3\/wp-content\/uploads\/2024\/04\/bta_winter_2024_03.jpg","datePublished":"2022-05-09T11:30:31+00:00","dateModified":"2025-04-14T18:11:31+00:00","description":"Die Trainingsprogramme der Bozovic Tennis Academy geh\u00f6ren zu den st\u00e4rksten Programmen ihrer Art in der Schweiz.","breadcrumb":{"@id":"https:\/\/bozovictennisacademy.com\/v3\/de\/programme\/#breadcrumb"},"inLanguage":"en-US","potentialAction":[{"@type":"ReadAction","target":["https:\/\/bozovictennisacademy.com\/v3\/de\/programme\/"]}]},{"@type":"ImageObject","inLanguage":"en-US","@id":"https:\/\/bozovictennisacademy.com\/v3\/de\/programme\/#primaryimage","url":"https:\/\/bozovictennisacademy.com\/v3\/wp-content\/uploads\/2024\/04\/bta_winter_2024_03.jpg","contentUrl":"https:\/\/bozovictennisacademy.com\/v3\/wp-content\/uploads\/2024\/04\/bta_winter_2024_03.jpg","width":1280,"height":854},{"@type":"BreadcrumbList","@id":"https:\/\/bozovictennisacademy.com\/v3\/de\/programme\/#breadcrumb","itemListElement":[{"@type":"ListItem","position":1,"name":"Home","item":"https:\/\/bozovictennisacademy.com\/v3\/"},{"@type":"ListItem","position":2,"name":"Programme und Dienstleistungen"}]},{"@type":"WebSite","@id":"https:\/\/bozovictennisacademy.com\/v3\/#website","url":"https:\/\/bozovictennisacademy.com\/v3\/","name":"Bozovic Tennis Academy","description":"","potentialAction":[{"@type":"SearchAction","target":{"@type":"EntryPoint","urlTemplate":"https:\/\/bozovictennisacademy.com\/v3\/?s={search_term_string}"},"query-input":{"@type":"PropertyValueSpecification","valueRequired":true,"valueName":"search_term_string"}}],"inLanguage":"en-US"}]}},"_links":{"self":[{"href":"https:\/\/bozovictennisacademy.com\/v3\/wp-json\/wp\/v2\/pages\/2425","targetHints":{"allow":["GET"]}}],"collection":[{"href":"https:\/\/bozovictennisacademy.com\/v3\/wp-json\/wp\/v2\/pages"}],"about":[{"href":"https:\/\/bozovictennisacademy.com\/v3\/wp-json\/wp\/v2\/types\/page"}],"author":[{"embeddable":true,"href":"https:\/\/bozovictennisacademy.com\/v3\/wp-json\/wp\/v2\/users\/1"}],"replies":[{"embeddable":true,"href":"https:\/\/bozovictennisacademy.com\/v3\/wp-json\/wp\/v2\/comments?post=2425"}],"version-history":[{"count":22,"href":"https:\/\/bozovictennisacademy.com\/v3\/wp-json\/wp\/v2\/pages\/2425\/revisions"}],"predecessor-version":[{"id":5121,"href":"https:\/\/bozovictennisacademy.com\/v3\/wp-json\/wp\/v2\/pages\/2425\/revisions\/5121"}],"wp:featuredmedia":[{"embeddable":true,"href":"https:\/\/bozovictennisacademy.com\/v3\/wp-json\/wp\/v2\/media\/4193"}],"wp:attachment":[{"href":"https:\/\/bozovictennisacademy.com\/v3\/wp-json\/wp\/v2\/media?parent=2425"}],"curies":[{"name":"wp","href":"https:\/\/api.w.org\/{rel}","templated":true}]}}