{"id":2437,"date":"2022-05-09T12:04:50","date_gmt":"2022-05-09T12:04:50","guid":{"rendered":"http:\/\/bozovictennisacademy.com\/v3\/?page_id=2437"},"modified":"2025-06-10T12:16:20","modified_gmt":"2025-06-10T12:16:20","slug":"adult-programm","status":"publish","type":"page","link":"https:\/\/bozovictennisacademy.com\/v3\/de\/programme\/adult-programm\/","title":{"rendered":"Adult Programm"},"content":{"rendered":"<div id=\"pl-2437\"  class=\"panel-layout\" ><div id=\"pg-2437-0\"  class=\"panel-grid panel-no-style\" ><div id=\"pgc-2437-0-0\"  class=\"panel-grid-cell\" ><div id=\"panel-2437-0-0-0\" class=\"so-panel widget widget_sow-editor panel-first-child panel-last-child\" data-index=\"0\" ><div\n\t\t\t\n\t\t\tclass=\"so-widget-sow-editor so-widget-sow-editor-base\"\n\t\t\t\n\t\t>\n<div class=\"siteorigin-widget-tinymce textwidget\">\n\t<p><img loading=\"lazy\" decoding=\"async\" class=\"alignnone size-full wp-image-4976\" src=\"https:\/\/bozovictennisacademy.com\/v3\/wp-content\/uploads\/2025\/02\/gi_adults_10.webp\" alt=\"\" width=\"1280\" height=\"854\" srcset=\"https:\/\/bozovictennisacademy.com\/v3\/wp-content\/uploads\/2025\/02\/gi_adults_10.webp 1280w, https:\/\/bozovictennisacademy.com\/v3\/wp-content\/uploads\/2025\/02\/gi_adults_10-300x200.webp 300w, https:\/\/bozovictennisacademy.com\/v3\/wp-content\/uploads\/2025\/02\/gi_adults_10-1024x683.webp 1024w, https:\/\/bozovictennisacademy.com\/v3\/wp-content\/uploads\/2025\/02\/gi_adults_10-768x512.webp 768w, https:\/\/bozovictennisacademy.com\/v3\/wp-content\/uploads\/2025\/02\/gi_adults_10-272x182.webp 272w\" sizes=\"auto, (max-width: 1280px) 100vw, 1280px\" \/><\/p>\n<\/div>\n<\/div><\/div><\/div><\/div><div id=\"pg-2437-1\"  class=\"panel-grid panel-no-style\" ><div id=\"pgc-2437-1-0\"  class=\"panel-grid-cell\" ><div id=\"panel-2437-1-0-0\" class=\"so-panel widget widget_sow-editor panel-first-child\" data-index=\"1\" ><div\n\t\t\t\n\t\t\tclass=\"so-widget-sow-editor so-widget-sow-editor-base\"\n\t\t\t\n\t\t>\n<div class=\"siteorigin-widget-tinymce textwidget\">\n\t<h4>Programmbeschreibung<\/h4>\n<p>Dieses Programm ist f\u00fcr erwachsene Tennisspieler-innen entwickelt worden. Wir bieten das breiteste Angebot an Tennisprogrammen und Tennisunterricht f\u00fcr Erwachsene an! Die Bozovic Tennis Academy ist offen f\u00fcr Tennisspieler-innen aller Leistungs- und Spielst\u00e4rken. Wir sind da, um sie zu unterst\u00fctzen, ihr Tennisspiel auf das Niveau zu bringen, welches sie anstreben! Dementsprechend arbeiten wir nicht nur mit Profis zusammen, sondern mit allen, die Tennis mit Spass und zur Erholung spielen und vor allem ihr Spiel verbessern wollen!<\/p>\n<p>Nach einem ersten Probetraining, der Analyse von ggf. bisherigen Turnier- bzw. Wettkampfergebnissen sowie der Spielst\u00e4rke des Kunden definieren wir, welches Programm am besten passt. Basierend darauf werden wir spezifische Trainings\u00fcbungen anwenden, die ihr Tennisspiel verbessern. Wir zeigen ihnen, wie sie ihr Potenzial mit ihrem eigenen Stil nutzen k\u00f6nnen.<\/p>\n<p>Wir bieten viele Gruppentrainings sowohl unter der Woche als auch am Wochenende an.<\/p>\n<p>Werfen Sie einen Blick auf unser Angebot von Tennisunterricht f\u00fcr Erwachsene, vom Anf\u00e4nger bis zum Fortgeschrittenen, um herauszufinden, was zu Ihnen passt.<\/p>\n<p><strong>Einzelheiten:<\/strong><\/p>\n<p>- Spass: durch Punkte, interessante \u00dcbungen<br \/>\n- Technik: erm\u00f6glicht Anf\u00e4ngern, die Grundlagen zu erlernen und die richtigen Bewegungsabl\u00e4ufe, um Fehler zu korrigieren<br \/>\n- Taktiken und Strategien: bestimmte Situationen \u00fcben, F\u00e4higkeiten entwickeln, sich auf Wettk\u00e4mpfe und auf Interclub vorzubereiten<br \/>\n- Ausdauertraining: Energieverbrauch (f\u00fcr Kunden, die viel sitzen, die unter grossem Stress stehen und bei der Arbeit eine grosse Verantwortung tragen, die weniger k\u00f6rperlich aktiv sind, wie Manager, Anw\u00e4lte, Bankkaufleute...).<\/p>\n<\/div>\n<\/div><\/div><div id=\"panel-2437-1-0-1\" class=\"so-panel widget widget_sow-editor panel-last-child\" data-index=\"2\" ><div\n\t\t\t\n\t\t\tclass=\"so-widget-sow-editor so-widget-sow-editor-base\"\n\t\t\t\n\t\t>\n<div class=\"siteorigin-widget-tinymce textwidget\">\n\t<div class=\"embed-responsive  embed-responsive-16by9\"><iframe loading=\"lazy\" title=\"The 1st Bozovic Tennis Night \ud83c\udfbe\ud83c\udf03\" width=\"1140\" height=\"641\" src=\"https:\/\/www.youtube.com\/embed\/hLXHSSw21Ec?feature=oembed\" frameborder=\"0\" allow=\"accelerometer; autoplay; clipboard-write; encrypted-media; gyroscope; picture-in-picture; web-share\" referrerpolicy=\"strict-origin-when-cross-origin\" allowfullscreen><\/iframe><\/div>\n<\/div>\n<\/div><\/div><\/div><\/div><div id=\"pg-2437-2\"  class=\"panel-grid panel-has-style\" ><div class=\"panel-row-style panel-row-style-for-2437-2\" ><div id=\"pgc-2437-2-0\"  class=\"panel-grid-cell\" ><div id=\"panel-2437-2-0-0\" class=\"so-panel widget widget_pw_accordion widget-accordion panel-first-child panel-last-child\" data-index=\"3\" ><h3 class=\"widget-title\"><span class=\"widget-title__inline\">Programme<\/span><\/h3>\t<div class=\"accordion panel-group\" id=\"accordion-widget-2-0-0\" role=\"tablist\" aria-multiselectable=\"true\">\n\t\t\t<div class=\"accordion__panel  panel  panel-default  card\">\n\t\t\t<div class=\"accordion__heading  panel-heading\" role=\"tab\" id=\"heading-widget-2-0-0-1\">\n\t\t\t\t<div class=\"panel-title\">\n\t\t\t\t\t<a class=\"collapsed\" role=\"button\" data-toggle=\"collapse\" data-parent=\"#accordion-widget-2-0-0\" href=\"#collapse-widget-2-0-0-1\" aria-expanded=\"false\" aria-controls=\"collapse-widget-2-0-0-1\">\n\t\t\t\t\t\tProgramm Anf\u00e4nger\t\t\t\t\t<\/a>\n\t\t\t\t<\/div>\n\t\t\t<\/div>\n\t\t\t<div id=\"collapse-widget-2-0-0-1\" class=\"accordion__content  panel-collapse  collapse\" role=\"tabpanel\" aria-labelledby=\"heading-widget-2-0-0-1\">\n\t\t\t\t<div class=\"panel-body\">\n\t\t\t\t\tJede Woche bieten unsere erfahrenen Trainer Kurse f\u00fcr Tennisspieler aller Leistungsklassen an, die ihre Schlagtechniken im Spiel optimieren m\u00f6chten. Sehr oft neigen Tennisspieler dazu, sich zu sehr auf ihre Schl\u00e4ge zu konzentrieren und vernachl\u00e4ssigen dabei die Bedeutung der feinen und besonderen Techniken, um Punkte zu machen. Diese Trainingseinheiten sollen den Spielern-innen das n\u00f6tige Selbstvertrauen geben, um in jeder Situation ihr Potential zu maximieren.\t\t\t\t<\/div>\n\t\t\t<\/div>\n\t\t<\/div>\n\t\t\t<div class=\"accordion__panel  panel  panel-default  card\">\n\t\t\t<div class=\"accordion__heading  panel-heading\" role=\"tab\" id=\"heading-widget-2-0-0-2\">\n\t\t\t\t<div class=\"panel-title\">\n\t\t\t\t\t<a class=\"collapsed\" role=\"button\" data-toggle=\"collapse\" data-parent=\"#accordion-widget-2-0-0\" href=\"#collapse-widget-2-0-0-2\" aria-expanded=\"false\" aria-controls=\"collapse-widget-2-0-0-2\">\n\t\t\t\t\t\tProgramm Stufe 1\t\t\t\t\t<\/a>\n\t\t\t\t<\/div>\n\t\t\t<\/div>\n\t\t\t<div id=\"collapse-widget-2-0-0-2\" class=\"accordion__content  panel-collapse  collapse\" role=\"tabpanel\" aria-labelledby=\"heading-widget-2-0-0-2\">\n\t\t\t\t<div class=\"panel-body\">\n\t\t\t\t\tDieses Programm konzentriert sich auf den Service (Aufschlag), das strategische Spiel und die wichtigen Regeln des Tennissports mit dem Ziel, ihnen den Einstieg in den Freizeit- oder Wettkampfsport zu erm\u00f6glichen. <br><br>\n\nDas Ziel des Programms Stufe 1 ist es, die wichtigsten Tennistechniken zu vertiefen und sie in allen Bereichen des Tennisspiels einzuf\u00fchren. Sie werden das Notwendigste \u00fcber die Tennisausr\u00fcstung und ihre Verwendung lernen. Des Weiteren f\u00fchren wir sie in die Wettkampfregeln des Tennisspiels ein, um ihnen Selbstvertrauen f\u00fcr ihre ersten Matcherfahrungen zu geben. Dieses Programm wurde entwickelt, um die langfristige Freude der Spieler\/-innen zu f\u00f6rdern, indem das Spiel f\u00fcr Anf\u00e4nger in einer sicheren, freundlichen und alles umfassenden Umgebung erm\u00f6glicht wird. \t\t\t\t<\/div>\n\t\t\t<\/div>\n\t\t<\/div>\n\t\t\t<div class=\"accordion__panel  panel  panel-default  card\">\n\t\t\t<div class=\"accordion__heading  panel-heading\" role=\"tab\" id=\"heading-widget-2-0-0-3\">\n\t\t\t\t<div class=\"panel-title\">\n\t\t\t\t\t<a class=\"collapsed\" role=\"button\" data-toggle=\"collapse\" data-parent=\"#accordion-widget-2-0-0\" href=\"#collapse-widget-2-0-0-3\" aria-expanded=\"false\" aria-controls=\"collapse-widget-2-0-0-3\">\n\t\t\t\t\t\tProgramm Stufe 2\t\t\t\t\t<\/a>\n\t\t\t\t<\/div>\n\t\t\t<\/div>\n\t\t\t<div id=\"collapse-widget-2-0-0-3\" class=\"accordion__content  panel-collapse  collapse\" role=\"tabpanel\" aria-labelledby=\"heading-widget-2-0-0-3\">\n\t\t\t\t<div class=\"panel-body\">\n\t\t\t\t\tDieses Programm konzentriert sich auf die Weiterentwicklung aller Bereiche des Tennisspiels unter Einbeziehung von Videoanalysen und Tests der Spielf\u00e4higkeiten. Am Ende dieses Programms haben sie das erforderliche Fachwissen und Kenntnisse, die sie ben\u00f6tigen, um beim Freizeit- oder Wettkampftennis mit Freude Tennis zu spielen. Stufe 2 richtet sich an Tennisspieler-innen, die sich nicht nur in der Technik verbessern sondern auch die Denkweise eines Profi-Spielers auf dem Tennisplatz verinnerlichen wollen.<br><br>\n\nJeder unserer Trainer-in bringt unterschiedliche Qualit\u00e4ten mit, sowohl in Bezug auf das Tennisspiel als auch auf Trainererfahrung. So erm\u00f6glichen wir ihnen abgestimmt auf ihre Bed\u00fcrfnisse und ihres Lernstils, den passenden Trainer-in zur Verf\u00fcgung zu stellen.<br><br>\n\nJederzeit k\u00f6nnen Privat-Tennisstunden mit den besten Tennistrainern der Bozovic Tennis Academy f\u00fcr alle Leistungs- und Spielst\u00e4rken gebucht werden. Unser Unterricht ist an 364 Tagen im Jahr verf\u00fcgbar.\t\t\t\t<\/div>\n\t\t\t<\/div>\n\t\t<\/div>\n\t\t\t<\/div>\n\n<\/div><\/div><\/div><\/div><\/div>","protected":false},"excerpt":{"rendered":"<p>Dieses Programm ist f\u00fcr erwachsene Tennisspieler-innen entwickelt worden. Wir bieten das breiteste Angebot an Tennisprogrammen und Tennisunterricht f\u00fcr Erwachsene an!<\/p>\n","protected":false},"author":1,"featured_media":4976,"parent":2425,"menu_order":0,"comment_status":"closed","ping_status":"closed","template":"","meta":{"_acf_changed":false,"footnotes":""},"class_list":{"0":"post-2437","1":"page","2":"type-page","3":"status-publish","4":"has-post-thumbnail","6":"clearfix","7":"article"},"acf":[],"yoast_head":"<!-- This site is optimized with the Yoast SEO plugin v27.1.1 - https:\/\/yoast.com\/product\/yoast-seo-wordpress\/ -->\n<title>Adult Programm - Bozovic Tennis Academy<\/title>\n<meta name=\"description\" content=\"Dieses Programm ist f\u00fcr erwachsene Tennisspieler-innen entwickelt worden. Wir bieten das breiteste Angebot an Tennisprogrammen und Tennisunterricht f\u00fcr Erwachsene an!\" \/>\n<meta name=\"robots\" content=\"index, follow, max-snippet:-1, max-image-preview:large, max-video-preview:-1\" \/>\n<link rel=\"canonical\" href=\"https:\/\/bozovictennisacademy.com\/v3\/de\/programme\/adult-programm\/\" \/>\n<meta property=\"og:locale\" content=\"en_US\" \/>\n<meta property=\"og:type\" content=\"article\" \/>\n<meta property=\"og:title\" content=\"Adult Programm - Bozovic Tennis Academy\" \/>\n<meta property=\"og:description\" content=\"Dieses Programm ist f\u00fcr erwachsene Tennisspieler-innen entwickelt worden. Wir bieten das breiteste Angebot an Tennisprogrammen und Tennisunterricht f\u00fcr Erwachsene an!\" \/>\n<meta property=\"og:url\" content=\"https:\/\/bozovictennisacademy.com\/v3\/de\/programme\/adult-programm\/\" \/>\n<meta property=\"og:site_name\" content=\"Bozovic Tennis Academy\" \/>\n<meta property=\"article:publisher\" content=\"https:\/\/www.facebook.com\/bozovictennisacademy\/\" \/>\n<meta property=\"article:modified_time\" content=\"2025-06-10T12:16:20+00:00\" \/>\n<meta property=\"og:image\" content=\"https:\/\/bozovictennisacademy.com\/v3\/wp-content\/uploads\/2025\/02\/gi_adults_10.webp\" \/>\n\t<meta property=\"og:image:width\" content=\"1280\" \/>\n\t<meta property=\"og:image:height\" content=\"854\" \/>\n\t<meta property=\"og:image:type\" content=\"image\/webp\" \/>\n<meta name=\"twitter:card\" content=\"summary_large_image\" \/>\n<meta name=\"twitter:label1\" content=\"Est. reading time\" \/>\n\t<meta name=\"twitter:data1\" content=\"4 minutes\" \/>\n<script type=\"application\/ld+json\" class=\"yoast-schema-graph\">{\"@context\":\"https:\/\/schema.org\",\"@graph\":[{\"@type\":\"WebPage\",\"@id\":\"https:\/\/bozovictennisacademy.com\/v3\/de\/programme\/adult-programm\/\",\"url\":\"https:\/\/bozovictennisacademy.com\/v3\/de\/programme\/adult-programm\/\",\"name\":\"Adult Programm - Bozovic Tennis Academy\",\"isPartOf\":{\"@id\":\"https:\/\/bozovictennisacademy.com\/v3\/#website\"},\"primaryImageOfPage\":{\"@id\":\"https:\/\/bozovictennisacademy.com\/v3\/de\/programme\/adult-programm\/#primaryimage\"},\"image\":{\"@id\":\"https:\/\/bozovictennisacademy.com\/v3\/de\/programme\/adult-programm\/#primaryimage\"},\"thumbnailUrl\":\"https:\/\/bozovictennisacademy.com\/v3\/wp-content\/uploads\/2025\/02\/gi_adults_10.webp\",\"datePublished\":\"2022-05-09T12:04:50+00:00\",\"dateModified\":\"2025-06-10T12:16:20+00:00\",\"description\":\"Dieses Programm ist f\u00fcr erwachsene Tennisspieler-innen entwickelt worden. Wir bieten das breiteste Angebot an Tennisprogrammen und Tennisunterricht f\u00fcr Erwachsene an!\",\"breadcrumb\":{\"@id\":\"https:\/\/bozovictennisacademy.com\/v3\/de\/programme\/adult-programm\/#breadcrumb\"},\"inLanguage\":\"en-US\",\"potentialAction\":[{\"@type\":\"ReadAction\",\"target\":[\"https:\/\/bozovictennisacademy.com\/v3\/de\/programme\/adult-programm\/\"]}]},{\"@type\":\"ImageObject\",\"inLanguage\":\"en-US\",\"@id\":\"https:\/\/bozovictennisacademy.com\/v3\/de\/programme\/adult-programm\/#primaryimage\",\"url\":\"https:\/\/bozovictennisacademy.com\/v3\/wp-content\/uploads\/2025\/02\/gi_adults_10.webp\",\"contentUrl\":\"https:\/\/bozovictennisacademy.com\/v3\/wp-content\/uploads\/2025\/02\/gi_adults_10.webp\",\"width\":1280,\"height\":854},{\"@type\":\"BreadcrumbList\",\"@id\":\"https:\/\/bozovictennisacademy.com\/v3\/de\/programme\/adult-programm\/#breadcrumb\",\"itemListElement\":[{\"@type\":\"ListItem\",\"position\":1,\"name\":\"Home\",\"item\":\"https:\/\/bozovictennisacademy.com\/v3\/\"},{\"@type\":\"ListItem\",\"position\":2,\"name\":\"Programme und Dienstleistungen\",\"item\":\"https:\/\/bozovictennisacademy.com\/v3\/de\/programme\/\"},{\"@type\":\"ListItem\",\"position\":3,\"name\":\"Adult Programm\"}]},{\"@type\":\"WebSite\",\"@id\":\"https:\/\/bozovictennisacademy.com\/v3\/#website\",\"url\":\"https:\/\/bozovictennisacademy.com\/v3\/\",\"name\":\"Bozovic Tennis Academy\",\"description\":\"\",\"potentialAction\":[{\"@type\":\"SearchAction\",\"target\":{\"@type\":\"EntryPoint\",\"urlTemplate\":\"https:\/\/bozovictennisacademy.com\/v3\/?s={search_term_string}\"},\"query-input\":{\"@type\":\"PropertyValueSpecification\",\"valueRequired\":true,\"valueName\":\"search_term_string\"}}],\"inLanguage\":\"en-US\"}]}<\/script>\n<!-- \/ Yoast SEO plugin. -->","yoast_head_json":{"title":"Adult Programm - Bozovic Tennis Academy","description":"Dieses Programm ist f\u00fcr erwachsene Tennisspieler-innen entwickelt worden. Wir bieten das breiteste Angebot an Tennisprogrammen und Tennisunterricht f\u00fcr Erwachsene an!","robots":{"index":"index","follow":"follow","max-snippet":"max-snippet:-1","max-image-preview":"max-image-preview:large","max-video-preview":"max-video-preview:-1"},"canonical":"https:\/\/bozovictennisacademy.com\/v3\/de\/programme\/adult-programm\/","og_locale":"en_US","og_type":"article","og_title":"Adult Programm - Bozovic Tennis Academy","og_description":"Dieses Programm ist f\u00fcr erwachsene Tennisspieler-innen entwickelt worden. Wir bieten das breiteste Angebot an Tennisprogrammen und Tennisunterricht f\u00fcr Erwachsene an!","og_url":"https:\/\/bozovictennisacademy.com\/v3\/de\/programme\/adult-programm\/","og_site_name":"Bozovic Tennis Academy","article_publisher":"https:\/\/www.facebook.com\/bozovictennisacademy\/","article_modified_time":"2025-06-10T12:16:20+00:00","og_image":[{"width":1280,"height":854,"url":"https:\/\/bozovictennisacademy.com\/v3\/wp-content\/uploads\/2025\/02\/gi_adults_10.webp","type":"image\/webp"}],"twitter_card":"summary_large_image","twitter_misc":{"Est. reading time":"4 minutes"},"schema":{"@context":"https:\/\/schema.org","@graph":[{"@type":"WebPage","@id":"https:\/\/bozovictennisacademy.com\/v3\/de\/programme\/adult-programm\/","url":"https:\/\/bozovictennisacademy.com\/v3\/de\/programme\/adult-programm\/","name":"Adult Programm - Bozovic Tennis Academy","isPartOf":{"@id":"https:\/\/bozovictennisacademy.com\/v3\/#website"},"primaryImageOfPage":{"@id":"https:\/\/bozovictennisacademy.com\/v3\/de\/programme\/adult-programm\/#primaryimage"},"image":{"@id":"https:\/\/bozovictennisacademy.com\/v3\/de\/programme\/adult-programm\/#primaryimage"},"thumbnailUrl":"https:\/\/bozovictennisacademy.com\/v3\/wp-content\/uploads\/2025\/02\/gi_adults_10.webp","datePublished":"2022-05-09T12:04:50+00:00","dateModified":"2025-06-10T12:16:20+00:00","description":"Dieses Programm ist f\u00fcr erwachsene Tennisspieler-innen entwickelt worden. Wir bieten das breiteste Angebot an Tennisprogrammen und Tennisunterricht f\u00fcr Erwachsene an!","breadcrumb":{"@id":"https:\/\/bozovictennisacademy.com\/v3\/de\/programme\/adult-programm\/#breadcrumb"},"inLanguage":"en-US","potentialAction":[{"@type":"ReadAction","target":["https:\/\/bozovictennisacademy.com\/v3\/de\/programme\/adult-programm\/"]}]},{"@type":"ImageObject","inLanguage":"en-US","@id":"https:\/\/bozovictennisacademy.com\/v3\/de\/programme\/adult-programm\/#primaryimage","url":"https:\/\/bozovictennisacademy.com\/v3\/wp-content\/uploads\/2025\/02\/gi_adults_10.webp","contentUrl":"https:\/\/bozovictennisacademy.com\/v3\/wp-content\/uploads\/2025\/02\/gi_adults_10.webp","width":1280,"height":854},{"@type":"BreadcrumbList","@id":"https:\/\/bozovictennisacademy.com\/v3\/de\/programme\/adult-programm\/#breadcrumb","itemListElement":[{"@type":"ListItem","position":1,"name":"Home","item":"https:\/\/bozovictennisacademy.com\/v3\/"},{"@type":"ListItem","position":2,"name":"Programme und Dienstleistungen","item":"https:\/\/bozovictennisacademy.com\/v3\/de\/programme\/"},{"@type":"ListItem","position":3,"name":"Adult Programm"}]},{"@type":"WebSite","@id":"https:\/\/bozovictennisacademy.com\/v3\/#website","url":"https:\/\/bozovictennisacademy.com\/v3\/","name":"Bozovic Tennis Academy","description":"","potentialAction":[{"@type":"SearchAction","target":{"@type":"EntryPoint","urlTemplate":"https:\/\/bozovictennisacademy.com\/v3\/?s={search_term_string}"},"query-input":{"@type":"PropertyValueSpecification","valueRequired":true,"valueName":"search_term_string"}}],"inLanguage":"en-US"}]}},"_links":{"self":[{"href":"https:\/\/bozovictennisacademy.com\/v3\/wp-json\/wp\/v2\/pages\/2437","targetHints":{"allow":["GET"]}}],"collection":[{"href":"https:\/\/bozovictennisacademy.com\/v3\/wp-json\/wp\/v2\/pages"}],"about":[{"href":"https:\/\/bozovictennisacademy.com\/v3\/wp-json\/wp\/v2\/types\/page"}],"author":[{"embeddable":true,"href":"https:\/\/bozovictennisacademy.com\/v3\/wp-json\/wp\/v2\/users\/1"}],"replies":[{"embeddable":true,"href":"https:\/\/bozovictennisacademy.com\/v3\/wp-json\/wp\/v2\/comments?post=2437"}],"version-history":[{"count":12,"href":"https:\/\/bozovictennisacademy.com\/v3\/wp-json\/wp\/v2\/pages\/2437\/revisions"}],"predecessor-version":[{"id":2440,"href":"https:\/\/bozovictennisacademy.com\/v3\/wp-json\/wp\/v2\/pages\/2437\/revisions\/2440"}],"up":[{"embeddable":true,"href":"https:\/\/bozovictennisacademy.com\/v3\/wp-json\/wp\/v2\/pages\/2425"}],"wp:featuredmedia":[{"embeddable":true,"href":"https:\/\/bozovictennisacademy.com\/v3\/wp-json\/wp\/v2\/media\/4976"}],"wp:attachment":[{"href":"https:\/\/bozovictennisacademy.com\/v3\/wp-json\/wp\/v2\/media?parent=2437"}],"curies":[{"name":"wp","href":"https:\/\/api.w.org\/{rel}","templated":true}]}}