{"id":2444,"date":"2022-05-09T12:09:45","date_gmt":"2022-05-09T12:09:45","guid":{"rendered":"http:\/\/bozovictennisacademy.com\/v3\/?page_id=2444"},"modified":"2024-06-01T12:21:38","modified_gmt":"2024-06-01T12:21:38","slug":"turnierbegleitung","status":"publish","type":"page","link":"https:\/\/bozovictennisacademy.com\/v3\/de\/programme\/turnierbegleitung\/","title":{"rendered":"Turnierbegleitung"},"content":{"rendered":"<div id=\"pl-2444\"  class=\"panel-layout\" ><div id=\"pg-2444-0\"  class=\"panel-grid panel-no-style\" ><div id=\"pgc-2444-0-0\"  class=\"panel-grid-cell\" ><div id=\"panel-2444-0-0-0\" class=\"so-panel widget widget_sow-editor panel-first-child panel-last-child\" data-index=\"0\" ><div\n\t\t\t\n\t\t\tclass=\"so-widget-sow-editor so-widget-sow-editor-base\"\n\t\t\t\n\t\t>\n<div class=\"siteorigin-widget-tinymce textwidget\">\n\t<p><img loading=\"lazy\" decoding=\"async\" class=\"alignnone size-full wp-image-4535\" src=\"https:\/\/bozovictennisacademy.com\/v3\/wp-content\/uploads\/2024\/05\/gi_juniors_19.jpg\" alt=\"\" width=\"1280\" height=\"854\" srcset=\"https:\/\/bozovictennisacademy.com\/v3\/wp-content\/uploads\/2024\/05\/gi_juniors_19.jpg 1280w, https:\/\/bozovictennisacademy.com\/v3\/wp-content\/uploads\/2024\/05\/gi_juniors_19-300x200.jpg 300w, https:\/\/bozovictennisacademy.com\/v3\/wp-content\/uploads\/2024\/05\/gi_juniors_19-1024x683.jpg 1024w, https:\/\/bozovictennisacademy.com\/v3\/wp-content\/uploads\/2024\/05\/gi_juniors_19-768x512.jpg 768w, https:\/\/bozovictennisacademy.com\/v3\/wp-content\/uploads\/2024\/05\/gi_juniors_19-272x182.jpg 272w\" sizes=\"auto, (max-width: 1280px) 100vw, 1280px\" \/><\/p>\n<\/div>\n<\/div><\/div><\/div><\/div><div id=\"pg-2444-1\"  class=\"panel-grid panel-no-style\" ><div id=\"pgc-2444-1-0\"  class=\"panel-grid-cell\" ><div id=\"panel-2444-1-0-0\" class=\"so-panel widget widget_sow-editor panel-first-child panel-last-child\" data-index=\"1\" ><div\n\t\t\t\n\t\t\tclass=\"so-widget-sow-editor so-widget-sow-editor-base\"\n\t\t\t\n\t\t>\n<div class=\"siteorigin-widget-tinymce textwidget\">\n\t<h4>Programmbeschreibung<\/h4>\n<p>Ein Tennistrainer-in hat verschiedene Aufgaben und Verantwortlichkeiten, die vom Alter des Spielers und dessen Spielst\u00e4rke abh\u00e4ngen.<\/p>\n<p>Das Turnierbegleitung beinhaltet die Turnierbegleitung eines Spielers durch einen lizenzierten Trainer-in mit Erfahrung, ausgezeichneter Kommunikation und der Kompetenz, im Team zu arbeiten. Er ist positives Vorbild f\u00fcr die zu betreuenden Spieler-innen mit hervorragenden Sportkenntnissen und Trainerqualit\u00e4ten. Gleichzeitig ist er auch Bezugsperson f\u00fcr die Eltern der Spieler-in.<\/p>\n<p><strong>Unsere Leits\u00e4tze sind:<\/strong><\/p>\n<p>- Eingliederung<br \/>\n- Integrit\u00e4t<br \/>\n- Innovation und<br \/>\n- Ver\u00e4nderung<\/p>\n<p><strong>Die Verantwortlichkeiten des Trainers:<\/strong><\/p>\n<p>- Anwesenheit des Trainers w\u00e4hrend des Trainings auf dem Spielfeld<br \/>\n- Aufw\u00e4rmen<br \/>\n- Vorbereitung der Spieler-in vor dem Training<br \/>\n- Anleitung der Spieler-in beim Dehnen nach dem Training<br \/>\n- Kommunikation mit dem Spieler-in<br \/>\n- Kommunikation mit den Eltern<br \/>\n- Analyse und ausf\u00fchrlicher Bericht<\/p>\n<p><strong>Qualifikationen\/Fertigkeiten\/F\u00e4higkeiten:<\/strong><\/p>\n<p>- Erfahrung<br \/>\n- Nachgewiesene F\u00e4higkeiten in der Entwicklung und Motivation von Sportlern<br \/>\n- Teamspieler<br \/>\n- Beibringen relevanter F\u00e4higkeiten, Taktiken und Techniken<br \/>\n- \u00dcberwachung und Verbesserung der Leistung durch \u00dcbungen, Ermutigung und konstruktives Feedback<br \/>\n- St\u00e4rken und Schw\u00e4chen erkennen<br \/>\n- Beratung zu Gesundheits- und Lebensstilfragen.<\/p>\n<\/div>\n<\/div><\/div><\/div><\/div><\/div>","protected":false},"excerpt":{"rendered":"<p>Ein Tennistrainer-in hat verschiedene Aufgaben und Verantwortlichkeiten, die vom Alter des Spielers und dessen Spielst\u00e4rke abh\u00e4ngen.<\/p>\n","protected":false},"author":1,"featured_media":4535,"parent":2425,"menu_order":0,"comment_status":"closed","ping_status":"closed","template":"","meta":{"_acf_changed":false,"footnotes":""},"class_list":{"0":"post-2444","1":"page","2":"type-page","3":"status-publish","4":"has-post-thumbnail","6":"clearfix","7":"article"},"acf":[],"yoast_head":"<!-- This site is optimized with the Yoast SEO plugin v27.1.1 - https:\/\/yoast.com\/product\/yoast-seo-wordpress\/ -->\n<title>Turnierbegleitung - Bozovic Tennis Academy<\/title>\n<meta name=\"description\" content=\"Ein Tennistrainer-in hat verschiedene Aufgaben und Verantwortlichkeiten, die vom Alter des Spielers und dessen Spielst\u00e4rke abh\u00e4ngen.\" \/>\n<meta name=\"robots\" content=\"index, follow, max-snippet:-1, max-image-preview:large, max-video-preview:-1\" \/>\n<link rel=\"canonical\" href=\"https:\/\/bozovictennisacademy.com\/v3\/de\/programme\/turnierbegleitung\/\" \/>\n<meta property=\"og:locale\" content=\"en_US\" \/>\n<meta property=\"og:type\" content=\"article\" \/>\n<meta property=\"og:title\" content=\"Turnierbegleitung - Bozovic Tennis Academy\" \/>\n<meta property=\"og:description\" content=\"Ein Tennistrainer-in hat verschiedene Aufgaben und Verantwortlichkeiten, die vom Alter des Spielers und dessen Spielst\u00e4rke abh\u00e4ngen.\" \/>\n<meta property=\"og:url\" content=\"https:\/\/bozovictennisacademy.com\/v3\/de\/programme\/turnierbegleitung\/\" \/>\n<meta property=\"og:site_name\" content=\"Bozovic Tennis Academy\" \/>\n<meta property=\"article:publisher\" content=\"https:\/\/www.facebook.com\/bozovictennisacademy\/\" \/>\n<meta property=\"article:modified_time\" content=\"2024-06-01T12:21:38+00:00\" \/>\n<meta property=\"og:image\" content=\"https:\/\/bozovictennisacademy.com\/v3\/wp-content\/uploads\/2024\/05\/gi_juniors_19.jpg\" \/>\n\t<meta property=\"og:image:width\" content=\"1280\" \/>\n\t<meta property=\"og:image:height\" content=\"854\" \/>\n\t<meta property=\"og:image:type\" content=\"image\/jpeg\" \/>\n<meta name=\"twitter:card\" content=\"summary_large_image\" \/>\n<meta name=\"twitter:label1\" content=\"Est. reading time\" \/>\n\t<meta name=\"twitter:data1\" content=\"2 minutes\" \/>\n<script type=\"application\/ld+json\" class=\"yoast-schema-graph\">{\"@context\":\"https:\/\/schema.org\",\"@graph\":[{\"@type\":\"WebPage\",\"@id\":\"https:\/\/bozovictennisacademy.com\/v3\/de\/programme\/turnierbegleitung\/\",\"url\":\"https:\/\/bozovictennisacademy.com\/v3\/de\/programme\/turnierbegleitung\/\",\"name\":\"Turnierbegleitung - Bozovic Tennis Academy\",\"isPartOf\":{\"@id\":\"https:\/\/bozovictennisacademy.com\/v3\/#website\"},\"primaryImageOfPage\":{\"@id\":\"https:\/\/bozovictennisacademy.com\/v3\/de\/programme\/turnierbegleitung\/#primaryimage\"},\"image\":{\"@id\":\"https:\/\/bozovictennisacademy.com\/v3\/de\/programme\/turnierbegleitung\/#primaryimage\"},\"thumbnailUrl\":\"https:\/\/bozovictennisacademy.com\/v3\/wp-content\/uploads\/2024\/05\/gi_juniors_19.jpg\",\"datePublished\":\"2022-05-09T12:09:45+00:00\",\"dateModified\":\"2024-06-01T12:21:38+00:00\",\"description\":\"Ein Tennistrainer-in hat verschiedene Aufgaben und Verantwortlichkeiten, die vom Alter des Spielers und dessen Spielst\u00e4rke abh\u00e4ngen.\",\"breadcrumb\":{\"@id\":\"https:\/\/bozovictennisacademy.com\/v3\/de\/programme\/turnierbegleitung\/#breadcrumb\"},\"inLanguage\":\"en-US\",\"potentialAction\":[{\"@type\":\"ReadAction\",\"target\":[\"https:\/\/bozovictennisacademy.com\/v3\/de\/programme\/turnierbegleitung\/\"]}]},{\"@type\":\"ImageObject\",\"inLanguage\":\"en-US\",\"@id\":\"https:\/\/bozovictennisacademy.com\/v3\/de\/programme\/turnierbegleitung\/#primaryimage\",\"url\":\"https:\/\/bozovictennisacademy.com\/v3\/wp-content\/uploads\/2024\/05\/gi_juniors_19.jpg\",\"contentUrl\":\"https:\/\/bozovictennisacademy.com\/v3\/wp-content\/uploads\/2024\/05\/gi_juniors_19.jpg\",\"width\":1280,\"height\":854},{\"@type\":\"BreadcrumbList\",\"@id\":\"https:\/\/bozovictennisacademy.com\/v3\/de\/programme\/turnierbegleitung\/#breadcrumb\",\"itemListElement\":[{\"@type\":\"ListItem\",\"position\":1,\"name\":\"Home\",\"item\":\"https:\/\/bozovictennisacademy.com\/v3\/\"},{\"@type\":\"ListItem\",\"position\":2,\"name\":\"Programme und Dienstleistungen\",\"item\":\"https:\/\/bozovictennisacademy.com\/v3\/de\/programme\/\"},{\"@type\":\"ListItem\",\"position\":3,\"name\":\"Turnierbegleitung\"}]},{\"@type\":\"WebSite\",\"@id\":\"https:\/\/bozovictennisacademy.com\/v3\/#website\",\"url\":\"https:\/\/bozovictennisacademy.com\/v3\/\",\"name\":\"Bozovic Tennis Academy\",\"description\":\"\",\"potentialAction\":[{\"@type\":\"SearchAction\",\"target\":{\"@type\":\"EntryPoint\",\"urlTemplate\":\"https:\/\/bozovictennisacademy.com\/v3\/?s={search_term_string}\"},\"query-input\":{\"@type\":\"PropertyValueSpecification\",\"valueRequired\":true,\"valueName\":\"search_term_string\"}}],\"inLanguage\":\"en-US\"}]}<\/script>\n<!-- \/ Yoast SEO plugin. -->","yoast_head_json":{"title":"Turnierbegleitung - Bozovic Tennis Academy","description":"Ein Tennistrainer-in hat verschiedene Aufgaben und Verantwortlichkeiten, die vom Alter des Spielers und dessen Spielst\u00e4rke abh\u00e4ngen.","robots":{"index":"index","follow":"follow","max-snippet":"max-snippet:-1","max-image-preview":"max-image-preview:large","max-video-preview":"max-video-preview:-1"},"canonical":"https:\/\/bozovictennisacademy.com\/v3\/de\/programme\/turnierbegleitung\/","og_locale":"en_US","og_type":"article","og_title":"Turnierbegleitung - Bozovic Tennis Academy","og_description":"Ein Tennistrainer-in hat verschiedene Aufgaben und Verantwortlichkeiten, die vom Alter des Spielers und dessen Spielst\u00e4rke abh\u00e4ngen.","og_url":"https:\/\/bozovictennisacademy.com\/v3\/de\/programme\/turnierbegleitung\/","og_site_name":"Bozovic Tennis Academy","article_publisher":"https:\/\/www.facebook.com\/bozovictennisacademy\/","article_modified_time":"2024-06-01T12:21:38+00:00","og_image":[{"width":1280,"height":854,"url":"https:\/\/bozovictennisacademy.com\/v3\/wp-content\/uploads\/2024\/05\/gi_juniors_19.jpg","type":"image\/jpeg"}],"twitter_card":"summary_large_image","twitter_misc":{"Est. reading time":"2 minutes"},"schema":{"@context":"https:\/\/schema.org","@graph":[{"@type":"WebPage","@id":"https:\/\/bozovictennisacademy.com\/v3\/de\/programme\/turnierbegleitung\/","url":"https:\/\/bozovictennisacademy.com\/v3\/de\/programme\/turnierbegleitung\/","name":"Turnierbegleitung - Bozovic Tennis Academy","isPartOf":{"@id":"https:\/\/bozovictennisacademy.com\/v3\/#website"},"primaryImageOfPage":{"@id":"https:\/\/bozovictennisacademy.com\/v3\/de\/programme\/turnierbegleitung\/#primaryimage"},"image":{"@id":"https:\/\/bozovictennisacademy.com\/v3\/de\/programme\/turnierbegleitung\/#primaryimage"},"thumbnailUrl":"https:\/\/bozovictennisacademy.com\/v3\/wp-content\/uploads\/2024\/05\/gi_juniors_19.jpg","datePublished":"2022-05-09T12:09:45+00:00","dateModified":"2024-06-01T12:21:38+00:00","description":"Ein Tennistrainer-in hat verschiedene Aufgaben und Verantwortlichkeiten, die vom Alter des Spielers und dessen Spielst\u00e4rke abh\u00e4ngen.","breadcrumb":{"@id":"https:\/\/bozovictennisacademy.com\/v3\/de\/programme\/turnierbegleitung\/#breadcrumb"},"inLanguage":"en-US","potentialAction":[{"@type":"ReadAction","target":["https:\/\/bozovictennisacademy.com\/v3\/de\/programme\/turnierbegleitung\/"]}]},{"@type":"ImageObject","inLanguage":"en-US","@id":"https:\/\/bozovictennisacademy.com\/v3\/de\/programme\/turnierbegleitung\/#primaryimage","url":"https:\/\/bozovictennisacademy.com\/v3\/wp-content\/uploads\/2024\/05\/gi_juniors_19.jpg","contentUrl":"https:\/\/bozovictennisacademy.com\/v3\/wp-content\/uploads\/2024\/05\/gi_juniors_19.jpg","width":1280,"height":854},{"@type":"BreadcrumbList","@id":"https:\/\/bozovictennisacademy.com\/v3\/de\/programme\/turnierbegleitung\/#breadcrumb","itemListElement":[{"@type":"ListItem","position":1,"name":"Home","item":"https:\/\/bozovictennisacademy.com\/v3\/"},{"@type":"ListItem","position":2,"name":"Programme und Dienstleistungen","item":"https:\/\/bozovictennisacademy.com\/v3\/de\/programme\/"},{"@type":"ListItem","position":3,"name":"Turnierbegleitung"}]},{"@type":"WebSite","@id":"https:\/\/bozovictennisacademy.com\/v3\/#website","url":"https:\/\/bozovictennisacademy.com\/v3\/","name":"Bozovic Tennis Academy","description":"","potentialAction":[{"@type":"SearchAction","target":{"@type":"EntryPoint","urlTemplate":"https:\/\/bozovictennisacademy.com\/v3\/?s={search_term_string}"},"query-input":{"@type":"PropertyValueSpecification","valueRequired":true,"valueName":"search_term_string"}}],"inLanguage":"en-US"}]}},"_links":{"self":[{"href":"https:\/\/bozovictennisacademy.com\/v3\/wp-json\/wp\/v2\/pages\/2444","targetHints":{"allow":["GET"]}}],"collection":[{"href":"https:\/\/bozovictennisacademy.com\/v3\/wp-json\/wp\/v2\/pages"}],"about":[{"href":"https:\/\/bozovictennisacademy.com\/v3\/wp-json\/wp\/v2\/types\/page"}],"author":[{"embeddable":true,"href":"https:\/\/bozovictennisacademy.com\/v3\/wp-json\/wp\/v2\/users\/1"}],"replies":[{"embeddable":true,"href":"https:\/\/bozovictennisacademy.com\/v3\/wp-json\/wp\/v2\/comments?post=2444"}],"version-history":[{"count":5,"href":"https:\/\/bozovictennisacademy.com\/v3\/wp-json\/wp\/v2\/pages\/2444\/revisions"}],"predecessor-version":[{"id":4620,"href":"https:\/\/bozovictennisacademy.com\/v3\/wp-json\/wp\/v2\/pages\/2444\/revisions\/4620"}],"up":[{"embeddable":true,"href":"https:\/\/bozovictennisacademy.com\/v3\/wp-json\/wp\/v2\/pages\/2425"}],"wp:featuredmedia":[{"embeddable":true,"href":"https:\/\/bozovictennisacademy.com\/v3\/wp-json\/wp\/v2\/media\/4535"}],"wp:attachment":[{"href":"https:\/\/bozovictennisacademy.com\/v3\/wp-json\/wp\/v2\/media?parent=2444"}],"curies":[{"name":"wp","href":"https:\/\/api.w.org\/{rel}","templated":true}]}}