{"id":2450,"date":"2022-05-09T12:12:44","date_gmt":"2022-05-09T12:12:44","guid":{"rendered":"http:\/\/bozovictennisacademy.com\/v3\/?page_id=2450"},"modified":"2022-05-17T10:41:11","modified_gmt":"2022-05-17T10:41:11","slug":"beratung-durch-bojan-bozovic","status":"publish","type":"page","link":"https:\/\/bozovictennisacademy.com\/v3\/de\/programme\/beratung-durch-bojan-bozovic\/","title":{"rendered":"Beratung durch Bojan Bozovic"},"content":{"rendered":"<div id=\"pl-2450\"  class=\"panel-layout\" ><div id=\"pg-2450-0\"  class=\"panel-grid panel-no-style\" ><div id=\"pgc-2450-0-0\"  class=\"panel-grid-cell\" ><div id=\"panel-2450-0-0-0\" class=\"so-panel widget widget_sow-editor panel-first-child panel-last-child\" data-index=\"0\" ><div\n\t\t\t\n\t\t\tclass=\"so-widget-sow-editor so-widget-sow-editor-base\"\n\t\t\t\n\t\t>\n<div class=\"siteorigin-widget-tinymce textwidget\">\n\t<p><img loading=\"lazy\" decoding=\"async\" class=\"alignnone size-full wp-image-1487\" src=\"http:\/\/bozovictennisacademy.com\/v3\/wp-content\/uploads\/2021\/10\/programi_consulting_bojan.jpg\" alt=\"\" width=\"1024\" height=\"683\" srcset=\"https:\/\/bozovictennisacademy.com\/v3\/wp-content\/uploads\/2021\/10\/programi_consulting_bojan.jpg 1024w, https:\/\/bozovictennisacademy.com\/v3\/wp-content\/uploads\/2021\/10\/programi_consulting_bojan-300x200.jpg 300w, https:\/\/bozovictennisacademy.com\/v3\/wp-content\/uploads\/2021\/10\/programi_consulting_bojan-768x512.jpg 768w, https:\/\/bozovictennisacademy.com\/v3\/wp-content\/uploads\/2021\/10\/programi_consulting_bojan-272x182.jpg 272w\" sizes=\"auto, (max-width: 1024px) 100vw, 1024px\" \/><\/p>\n<\/div>\n<\/div><\/div><\/div><\/div><div id=\"pg-2450-1\"  class=\"panel-grid panel-no-style\" ><div id=\"pgc-2450-1-0\"  class=\"panel-grid-cell\" ><div id=\"panel-2450-1-0-0\" class=\"so-panel widget widget_sow-editor panel-first-child panel-last-child\" data-index=\"1\" ><div\n\t\t\t\n\t\t\tclass=\"so-widget-sow-editor so-widget-sow-editor-base\"\n\t\t\t\n\t\t>\n<div class=\"siteorigin-widget-tinymce textwidget\">\n\t<h4>Programmbeschreibung<\/h4>\n<p>Dieses Programm bietet ein einst\u00fcndiges Gespr\u00e4ch mit Bojan Bozovic abseits des Platzes, in dem er seine Erfahrung als Tennisspieler und Trainer mit ihnen teilt (sein Werdegang, seine Erlebnisse, seine erreichten Ziele\u2026), Ratschl\u00e4ge vermittelt, Hinweise und Informationen weitergibt und alle Fragen beantwortet, die Spieler, Eltern oder Trainer, Clubs, Akademien an ihn richten.<\/p>\n<p>Zur besseren Vorbereitung sollten die Fragen im Voraus gestellt werden.<\/p>\n<p>Bojan Bozovic arbeitet als Berater beim Aufbau von Sportsystemen in Clubs, Sportorganisationen und Akademien.<\/p>\n<p>Das k\u00f6nnen sie von ihm lernen:<br \/>\n- Einrichten des Sportsystem<br \/>\n- Grunds\u00e4tze f\u00fcr den Systemaufbau<br \/>\n- Analyse des Ist-Zustandes und die Pr\u00e4sentation der Zukunftsschritte<br \/>\n- Die Maximierung des Potenzials eines Clubs oder einer Akademie<br \/>\n- Ausbildung von Trainern<br \/>\n- Beratung von Trainern<br \/>\n- Spezielle Strategien und Taktiken f\u00fcr Trainer zur Ursachenforschung, die beim Training mit den Spielern und den M\u00f6glichkeiten im Tennis n\u00fctzlich sind.<br \/>\n- Umgang mit Sponsoring<br \/>\n- Management von Sportorganisation<br \/>\n- Entwicklung von F\u00fchrungsqualit\u00e4ten<br \/>\n- Coaching-Grunds\u00e4tzen, die die Grundlage der Betreuung und der sportlichen Leistung abdecken.<\/p>\n<\/div>\n<\/div><\/div><\/div><\/div><\/div>","protected":false},"excerpt":{"rendered":"<p>Dieses Programm bietet ein einst\u00fcndiges Gespr\u00e4ch mit Bojan Bozovic abseits des Platzes, in dem er seine Erfahrung als Tennisspieler und Trainer mit ihnen teilt (sein Werdegang, seine Erlebnisse, seine erreichten Ziele\u2026). <\/p>\n","protected":false},"author":1,"featured_media":1487,"parent":2425,"menu_order":0,"comment_status":"closed","ping_status":"closed","template":"","meta":{"_acf_changed":false,"footnotes":""},"class_list":{"0":"post-2450","1":"page","2":"type-page","3":"status-publish","4":"has-post-thumbnail","6":"clearfix","7":"article"},"acf":[],"yoast_head":"<!-- This site is optimized with the Yoast SEO plugin v27.1.1 - https:\/\/yoast.com\/product\/yoast-seo-wordpress\/ -->\n<title>Beratung durch Bojan Bozovic - Bozovic Tennis Academy<\/title>\n<meta name=\"description\" content=\"Dieses Programm bietet ein einst\u00fcndiges Gespr\u00e4ch mit Bojan Bozovic abseits des Platzes, in dem er seine Erfahrung als Tennisspieler und Trainer mit ihnen teilt (sein Werdegang, seine Erlebnisse, seine erreichten Ziele\u2026).\" \/>\n<meta name=\"robots\" content=\"index, follow, max-snippet:-1, max-image-preview:large, max-video-preview:-1\" \/>\n<link rel=\"canonical\" href=\"https:\/\/bozovictennisacademy.com\/v3\/de\/programme\/beratung-durch-bojan-bozovic\/\" \/>\n<meta property=\"og:locale\" content=\"en_US\" \/>\n<meta property=\"og:type\" content=\"article\" \/>\n<meta property=\"og:title\" content=\"Beratung durch Bojan Bozovic - Bozovic Tennis Academy\" \/>\n<meta property=\"og:description\" content=\"Dieses Programm bietet ein einst\u00fcndiges Gespr\u00e4ch mit Bojan Bozovic abseits des Platzes, in dem er seine Erfahrung als Tennisspieler und Trainer mit ihnen teilt (sein Werdegang, seine Erlebnisse, seine erreichten Ziele\u2026).\" \/>\n<meta property=\"og:url\" content=\"https:\/\/bozovictennisacademy.com\/v3\/de\/programme\/beratung-durch-bojan-bozovic\/\" \/>\n<meta property=\"og:site_name\" content=\"Bozovic Tennis Academy\" \/>\n<meta property=\"article:publisher\" content=\"https:\/\/www.facebook.com\/bozovictennisacademy\/\" \/>\n<meta property=\"article:modified_time\" content=\"2022-05-17T10:41:11+00:00\" \/>\n<meta property=\"og:image\" content=\"https:\/\/bozovictennisacademy.com\/v3\/wp-content\/uploads\/2021\/10\/programi_consulting_bojan.jpg\" \/>\n\t<meta property=\"og:image:width\" content=\"1024\" \/>\n\t<meta property=\"og:image:height\" content=\"683\" \/>\n\t<meta property=\"og:image:type\" content=\"image\/jpeg\" \/>\n<meta name=\"twitter:card\" content=\"summary_large_image\" \/>\n<meta name=\"twitter:label1\" content=\"Est. reading time\" \/>\n\t<meta name=\"twitter:data1\" content=\"1 minute\" \/>\n<script type=\"application\/ld+json\" class=\"yoast-schema-graph\">{\"@context\":\"https:\/\/schema.org\",\"@graph\":[{\"@type\":\"WebPage\",\"@id\":\"https:\/\/bozovictennisacademy.com\/v3\/de\/programme\/beratung-durch-bojan-bozovic\/\",\"url\":\"https:\/\/bozovictennisacademy.com\/v3\/de\/programme\/beratung-durch-bojan-bozovic\/\",\"name\":\"Beratung durch Bojan Bozovic - Bozovic Tennis Academy\",\"isPartOf\":{\"@id\":\"https:\/\/bozovictennisacademy.com\/v3\/#website\"},\"primaryImageOfPage\":{\"@id\":\"https:\/\/bozovictennisacademy.com\/v3\/de\/programme\/beratung-durch-bojan-bozovic\/#primaryimage\"},\"image\":{\"@id\":\"https:\/\/bozovictennisacademy.com\/v3\/de\/programme\/beratung-durch-bojan-bozovic\/#primaryimage\"},\"thumbnailUrl\":\"https:\/\/bozovictennisacademy.com\/v3\/wp-content\/uploads\/2021\/10\/programi_consulting_bojan.jpg\",\"datePublished\":\"2022-05-09T12:12:44+00:00\",\"dateModified\":\"2022-05-17T10:41:11+00:00\",\"description\":\"Dieses Programm bietet ein einst\u00fcndiges Gespr\u00e4ch mit Bojan Bozovic abseits des Platzes, in dem er seine Erfahrung als Tennisspieler und Trainer mit ihnen teilt (sein Werdegang, seine Erlebnisse, seine erreichten Ziele\u2026).\",\"breadcrumb\":{\"@id\":\"https:\/\/bozovictennisacademy.com\/v3\/de\/programme\/beratung-durch-bojan-bozovic\/#breadcrumb\"},\"inLanguage\":\"en-US\",\"potentialAction\":[{\"@type\":\"ReadAction\",\"target\":[\"https:\/\/bozovictennisacademy.com\/v3\/de\/programme\/beratung-durch-bojan-bozovic\/\"]}]},{\"@type\":\"ImageObject\",\"inLanguage\":\"en-US\",\"@id\":\"https:\/\/bozovictennisacademy.com\/v3\/de\/programme\/beratung-durch-bojan-bozovic\/#primaryimage\",\"url\":\"https:\/\/bozovictennisacademy.com\/v3\/wp-content\/uploads\/2021\/10\/programi_consulting_bojan.jpg\",\"contentUrl\":\"https:\/\/bozovictennisacademy.com\/v3\/wp-content\/uploads\/2021\/10\/programi_consulting_bojan.jpg\",\"width\":1024,\"height\":683},{\"@type\":\"BreadcrumbList\",\"@id\":\"https:\/\/bozovictennisacademy.com\/v3\/de\/programme\/beratung-durch-bojan-bozovic\/#breadcrumb\",\"itemListElement\":[{\"@type\":\"ListItem\",\"position\":1,\"name\":\"Home\",\"item\":\"https:\/\/bozovictennisacademy.com\/v3\/\"},{\"@type\":\"ListItem\",\"position\":2,\"name\":\"Programme und Dienstleistungen\",\"item\":\"https:\/\/bozovictennisacademy.com\/v3\/de\/programme\/\"},{\"@type\":\"ListItem\",\"position\":3,\"name\":\"Beratung durch Bojan Bozovic\"}]},{\"@type\":\"WebSite\",\"@id\":\"https:\/\/bozovictennisacademy.com\/v3\/#website\",\"url\":\"https:\/\/bozovictennisacademy.com\/v3\/\",\"name\":\"Bozovic Tennis Academy\",\"description\":\"\",\"potentialAction\":[{\"@type\":\"SearchAction\",\"target\":{\"@type\":\"EntryPoint\",\"urlTemplate\":\"https:\/\/bozovictennisacademy.com\/v3\/?s={search_term_string}\"},\"query-input\":{\"@type\":\"PropertyValueSpecification\",\"valueRequired\":true,\"valueName\":\"search_term_string\"}}],\"inLanguage\":\"en-US\"}]}<\/script>\n<!-- \/ Yoast SEO plugin. -->","yoast_head_json":{"title":"Beratung durch Bojan Bozovic - Bozovic Tennis Academy","description":"Dieses Programm bietet ein einst\u00fcndiges Gespr\u00e4ch mit Bojan Bozovic abseits des Platzes, in dem er seine Erfahrung als Tennisspieler und Trainer mit ihnen teilt (sein Werdegang, seine Erlebnisse, seine erreichten Ziele\u2026).","robots":{"index":"index","follow":"follow","max-snippet":"max-snippet:-1","max-image-preview":"max-image-preview:large","max-video-preview":"max-video-preview:-1"},"canonical":"https:\/\/bozovictennisacademy.com\/v3\/de\/programme\/beratung-durch-bojan-bozovic\/","og_locale":"en_US","og_type":"article","og_title":"Beratung durch Bojan Bozovic - Bozovic Tennis Academy","og_description":"Dieses Programm bietet ein einst\u00fcndiges Gespr\u00e4ch mit Bojan Bozovic abseits des Platzes, in dem er seine Erfahrung als Tennisspieler und Trainer mit ihnen teilt (sein Werdegang, seine Erlebnisse, seine erreichten Ziele\u2026).","og_url":"https:\/\/bozovictennisacademy.com\/v3\/de\/programme\/beratung-durch-bojan-bozovic\/","og_site_name":"Bozovic Tennis Academy","article_publisher":"https:\/\/www.facebook.com\/bozovictennisacademy\/","article_modified_time":"2022-05-17T10:41:11+00:00","og_image":[{"width":1024,"height":683,"url":"https:\/\/bozovictennisacademy.com\/v3\/wp-content\/uploads\/2021\/10\/programi_consulting_bojan.jpg","type":"image\/jpeg"}],"twitter_card":"summary_large_image","twitter_misc":{"Est. reading time":"1 minute"},"schema":{"@context":"https:\/\/schema.org","@graph":[{"@type":"WebPage","@id":"https:\/\/bozovictennisacademy.com\/v3\/de\/programme\/beratung-durch-bojan-bozovic\/","url":"https:\/\/bozovictennisacademy.com\/v3\/de\/programme\/beratung-durch-bojan-bozovic\/","name":"Beratung durch Bojan Bozovic - Bozovic Tennis Academy","isPartOf":{"@id":"https:\/\/bozovictennisacademy.com\/v3\/#website"},"primaryImageOfPage":{"@id":"https:\/\/bozovictennisacademy.com\/v3\/de\/programme\/beratung-durch-bojan-bozovic\/#primaryimage"},"image":{"@id":"https:\/\/bozovictennisacademy.com\/v3\/de\/programme\/beratung-durch-bojan-bozovic\/#primaryimage"},"thumbnailUrl":"https:\/\/bozovictennisacademy.com\/v3\/wp-content\/uploads\/2021\/10\/programi_consulting_bojan.jpg","datePublished":"2022-05-09T12:12:44+00:00","dateModified":"2022-05-17T10:41:11+00:00","description":"Dieses Programm bietet ein einst\u00fcndiges Gespr\u00e4ch mit Bojan Bozovic abseits des Platzes, in dem er seine Erfahrung als Tennisspieler und Trainer mit ihnen teilt (sein Werdegang, seine Erlebnisse, seine erreichten Ziele\u2026).","breadcrumb":{"@id":"https:\/\/bozovictennisacademy.com\/v3\/de\/programme\/beratung-durch-bojan-bozovic\/#breadcrumb"},"inLanguage":"en-US","potentialAction":[{"@type":"ReadAction","target":["https:\/\/bozovictennisacademy.com\/v3\/de\/programme\/beratung-durch-bojan-bozovic\/"]}]},{"@type":"ImageObject","inLanguage":"en-US","@id":"https:\/\/bozovictennisacademy.com\/v3\/de\/programme\/beratung-durch-bojan-bozovic\/#primaryimage","url":"https:\/\/bozovictennisacademy.com\/v3\/wp-content\/uploads\/2021\/10\/programi_consulting_bojan.jpg","contentUrl":"https:\/\/bozovictennisacademy.com\/v3\/wp-content\/uploads\/2021\/10\/programi_consulting_bojan.jpg","width":1024,"height":683},{"@type":"BreadcrumbList","@id":"https:\/\/bozovictennisacademy.com\/v3\/de\/programme\/beratung-durch-bojan-bozovic\/#breadcrumb","itemListElement":[{"@type":"ListItem","position":1,"name":"Home","item":"https:\/\/bozovictennisacademy.com\/v3\/"},{"@type":"ListItem","position":2,"name":"Programme und Dienstleistungen","item":"https:\/\/bozovictennisacademy.com\/v3\/de\/programme\/"},{"@type":"ListItem","position":3,"name":"Beratung durch Bojan Bozovic"}]},{"@type":"WebSite","@id":"https:\/\/bozovictennisacademy.com\/v3\/#website","url":"https:\/\/bozovictennisacademy.com\/v3\/","name":"Bozovic Tennis Academy","description":"","potentialAction":[{"@type":"SearchAction","target":{"@type":"EntryPoint","urlTemplate":"https:\/\/bozovictennisacademy.com\/v3\/?s={search_term_string}"},"query-input":{"@type":"PropertyValueSpecification","valueRequired":true,"valueName":"search_term_string"}}],"inLanguage":"en-US"}]}},"_links":{"self":[{"href":"https:\/\/bozovictennisacademy.com\/v3\/wp-json\/wp\/v2\/pages\/2450","targetHints":{"allow":["GET"]}}],"collection":[{"href":"https:\/\/bozovictennisacademy.com\/v3\/wp-json\/wp\/v2\/pages"}],"about":[{"href":"https:\/\/bozovictennisacademy.com\/v3\/wp-json\/wp\/v2\/types\/page"}],"author":[{"embeddable":true,"href":"https:\/\/bozovictennisacademy.com\/v3\/wp-json\/wp\/v2\/users\/1"}],"replies":[{"embeddable":true,"href":"https:\/\/bozovictennisacademy.com\/v3\/wp-json\/wp\/v2\/comments?post=2450"}],"version-history":[{"count":2,"href":"https:\/\/bozovictennisacademy.com\/v3\/wp-json\/wp\/v2\/pages\/2450\/revisions"}],"predecessor-version":[{"id":2645,"href":"https:\/\/bozovictennisacademy.com\/v3\/wp-json\/wp\/v2\/pages\/2450\/revisions\/2645"}],"up":[{"embeddable":true,"href":"https:\/\/bozovictennisacademy.com\/v3\/wp-json\/wp\/v2\/pages\/2425"}],"wp:featuredmedia":[{"embeddable":true,"href":"https:\/\/bozovictennisacademy.com\/v3\/wp-json\/wp\/v2\/media\/1487"}],"wp:attachment":[{"href":"https:\/\/bozovictennisacademy.com\/v3\/wp-json\/wp\/v2\/media?parent=2450"}],"curies":[{"name":"wp","href":"https:\/\/api.w.org\/{rel}","templated":true}]}}