{"id":2928,"date":"2022-08-24T14:27:08","date_gmt":"2022-08-24T14:27:08","guid":{"rendered":"http:\/\/bozovictennisacademy.com\/v3\/?page_id=2928"},"modified":"2024-04-19T12:29:07","modified_gmt":"2024-04-19T12:29:07","slug":"sommer2022","status":"publish","type":"page","link":"https:\/\/bozovictennisacademy.com\/v3\/de\/photo-gallerie\/sommer2022\/","title":{"rendered":"Photo Gallerie &#8211; Sommer 2022"},"content":{"rendered":"<div id=\"pl-2928\"  class=\"panel-layout\" ><div id=\"pg-2928-0\"  class=\"panel-grid panel-no-style\" ><div id=\"pgc-2928-0-0\"  class=\"panel-grid-cell\" ><div id=\"panel-2928-0-0-0\" class=\"so-panel widget widget_sow-editor panel-first-child panel-last-child\" data-index=\"0\" ><div\n\t\t\t\n\t\t\tclass=\"so-widget-sow-editor so-widget-sow-editor-base\"\n\t\t\t\n\t\t>\n<div class=\"siteorigin-widget-tinymce textwidget\">\n\t<div id='gallery-1' class='gallery galleryid-2928 gallery-columns-6 gallery-size-thumbnail'><figure class='gallery-item'>\n\t\t\t<div class='gallery-icon landscape'>\n\t\t\t\t<a href='https:\/\/bozovictennisacademy.com\/v3\/wp-content\/uploads\/2022\/08\/bta_summer2022_07.jpg'><img loading=\"lazy\" decoding=\"async\" width=\"150\" height=\"150\" src=\"https:\/\/bozovictennisacademy.com\/v3\/wp-content\/uploads\/2022\/08\/bta_summer2022_07-150x150.jpg\" class=\"attachment-thumbnail size-thumbnail\" alt=\"\" \/><\/a>\n\t\t\t<\/div><\/figure><figure class='gallery-item'>\n\t\t\t<div class='gallery-icon landscape'>\n\t\t\t\t<a href='https:\/\/bozovictennisacademy.com\/v3\/wp-content\/uploads\/2022\/08\/bta_summer2022_02.jpg'><img loading=\"lazy\" decoding=\"async\" width=\"150\" height=\"150\" src=\"https:\/\/bozovictennisacademy.com\/v3\/wp-content\/uploads\/2022\/08\/bta_summer2022_02-150x150.jpg\" class=\"attachment-thumbnail size-thumbnail\" alt=\"\" \/><\/a>\n\t\t\t<\/div><\/figure><figure class='gallery-item'>\n\t\t\t<div class='gallery-icon landscape'>\n\t\t\t\t<a href='https:\/\/bozovictennisacademy.com\/v3\/wp-content\/uploads\/2022\/08\/bta_summer2022_01.jpg'><img loading=\"lazy\" decoding=\"async\" width=\"150\" height=\"150\" src=\"https:\/\/bozovictennisacademy.com\/v3\/wp-content\/uploads\/2022\/08\/bta_summer2022_01-150x150.jpg\" class=\"attachment-thumbnail size-thumbnail\" alt=\"\" \/><\/a>\n\t\t\t<\/div><\/figure><figure class='gallery-item'>\n\t\t\t<div class='gallery-icon landscape'>\n\t\t\t\t<a href='https:\/\/bozovictennisacademy.com\/v3\/wp-content\/uploads\/2022\/08\/bta_summer2022_03.jpg'><img loading=\"lazy\" decoding=\"async\" width=\"150\" height=\"150\" src=\"https:\/\/bozovictennisacademy.com\/v3\/wp-content\/uploads\/2022\/08\/bta_summer2022_03-150x150.jpg\" class=\"attachment-thumbnail size-thumbnail\" alt=\"\" \/><\/a>\n\t\t\t<\/div><\/figure><figure class='gallery-item'>\n\t\t\t<div class='gallery-icon landscape'>\n\t\t\t\t<a href='https:\/\/bozovictennisacademy.com\/v3\/wp-content\/uploads\/2022\/08\/bta_summer2022_04.jpg'><img loading=\"lazy\" decoding=\"async\" width=\"150\" height=\"150\" src=\"https:\/\/bozovictennisacademy.com\/v3\/wp-content\/uploads\/2022\/08\/bta_summer2022_04-150x150.jpg\" class=\"attachment-thumbnail size-thumbnail\" alt=\"\" \/><\/a>\n\t\t\t<\/div><\/figure><figure class='gallery-item'>\n\t\t\t<div class='gallery-icon landscape'>\n\t\t\t\t<a href='https:\/\/bozovictennisacademy.com\/v3\/wp-content\/uploads\/2022\/08\/bta_summer2022_05.jpg'><img loading=\"lazy\" decoding=\"async\" width=\"150\" height=\"150\" src=\"https:\/\/bozovictennisacademy.com\/v3\/wp-content\/uploads\/2022\/08\/bta_summer2022_05-150x150.jpg\" class=\"attachment-thumbnail size-thumbnail\" alt=\"\" \/><\/a>\n\t\t\t<\/div><\/figure><figure class='gallery-item'>\n\t\t\t<div class='gallery-icon landscape'>\n\t\t\t\t<a href='https:\/\/bozovictennisacademy.com\/v3\/wp-content\/uploads\/2022\/08\/bta_summer2022_06.jpg'><img loading=\"lazy\" decoding=\"async\" width=\"150\" height=\"150\" src=\"https:\/\/bozovictennisacademy.com\/v3\/wp-content\/uploads\/2022\/08\/bta_summer2022_06-150x150.jpg\" class=\"attachment-thumbnail size-thumbnail\" alt=\"\" \/><\/a>\n\t\t\t<\/div><\/figure><figure class='gallery-item'>\n\t\t\t<div class='gallery-icon landscape'>\n\t\t\t\t<a href='https:\/\/bozovictennisacademy.com\/v3\/wp-content\/uploads\/2022\/08\/bta_summer2022_08.jpg'><img loading=\"lazy\" decoding=\"async\" width=\"150\" height=\"150\" src=\"https:\/\/bozovictennisacademy.com\/v3\/wp-content\/uploads\/2022\/08\/bta_summer2022_08-150x150.jpg\" class=\"attachment-thumbnail size-thumbnail\" alt=\"\" \/><\/a>\n\t\t\t<\/div><\/figure><figure class='gallery-item'>\n\t\t\t<div class='gallery-icon landscape'>\n\t\t\t\t<a href='https:\/\/bozovictennisacademy.com\/v3\/wp-content\/uploads\/2022\/08\/bta_summer2022_09.jpg'><img loading=\"lazy\" decoding=\"async\" width=\"150\" height=\"150\" src=\"https:\/\/bozovictennisacademy.com\/v3\/wp-content\/uploads\/2022\/08\/bta_summer2022_09-150x150.jpg\" class=\"attachment-thumbnail size-thumbnail\" alt=\"\" \/><\/a>\n\t\t\t<\/div><\/figure><figure class='gallery-item'>\n\t\t\t<div class='gallery-icon landscape'>\n\t\t\t\t<a href='https:\/\/bozovictennisacademy.com\/v3\/wp-content\/uploads\/2022\/08\/bta_summer2022_10.jpg'><img loading=\"lazy\" decoding=\"async\" width=\"150\" height=\"150\" src=\"https:\/\/bozovictennisacademy.com\/v3\/wp-content\/uploads\/2022\/08\/bta_summer2022_10-150x150.jpg\" class=\"attachment-thumbnail size-thumbnail\" alt=\"\" \/><\/a>\n\t\t\t<\/div><\/figure><figure class='gallery-item'>\n\t\t\t<div class='gallery-icon landscape'>\n\t\t\t\t<a href='https:\/\/bozovictennisacademy.com\/v3\/wp-content\/uploads\/2022\/08\/bta_summer2022_11.jpg'><img loading=\"lazy\" decoding=\"async\" width=\"150\" height=\"150\" src=\"https:\/\/bozovictennisacademy.com\/v3\/wp-content\/uploads\/2022\/08\/bta_summer2022_11-150x150.jpg\" class=\"attachment-thumbnail size-thumbnail\" alt=\"\" \/><\/a>\n\t\t\t<\/div><\/figure><figure class='gallery-item'>\n\t\t\t<div class='gallery-icon landscape'>\n\t\t\t\t<a href='https:\/\/bozovictennisacademy.com\/v3\/wp-content\/uploads\/2022\/08\/bta_summer2022_12.jpg'><img loading=\"lazy\" decoding=\"async\" width=\"150\" height=\"150\" src=\"https:\/\/bozovictennisacademy.com\/v3\/wp-content\/uploads\/2022\/08\/bta_summer2022_12-150x150.jpg\" class=\"attachment-thumbnail size-thumbnail\" alt=\"\" \/><\/a>\n\t\t\t<\/div><\/figure><figure class='gallery-item'>\n\t\t\t<div class='gallery-icon landscape'>\n\t\t\t\t<a href='https:\/\/bozovictennisacademy.com\/v3\/wp-content\/uploads\/2022\/08\/bta_summer2022_13.jpg'><img loading=\"lazy\" decoding=\"async\" width=\"150\" height=\"150\" src=\"https:\/\/bozovictennisacademy.com\/v3\/wp-content\/uploads\/2022\/08\/bta_summer2022_13-150x150.jpg\" class=\"attachment-thumbnail size-thumbnail\" alt=\"\" \/><\/a>\n\t\t\t<\/div><\/figure><figure class='gallery-item'>\n\t\t\t<div class='gallery-icon landscape'>\n\t\t\t\t<a href='https:\/\/bozovictennisacademy.com\/v3\/wp-content\/uploads\/2022\/08\/bta_summer2022_14.jpg'><img loading=\"lazy\" decoding=\"async\" width=\"150\" height=\"150\" src=\"https:\/\/bozovictennisacademy.com\/v3\/wp-content\/uploads\/2022\/08\/bta_summer2022_14-150x150.jpg\" class=\"attachment-thumbnail size-thumbnail\" alt=\"\" \/><\/a>\n\t\t\t<\/div><\/figure><figure class='gallery-item'>\n\t\t\t<div class='gallery-icon portrait'>\n\t\t\t\t<a href='https:\/\/bozovictennisacademy.com\/v3\/wp-content\/uploads\/2022\/08\/bta_summer2022_16.jpg'><img loading=\"lazy\" decoding=\"async\" width=\"150\" height=\"150\" src=\"https:\/\/bozovictennisacademy.com\/v3\/wp-content\/uploads\/2022\/08\/bta_summer2022_16-150x150.jpg\" class=\"attachment-thumbnail size-thumbnail\" alt=\"\" \/><\/a>\n\t\t\t<\/div><\/figure><figure class='gallery-item'>\n\t\t\t<div class='gallery-icon landscape'>\n\t\t\t\t<a href='https:\/\/bozovictennisacademy.com\/v3\/wp-content\/uploads\/2022\/08\/bta_summer2022_19.jpg'><img loading=\"lazy\" decoding=\"async\" width=\"150\" height=\"150\" src=\"https:\/\/bozovictennisacademy.com\/v3\/wp-content\/uploads\/2022\/08\/bta_summer2022_19-150x150.jpg\" class=\"attachment-thumbnail size-thumbnail\" alt=\"\" \/><\/a>\n\t\t\t<\/div><\/figure><figure class='gallery-item'>\n\t\t\t<div class='gallery-icon landscape'>\n\t\t\t\t<a href='https:\/\/bozovictennisacademy.com\/v3\/wp-content\/uploads\/2022\/08\/bta_summer2022_20.jpg'><img loading=\"lazy\" decoding=\"async\" width=\"150\" height=\"150\" src=\"https:\/\/bozovictennisacademy.com\/v3\/wp-content\/uploads\/2022\/08\/bta_summer2022_20-150x150.jpg\" class=\"attachment-thumbnail size-thumbnail\" alt=\"\" \/><\/a>\n\t\t\t<\/div><\/figure><figure class='gallery-item'>\n\t\t\t<div class='gallery-icon landscape'>\n\t\t\t\t<a href='https:\/\/bozovictennisacademy.com\/v3\/wp-content\/uploads\/2022\/08\/bta_summer2022_25.jpg'><img loading=\"lazy\" decoding=\"async\" width=\"150\" height=\"150\" src=\"https:\/\/bozovictennisacademy.com\/v3\/wp-content\/uploads\/2022\/08\/bta_summer2022_25-150x150.jpg\" class=\"attachment-thumbnail size-thumbnail\" alt=\"\" \/><\/a>\n\t\t\t<\/div><\/figure><figure class='gallery-item'>\n\t\t\t<div class='gallery-icon landscape'>\n\t\t\t\t<a href='https:\/\/bozovictennisacademy.com\/v3\/wp-content\/uploads\/2022\/08\/bta_summer2022_26.jpg'><img loading=\"lazy\" decoding=\"async\" width=\"150\" height=\"150\" src=\"https:\/\/bozovictennisacademy.com\/v3\/wp-content\/uploads\/2022\/08\/bta_summer2022_26-150x150.jpg\" class=\"attachment-thumbnail size-thumbnail\" alt=\"\" \/><\/a>\n\t\t\t<\/div><\/figure><figure class='gallery-item'>\n\t\t\t<div class='gallery-icon landscape'>\n\t\t\t\t<a href='https:\/\/bozovictennisacademy.com\/v3\/wp-content\/uploads\/2022\/08\/bta_summer2022_27.jpg'><img loading=\"lazy\" decoding=\"async\" width=\"150\" height=\"150\" src=\"https:\/\/bozovictennisacademy.com\/v3\/wp-content\/uploads\/2022\/08\/bta_summer2022_27-150x150.jpg\" class=\"attachment-thumbnail size-thumbnail\" alt=\"\" \/><\/a>\n\t\t\t<\/div><\/figure><figure class='gallery-item'>\n\t\t\t<div class='gallery-icon portrait'>\n\t\t\t\t<a href='https:\/\/bozovictennisacademy.com\/v3\/wp-content\/uploads\/2022\/08\/bta_summer2022_28.jpg'><img loading=\"lazy\" decoding=\"async\" width=\"150\" height=\"150\" src=\"https:\/\/bozovictennisacademy.com\/v3\/wp-content\/uploads\/2022\/08\/bta_summer2022_28-150x150.jpg\" class=\"attachment-thumbnail size-thumbnail\" alt=\"\" \/><\/a>\n\t\t\t<\/div><\/figure><figure class='gallery-item'>\n\t\t\t<div class='gallery-icon landscape'>\n\t\t\t\t<a href='https:\/\/bozovictennisacademy.com\/v3\/wp-content\/uploads\/2022\/08\/bta_summer2022_29.jpg'><img loading=\"lazy\" decoding=\"async\" width=\"150\" height=\"150\" src=\"https:\/\/bozovictennisacademy.com\/v3\/wp-content\/uploads\/2022\/08\/bta_summer2022_29-150x150.jpg\" class=\"attachment-thumbnail size-thumbnail\" alt=\"\" \/><\/a>\n\t\t\t<\/div><\/figure><figure class='gallery-item'>\n\t\t\t<div class='gallery-icon portrait'>\n\t\t\t\t<a href='https:\/\/bozovictennisacademy.com\/v3\/wp-content\/uploads\/2022\/08\/bta_summer2022_30.jpg'><img loading=\"lazy\" decoding=\"async\" width=\"150\" height=\"150\" src=\"https:\/\/bozovictennisacademy.com\/v3\/wp-content\/uploads\/2022\/08\/bta_summer2022_30-150x150.jpg\" class=\"attachment-thumbnail size-thumbnail\" alt=\"\" srcset=\"https:\/\/bozovictennisacademy.com\/v3\/wp-content\/uploads\/2022\/08\/bta_summer2022_30-150x150.jpg 150w, https:\/\/bozovictennisacademy.com\/v3\/wp-content\/uploads\/2022\/08\/bta_summer2022_30-683x680.jpg 683w\" sizes=\"auto, (max-width: 150px) 100vw, 150px\" \/><\/a>\n\t\t\t<\/div><\/figure>\n\t\t<\/div>\n\n<\/div>\n<\/div><\/div><\/div><\/div><\/div>","protected":false},"excerpt":{"rendered":"<p>Die Bozovic Tennis Academy f\u00f6rdert Vertrauen, Respekt, Disziplin und Professionalit\u00e4t, schafft eine famili\u00e4re Atmosph\u00e4re f\u00fcr Lernen und Wachstum.<\/p>\n","protected":false},"author":1,"featured_media":2908,"parent":2410,"menu_order":0,"comment_status":"closed","ping_status":"closed","template":"","meta":{"_acf_changed":false,"footnotes":""},"class_list":{"0":"post-2928","1":"page","2":"type-page","3":"status-publish","4":"has-post-thumbnail","6":"clearfix","7":"article"},"acf":[],"yoast_head":"<!-- This site is optimized with the Yoast SEO plugin v27.1.1 - https:\/\/yoast.com\/product\/yoast-seo-wordpress\/ -->\n<title>Photo Gallerie - Sommer 2022 - Bozovic Tennis Academy<\/title>\n<meta name=\"description\" content=\"Die Bozovic Tennis Academy f\u00f6rdert Vertrauen, Respekt, Disziplin und Professionalit\u00e4t, schafft eine famili\u00e4re Atmosph\u00e4re f\u00fcr Lernen und Wachstum.\" \/>\n<meta name=\"robots\" content=\"index, follow, max-snippet:-1, max-image-preview:large, max-video-preview:-1\" \/>\n<link rel=\"canonical\" href=\"https:\/\/bozovictennisacademy.com\/v3\/de\/photo-gallerie\/sommer2022\/\" \/>\n<meta property=\"og:locale\" content=\"en_US\" \/>\n<meta property=\"og:type\" content=\"article\" \/>\n<meta property=\"og:title\" content=\"Photo Gallerie - Sommer 2022 - Bozovic Tennis Academy\" \/>\n<meta property=\"og:description\" content=\"Die Bozovic Tennis Academy f\u00f6rdert Vertrauen, Respekt, Disziplin und Professionalit\u00e4t, schafft eine famili\u00e4re Atmosph\u00e4re f\u00fcr Lernen und Wachstum.\" \/>\n<meta property=\"og:url\" content=\"https:\/\/bozovictennisacademy.com\/v3\/de\/photo-gallerie\/sommer2022\/\" \/>\n<meta property=\"og:site_name\" content=\"Bozovic Tennis Academy\" \/>\n<meta property=\"article:publisher\" content=\"https:\/\/www.facebook.com\/bozovictennisacademy\/\" \/>\n<meta property=\"article:modified_time\" content=\"2024-04-19T12:29:07+00:00\" \/>\n<meta property=\"og:image\" content=\"https:\/\/bozovictennisacademy.com\/v3\/wp-content\/uploads\/2022\/08\/bta_summer2022_13.jpg\" \/>\n\t<meta property=\"og:image:width\" content=\"1280\" \/>\n\t<meta property=\"og:image:height\" content=\"853\" \/>\n\t<meta property=\"og:image:type\" content=\"image\/jpeg\" \/>\n<meta name=\"twitter:card\" content=\"summary_large_image\" \/>\n<meta name=\"twitter:label1\" content=\"Est. reading time\" \/>\n\t<meta name=\"twitter:data1\" content=\"1 minute\" \/>\n<script type=\"application\/ld+json\" class=\"yoast-schema-graph\">{\"@context\":\"https:\/\/schema.org\",\"@graph\":[{\"@type\":\"WebPage\",\"@id\":\"https:\/\/bozovictennisacademy.com\/v3\/de\/photo-gallerie\/sommer2022\/\",\"url\":\"https:\/\/bozovictennisacademy.com\/v3\/de\/photo-gallerie\/sommer2022\/\",\"name\":\"Photo Gallerie - Sommer 2022 - Bozovic Tennis Academy\",\"isPartOf\":{\"@id\":\"https:\/\/bozovictennisacademy.com\/v3\/#website\"},\"primaryImageOfPage\":{\"@id\":\"https:\/\/bozovictennisacademy.com\/v3\/de\/photo-gallerie\/sommer2022\/#primaryimage\"},\"image\":{\"@id\":\"https:\/\/bozovictennisacademy.com\/v3\/de\/photo-gallerie\/sommer2022\/#primaryimage\"},\"thumbnailUrl\":\"https:\/\/bozovictennisacademy.com\/v3\/wp-content\/uploads\/2022\/08\/bta_summer2022_13.jpg\",\"datePublished\":\"2022-08-24T14:27:08+00:00\",\"dateModified\":\"2024-04-19T12:29:07+00:00\",\"description\":\"Die Bozovic Tennis Academy f\u00f6rdert Vertrauen, Respekt, Disziplin und Professionalit\u00e4t, schafft eine famili\u00e4re Atmosph\u00e4re f\u00fcr Lernen und Wachstum.\",\"breadcrumb\":{\"@id\":\"https:\/\/bozovictennisacademy.com\/v3\/de\/photo-gallerie\/sommer2022\/#breadcrumb\"},\"inLanguage\":\"en-US\",\"potentialAction\":[{\"@type\":\"ReadAction\",\"target\":[\"https:\/\/bozovictennisacademy.com\/v3\/de\/photo-gallerie\/sommer2022\/\"]}]},{\"@type\":\"ImageObject\",\"inLanguage\":\"en-US\",\"@id\":\"https:\/\/bozovictennisacademy.com\/v3\/de\/photo-gallerie\/sommer2022\/#primaryimage\",\"url\":\"https:\/\/bozovictennisacademy.com\/v3\/wp-content\/uploads\/2022\/08\/bta_summer2022_13.jpg\",\"contentUrl\":\"https:\/\/bozovictennisacademy.com\/v3\/wp-content\/uploads\/2022\/08\/bta_summer2022_13.jpg\",\"width\":1280,\"height\":853},{\"@type\":\"BreadcrumbList\",\"@id\":\"https:\/\/bozovictennisacademy.com\/v3\/de\/photo-gallerie\/sommer2022\/#breadcrumb\",\"itemListElement\":[{\"@type\":\"ListItem\",\"position\":1,\"name\":\"Home\",\"item\":\"https:\/\/bozovictennisacademy.com\/v3\/\"},{\"@type\":\"ListItem\",\"position\":2,\"name\":\"Foto &#038; Video\",\"item\":\"https:\/\/bozovictennisacademy.com\/v3\/de\/photo-gallerie\/\"},{\"@type\":\"ListItem\",\"position\":3,\"name\":\"Photo Gallerie &#8211; Sommer 2022\"}]},{\"@type\":\"WebSite\",\"@id\":\"https:\/\/bozovictennisacademy.com\/v3\/#website\",\"url\":\"https:\/\/bozovictennisacademy.com\/v3\/\",\"name\":\"Bozovic Tennis Academy\",\"description\":\"\",\"potentialAction\":[{\"@type\":\"SearchAction\",\"target\":{\"@type\":\"EntryPoint\",\"urlTemplate\":\"https:\/\/bozovictennisacademy.com\/v3\/?s={search_term_string}\"},\"query-input\":{\"@type\":\"PropertyValueSpecification\",\"valueRequired\":true,\"valueName\":\"search_term_string\"}}],\"inLanguage\":\"en-US\"}]}<\/script>\n<!-- \/ Yoast SEO plugin. -->","yoast_head_json":{"title":"Photo Gallerie - Sommer 2022 - Bozovic Tennis Academy","description":"Die Bozovic Tennis Academy f\u00f6rdert Vertrauen, Respekt, Disziplin und Professionalit\u00e4t, schafft eine famili\u00e4re Atmosph\u00e4re f\u00fcr Lernen und Wachstum.","robots":{"index":"index","follow":"follow","max-snippet":"max-snippet:-1","max-image-preview":"max-image-preview:large","max-video-preview":"max-video-preview:-1"},"canonical":"https:\/\/bozovictennisacademy.com\/v3\/de\/photo-gallerie\/sommer2022\/","og_locale":"en_US","og_type":"article","og_title":"Photo Gallerie - Sommer 2022 - Bozovic Tennis Academy","og_description":"Die Bozovic Tennis Academy f\u00f6rdert Vertrauen, Respekt, Disziplin und Professionalit\u00e4t, schafft eine famili\u00e4re Atmosph\u00e4re f\u00fcr Lernen und Wachstum.","og_url":"https:\/\/bozovictennisacademy.com\/v3\/de\/photo-gallerie\/sommer2022\/","og_site_name":"Bozovic Tennis Academy","article_publisher":"https:\/\/www.facebook.com\/bozovictennisacademy\/","article_modified_time":"2024-04-19T12:29:07+00:00","og_image":[{"width":1280,"height":853,"url":"https:\/\/bozovictennisacademy.com\/v3\/wp-content\/uploads\/2022\/08\/bta_summer2022_13.jpg","type":"image\/jpeg"}],"twitter_card":"summary_large_image","twitter_misc":{"Est. reading time":"1 minute"},"schema":{"@context":"https:\/\/schema.org","@graph":[{"@type":"WebPage","@id":"https:\/\/bozovictennisacademy.com\/v3\/de\/photo-gallerie\/sommer2022\/","url":"https:\/\/bozovictennisacademy.com\/v3\/de\/photo-gallerie\/sommer2022\/","name":"Photo Gallerie - Sommer 2022 - Bozovic Tennis Academy","isPartOf":{"@id":"https:\/\/bozovictennisacademy.com\/v3\/#website"},"primaryImageOfPage":{"@id":"https:\/\/bozovictennisacademy.com\/v3\/de\/photo-gallerie\/sommer2022\/#primaryimage"},"image":{"@id":"https:\/\/bozovictennisacademy.com\/v3\/de\/photo-gallerie\/sommer2022\/#primaryimage"},"thumbnailUrl":"https:\/\/bozovictennisacademy.com\/v3\/wp-content\/uploads\/2022\/08\/bta_summer2022_13.jpg","datePublished":"2022-08-24T14:27:08+00:00","dateModified":"2024-04-19T12:29:07+00:00","description":"Die Bozovic Tennis Academy f\u00f6rdert Vertrauen, Respekt, Disziplin und Professionalit\u00e4t, schafft eine famili\u00e4re Atmosph\u00e4re f\u00fcr Lernen und Wachstum.","breadcrumb":{"@id":"https:\/\/bozovictennisacademy.com\/v3\/de\/photo-gallerie\/sommer2022\/#breadcrumb"},"inLanguage":"en-US","potentialAction":[{"@type":"ReadAction","target":["https:\/\/bozovictennisacademy.com\/v3\/de\/photo-gallerie\/sommer2022\/"]}]},{"@type":"ImageObject","inLanguage":"en-US","@id":"https:\/\/bozovictennisacademy.com\/v3\/de\/photo-gallerie\/sommer2022\/#primaryimage","url":"https:\/\/bozovictennisacademy.com\/v3\/wp-content\/uploads\/2022\/08\/bta_summer2022_13.jpg","contentUrl":"https:\/\/bozovictennisacademy.com\/v3\/wp-content\/uploads\/2022\/08\/bta_summer2022_13.jpg","width":1280,"height":853},{"@type":"BreadcrumbList","@id":"https:\/\/bozovictennisacademy.com\/v3\/de\/photo-gallerie\/sommer2022\/#breadcrumb","itemListElement":[{"@type":"ListItem","position":1,"name":"Home","item":"https:\/\/bozovictennisacademy.com\/v3\/"},{"@type":"ListItem","position":2,"name":"Foto &#038; Video","item":"https:\/\/bozovictennisacademy.com\/v3\/de\/photo-gallerie\/"},{"@type":"ListItem","position":3,"name":"Photo Gallerie &#8211; Sommer 2022"}]},{"@type":"WebSite","@id":"https:\/\/bozovictennisacademy.com\/v3\/#website","url":"https:\/\/bozovictennisacademy.com\/v3\/","name":"Bozovic Tennis Academy","description":"","potentialAction":[{"@type":"SearchAction","target":{"@type":"EntryPoint","urlTemplate":"https:\/\/bozovictennisacademy.com\/v3\/?s={search_term_string}"},"query-input":{"@type":"PropertyValueSpecification","valueRequired":true,"valueName":"search_term_string"}}],"inLanguage":"en-US"}]}},"_links":{"self":[{"href":"https:\/\/bozovictennisacademy.com\/v3\/wp-json\/wp\/v2\/pages\/2928","targetHints":{"allow":["GET"]}}],"collection":[{"href":"https:\/\/bozovictennisacademy.com\/v3\/wp-json\/wp\/v2\/pages"}],"about":[{"href":"https:\/\/bozovictennisacademy.com\/v3\/wp-json\/wp\/v2\/types\/page"}],"author":[{"embeddable":true,"href":"https:\/\/bozovictennisacademy.com\/v3\/wp-json\/wp\/v2\/users\/1"}],"replies":[{"embeddable":true,"href":"https:\/\/bozovictennisacademy.com\/v3\/wp-json\/wp\/v2\/comments?post=2928"}],"version-history":[{"count":4,"href":"https:\/\/bozovictennisacademy.com\/v3\/wp-json\/wp\/v2\/pages\/2928\/revisions"}],"predecessor-version":[{"id":4251,"href":"https:\/\/bozovictennisacademy.com\/v3\/wp-json\/wp\/v2\/pages\/2928\/revisions\/4251"}],"up":[{"embeddable":true,"href":"https:\/\/bozovictennisacademy.com\/v3\/wp-json\/wp\/v2\/pages\/2410"}],"wp:featuredmedia":[{"embeddable":true,"href":"https:\/\/bozovictennisacademy.com\/v3\/wp-json\/wp\/v2\/media\/2908"}],"wp:attachment":[{"href":"https:\/\/bozovictennisacademy.com\/v3\/wp-json\/wp\/v2\/media?parent=2928"}],"curies":[{"name":"wp","href":"https:\/\/api.w.org\/{rel}","templated":true}]}}