{"id":4044,"date":"2024-03-02T10:34:13","date_gmt":"2024-03-02T10:34:13","guid":{"rendered":"https:\/\/bozovictennisacademy.com\/v3\/?page_id=4044"},"modified":"2026-03-02T09:15:56","modified_gmt":"2026-03-02T09:15:56","slug":"signup-summer2026-de","status":"publish","type":"page","link":"https:\/\/bozovictennisacademy.com\/v3\/de\/signup-summer2026-de\/","title":{"rendered":"Anmeldung f\u00fcr das Sommertraining 2026"},"content":{"rendered":"<div id=\"pl-4044\"  class=\"panel-layout\" ><div id=\"pg-4044-0\"  class=\"panel-grid panel-no-style\" ><div id=\"pgc-4044-0-0\"  class=\"panel-grid-cell\" ><div id=\"panel-4044-0-0-0\" class=\"so-panel widget widget_sow-editor panel-first-child\" data-index=\"0\" ><div\n\t\t\t\n\t\t\tclass=\"so-widget-sow-editor so-widget-sow-editor-base\"\n\t\t\t\n\t\t><h3 class=\"widget-title\"><span class=\"widget-title__inline\">KINDER und JUNIOREN<\/span><\/h3>\n<div class=\"siteorigin-widget-tinymce textwidget\">\n\t<p>Liebe Eltern,<\/p>\n<p><strong>Wir sind bereits wieder mitten in den Planungen f\u00fcr die anstehende Sommersaison 2026.<\/strong><\/p>\n<p>Um f\u00fcr eure Kinder die bestm\u00f6glichen Trainingszeiten zu realisieren, senden wir euch hier unser offizielles Anmeldeformular zu.<\/p>\n<p><a href=\"https:\/\/bozovictennisacademy.com\/v3\/wp-content\/uploads\/2026\/02\/Anmeldung-Sommertraining-2026.pdf\" target=\"_blank\" rel=\"noopener\">Anmeldung Sommertraining 2026<\/a><br \/>\n<a href=\"https:\/\/bozovictennisacademy.com\/v3\/wp-content\/uploads\/2026\/02\/Angaben-zum-Kind.pdf\" target=\"_blank\" rel=\"noopener\">Angaben zum Kind<\/a><\/p>\n<p>Darf ich euch bitten, das angef\u00fcgte Anmeldeformular entsprechend auszuf\u00fcllen und uns so bald wie m\u00f6glich (sp\u00e4testens bis zum 1. April) unterschrieben zur\u00fcckzusenden?<\/p>\n<p><strong>Die Sommersaison 2026 startet offiziell am Montag, 4. Mai.<\/strong> Auch dieses Jahr werden wir wieder nur einen Trainingsplan f\u00fcr die gesamte Sommersaison erstellen, sind aber selbstverst\u00e4ndlich wie immer total flexibel f\u00fcr Anpassungen bei \u00c4nderungen der Stundenpl\u00e4ne per neuem Schuljahr nach den Sommerferien.<\/p>\n<p>Alle Lektionen finden im Hardhof und\/oder im VITIS Sportcenter statt.<\/p>\n<p><strong>WICHTIG:<\/strong> Wenn Sie daran interessiert sind, im Sportcenter Baden-Baregg zu trainieren, bitten wir Sie, dies im Anmeldeformular im Bemerkungsfeld zu vermerken.<\/p>\n<p>Besten Dank und sportliche Gr\u00fcsse,<br \/>\n<strong>Team Bozovic Tennis Academy<\/strong><\/p>\n<\/div>\n<\/div><\/div><div id=\"panel-4044-0-0-1\" class=\"so-panel widget widget_sow-editor panel-last-child\" data-index=\"1\" ><div\n\t\t\t\n\t\t\tclass=\"so-widget-sow-editor so-widget-sow-editor-base\"\n\t\t\t\n\t\t><h3 class=\"widget-title\"><span class=\"widget-title__inline\">ADULTS<\/span><\/h3>\n<div class=\"siteorigin-widget-tinymce textwidget\">\n\t<p>Liebe Spielerinnen und Spieler,<\/p>\n<p>Wir befinden uns bereits mitten in den Vorbereitungen f\u00fcr die kommende Sommersaison. Um die bestm\u00f6glichen Trainingszeiten f\u00fcr eure Lektionen planen zu k\u00f6nnen, findet ihr hier <a href=\"https:\/\/bozovictennisacademy.com\/v3\/wp-content\/uploads\/2026\/02\/Anmeldung-Sommertraining-2026-Adults.pdf\" target=\"_blank\" rel=\"noopener\">unser offizielles Anmeldeformular<\/a>. <strong>ANMELDESCHLUSS IST DER 1. April.<\/strong><\/p>\n<p>Die Sommersaison 2026 beginnt offiziell am Montag, den <strong>20. April<\/strong>, und alle unsere Trainings finden im <strong>Hardhof<\/strong> (Outdoor\/Sandpl\u00e4tze) und\/oder im <strong>VITIS Sportcenter in Schlieren und\/oder im Bareggcenter Baden<\/strong> statt. Aufgrund der bereits sehr hohen Auslastung unter der Woche am Abend ist es wichtig, dass ihr uns auch Optionen am Morgen, \u00fcber Mittag, am Nachmittag oder am Wochenende angebt. Vielen Dank im Voraus, dass ihr so dazu beitragt, f\u00fcr alle passende L\u00f6sungen zu finden.<\/p>\n<p>Wir k\u00f6nnen garantieren, dass alle Indoor-Abendkurse im VITIS Sportcenter sowie auch im <strong>Baden-Baregg<\/strong> w\u00e4hrend der gesamten Sommersaison definitiv stattfinden. Wenn ihr davon profitieren m\u00f6chtet, setzt im Anmeldeformular einfach das H\u00e4kchen bei \u201eVITIS Sportcenter bevorzugt\u201c und\/oder \u201eBaden-Baregg ebenfalls m\u00f6glich\u201c.<\/p>\n<p>Andererseits k\u00f6nnen wir dieses Jahr nicht garantieren, dass alle Outdoor-Trainings im Hardhof bei Regen durchgef\u00fchrt werden k\u00f6nnen, da uns im VITIS Sportcenter nicht gen\u00fcgend Abendpl\u00e4tze zur Vorreservation zur Verf\u00fcgung stehen. Trainings im Hardhof, die weder durchgef\u00fchrt noch an einem anderen Tag oder zu einer anderen Zeit kompensiert werden k\u00f6nnen, werden den Spielerinnen und Spielern unserer Joker-Day-Gruppenkurse r\u00fcckerstattet. Grunds\u00e4tzlich versuchen unsere Coaches jedoch zuerst, die Lektionen am Wochenende oder an einem anderen Tag bzw. zu einer anderen Zeit nachzuholen, sofern alle Gruppenmitglieder teilnehmen k\u00f6nnen. Bitte beachtet ausserdem, dass eine allf\u00e4llige Preisdifferenz bei einem Platzwechsel vom Hardhof ins VITIS Sportcenter aufgrund schlechter Witterung am Ende der Saison verrechnet wird.<\/p>\n<p>Auf dieser Seite findet ihr das Anmeldeformular, unser aktualisiertes Informationsblatt f\u00fcr Erwachsenengruppen, unsere Allgemeinen Gesch\u00e4ftsbedingungen sowie die Preisliste f\u00fcr die Sommersaison 2026.<\/p>\n<p>Bojan Bozovic und sein stetig wachsendes Coaching-Team freuen sich darauf, euch in der kommenden Sommersaison outdoor im Hardhof sowie an unseren Indoor-Standorten im VITIS Sportcenter und im Baden-Baregg willkommen zu heissen.<\/p>\n<\/div>\n<\/div><\/div><\/div><div id=\"pgc-4044-0-1\"  class=\"panel-grid-cell\" ><div id=\"panel-4044-0-1-0\" class=\"so-panel widget widget_pw_brochure_box widget-brochure-box panel-first-child\" data-index=\"2\" >\n\t<a class=\"brochure-box\" href=\"https:\/\/bozovictennisacademy.com\/v3\/wp-content\/uploads\/2026\/03\/Pricelist-Summer-2026-DE.pdf\" target=\"_blank\">\n\t\t<span class=\"brochure-box__icon\"><i class=\"fa  fa-file-pdf-o\"><\/i><\/span>\n\t\t<span class=\"brochure-box__text\">Preisliste - Sommer 2026<\/span>\n\t<\/a>\n\n<\/div><div id=\"panel-4044-0-1-1\" class=\"so-panel widget widget_pw_brochure_box widget-brochure-box\" data-index=\"3\" >\n\t<a class=\"brochure-box\" href=\"https:\/\/bozovictennisacademy.com\/v3\/wp-content\/uploads\/2025\/03\/Rules-DE-1.pdf\" target=\"_blank\">\n\t\t<span class=\"brochure-box__icon\"><i class=\"fa  fa-file-pdf-o\"><\/i><\/span>\n\t\t<span class=\"brochure-box__text\">Regeln unserer Academy<\/span>\n\t<\/a>\n\n<\/div><div id=\"panel-4044-0-1-2\" class=\"so-panel widget widget_pw_brochure_box widget-brochure-box\" data-index=\"4\" >\n\t<a class=\"brochure-box\" href=\"https:\/\/bozovictennisacademy.com\/v3\/wp-content\/uploads\/2026\/02\/Terms-and-Conditions-EN.pdf\" target=\"_blank\">\n\t\t<span class=\"brochure-box__icon\"><i class=\"fa  fa-file-pdf-o\"><\/i><\/span>\n\t\t<span class=\"brochure-box__text\">Allgemeine Gesch\u00e4ftsbedingungen (AGB)<\/span>\n\t<\/a>\n\n<\/div><div id=\"panel-4044-0-1-3\" class=\"so-panel widget widget_pw_brochure_box widget-brochure-box panel-last-child\" data-index=\"5\" >\n\t<a class=\"brochure-box\" href=\"https:\/\/bozovictennisacademy.com\/v3\/wp-content\/uploads\/2026\/02\/Fix-Group-Training-Structures-Summer-2026.pdf\" target=\"_blank\">\n\t\t<span class=\"brochure-box__icon\"><i class=\"fa  fa-file-pdf-o\"><\/i><\/span>\n\t\t<span class=\"brochure-box__text\">Fix group trainings incl. joker days<\/span>\n\t<\/a>\n\n<\/div><\/div><\/div><\/div>","protected":false},"excerpt":{"rendered":"<p>Nach erfolgreichem Start in unserer neuen Trainingsbasis, sind wir bereits wieder mitten in den Planungen f\u00fcr die anstehende Sommersaison 2026.<\/p>\n","protected":false},"author":1,"featured_media":1657,"parent":0,"menu_order":0,"comment_status":"closed","ping_status":"closed","template":"","meta":{"_acf_changed":false,"footnotes":""},"class_list":{"0":"post-4044","1":"page","2":"type-page","3":"status-publish","4":"has-post-thumbnail","6":"clearfix","7":"article"},"acf":[],"yoast_head":"<!-- This site is optimized with the Yoast SEO plugin v27.1.1 - https:\/\/yoast.com\/product\/yoast-seo-wordpress\/ -->\n<title>Anmeldung f\u00fcr das Sommertraining 2026 - Bozovic Tennis Academy<\/title>\n<meta name=\"description\" content=\"Nach erfolgreichem Start in unserer neuen Trainingsbasis, sind wir bereits wieder mitten in den Planungen f\u00fcr die anstehende Sommersaison 2026.\" \/>\n<meta name=\"robots\" content=\"index, follow, max-snippet:-1, max-image-preview:large, max-video-preview:-1\" \/>\n<link rel=\"canonical\" href=\"https:\/\/bozovictennisacademy.com\/v3\/de\/signup-summer2026-de\/\" \/>\n<meta property=\"og:locale\" content=\"en_US\" \/>\n<meta property=\"og:type\" content=\"article\" \/>\n<meta property=\"og:title\" content=\"Anmeldung f\u00fcr das Sommertraining 2026 - Bozovic Tennis Academy\" \/>\n<meta property=\"og:description\" content=\"Nach erfolgreichem Start in unserer neuen Trainingsbasis, sind wir bereits wieder mitten in den Planungen f\u00fcr die anstehende Sommersaison 2026.\" \/>\n<meta property=\"og:url\" content=\"https:\/\/bozovictennisacademy.com\/v3\/de\/signup-summer2026-de\/\" \/>\n<meta property=\"og:site_name\" content=\"Bozovic Tennis Academy\" \/>\n<meta property=\"article:publisher\" content=\"https:\/\/www.facebook.com\/bozovictennisacademy\/\" \/>\n<meta property=\"article:modified_time\" content=\"2026-03-02T09:15:56+00:00\" \/>\n<meta property=\"og:image\" content=\"https:\/\/bozovictennisacademy.com\/v3\/wp-content\/uploads\/2021\/10\/about_locations_hardhof.jpg\" \/>\n\t<meta property=\"og:image:width\" content=\"1920\" \/>\n\t<meta property=\"og:image:height\" content=\"915\" \/>\n\t<meta property=\"og:image:type\" content=\"image\/jpeg\" \/>\n<meta name=\"twitter:card\" content=\"summary_large_image\" \/>\n<meta name=\"twitter:label1\" content=\"Est. reading time\" \/>\n\t<meta name=\"twitter:data1\" content=\"3 minutes\" \/>\n<script type=\"application\/ld+json\" class=\"yoast-schema-graph\">{\"@context\":\"https:\/\/schema.org\",\"@graph\":[{\"@type\":\"WebPage\",\"@id\":\"https:\/\/bozovictennisacademy.com\/v3\/de\/signup-summer2026-de\/\",\"url\":\"https:\/\/bozovictennisacademy.com\/v3\/de\/signup-summer2026-de\/\",\"name\":\"Anmeldung f\u00fcr das Sommertraining 2026 - Bozovic Tennis Academy\",\"isPartOf\":{\"@id\":\"https:\/\/bozovictennisacademy.com\/v3\/#website\"},\"primaryImageOfPage\":{\"@id\":\"https:\/\/bozovictennisacademy.com\/v3\/de\/signup-summer2026-de\/#primaryimage\"},\"image\":{\"@id\":\"https:\/\/bozovictennisacademy.com\/v3\/de\/signup-summer2026-de\/#primaryimage\"},\"thumbnailUrl\":\"https:\/\/bozovictennisacademy.com\/v3\/wp-content\/uploads\/2021\/10\/about_locations_hardhof.jpg\",\"datePublished\":\"2024-03-02T10:34:13+00:00\",\"dateModified\":\"2026-03-02T09:15:56+00:00\",\"description\":\"Nach erfolgreichem Start in unserer neuen Trainingsbasis, sind wir bereits wieder mitten in den Planungen f\u00fcr die anstehende Sommersaison 2026.\",\"breadcrumb\":{\"@id\":\"https:\/\/bozovictennisacademy.com\/v3\/de\/signup-summer2026-de\/#breadcrumb\"},\"inLanguage\":\"en-US\",\"potentialAction\":[{\"@type\":\"ReadAction\",\"target\":[\"https:\/\/bozovictennisacademy.com\/v3\/de\/signup-summer2026-de\/\"]}]},{\"@type\":\"ImageObject\",\"inLanguage\":\"en-US\",\"@id\":\"https:\/\/bozovictennisacademy.com\/v3\/de\/signup-summer2026-de\/#primaryimage\",\"url\":\"https:\/\/bozovictennisacademy.com\/v3\/wp-content\/uploads\/2021\/10\/about_locations_hardhof.jpg\",\"contentUrl\":\"https:\/\/bozovictennisacademy.com\/v3\/wp-content\/uploads\/2021\/10\/about_locations_hardhof.jpg\",\"width\":1920,\"height\":915},{\"@type\":\"BreadcrumbList\",\"@id\":\"https:\/\/bozovictennisacademy.com\/v3\/de\/signup-summer2026-de\/#breadcrumb\",\"itemListElement\":[{\"@type\":\"ListItem\",\"position\":1,\"name\":\"Home\",\"item\":\"https:\/\/bozovictennisacademy.com\/v3\/\"},{\"@type\":\"ListItem\",\"position\":2,\"name\":\"Anmeldung f\u00fcr das Sommertraining 2026\"}]},{\"@type\":\"WebSite\",\"@id\":\"https:\/\/bozovictennisacademy.com\/v3\/#website\",\"url\":\"https:\/\/bozovictennisacademy.com\/v3\/\",\"name\":\"Bozovic Tennis Academy\",\"description\":\"\",\"potentialAction\":[{\"@type\":\"SearchAction\",\"target\":{\"@type\":\"EntryPoint\",\"urlTemplate\":\"https:\/\/bozovictennisacademy.com\/v3\/?s={search_term_string}\"},\"query-input\":{\"@type\":\"PropertyValueSpecification\",\"valueRequired\":true,\"valueName\":\"search_term_string\"}}],\"inLanguage\":\"en-US\"}]}<\/script>\n<!-- \/ Yoast SEO plugin. -->","yoast_head_json":{"title":"Anmeldung f\u00fcr das Sommertraining 2026 - Bozovic Tennis Academy","description":"Nach erfolgreichem Start in unserer neuen Trainingsbasis, sind wir bereits wieder mitten in den Planungen f\u00fcr die anstehende Sommersaison 2026.","robots":{"index":"index","follow":"follow","max-snippet":"max-snippet:-1","max-image-preview":"max-image-preview:large","max-video-preview":"max-video-preview:-1"},"canonical":"https:\/\/bozovictennisacademy.com\/v3\/de\/signup-summer2026-de\/","og_locale":"en_US","og_type":"article","og_title":"Anmeldung f\u00fcr das Sommertraining 2026 - Bozovic Tennis Academy","og_description":"Nach erfolgreichem Start in unserer neuen Trainingsbasis, sind wir bereits wieder mitten in den Planungen f\u00fcr die anstehende Sommersaison 2026.","og_url":"https:\/\/bozovictennisacademy.com\/v3\/de\/signup-summer2026-de\/","og_site_name":"Bozovic Tennis Academy","article_publisher":"https:\/\/www.facebook.com\/bozovictennisacademy\/","article_modified_time":"2026-03-02T09:15:56+00:00","og_image":[{"width":1920,"height":915,"url":"https:\/\/bozovictennisacademy.com\/v3\/wp-content\/uploads\/2021\/10\/about_locations_hardhof.jpg","type":"image\/jpeg"}],"twitter_card":"summary_large_image","twitter_misc":{"Est. reading time":"3 minutes"},"schema":{"@context":"https:\/\/schema.org","@graph":[{"@type":"WebPage","@id":"https:\/\/bozovictennisacademy.com\/v3\/de\/signup-summer2026-de\/","url":"https:\/\/bozovictennisacademy.com\/v3\/de\/signup-summer2026-de\/","name":"Anmeldung f\u00fcr das Sommertraining 2026 - Bozovic Tennis Academy","isPartOf":{"@id":"https:\/\/bozovictennisacademy.com\/v3\/#website"},"primaryImageOfPage":{"@id":"https:\/\/bozovictennisacademy.com\/v3\/de\/signup-summer2026-de\/#primaryimage"},"image":{"@id":"https:\/\/bozovictennisacademy.com\/v3\/de\/signup-summer2026-de\/#primaryimage"},"thumbnailUrl":"https:\/\/bozovictennisacademy.com\/v3\/wp-content\/uploads\/2021\/10\/about_locations_hardhof.jpg","datePublished":"2024-03-02T10:34:13+00:00","dateModified":"2026-03-02T09:15:56+00:00","description":"Nach erfolgreichem Start in unserer neuen Trainingsbasis, sind wir bereits wieder mitten in den Planungen f\u00fcr die anstehende Sommersaison 2026.","breadcrumb":{"@id":"https:\/\/bozovictennisacademy.com\/v3\/de\/signup-summer2026-de\/#breadcrumb"},"inLanguage":"en-US","potentialAction":[{"@type":"ReadAction","target":["https:\/\/bozovictennisacademy.com\/v3\/de\/signup-summer2026-de\/"]}]},{"@type":"ImageObject","inLanguage":"en-US","@id":"https:\/\/bozovictennisacademy.com\/v3\/de\/signup-summer2026-de\/#primaryimage","url":"https:\/\/bozovictennisacademy.com\/v3\/wp-content\/uploads\/2021\/10\/about_locations_hardhof.jpg","contentUrl":"https:\/\/bozovictennisacademy.com\/v3\/wp-content\/uploads\/2021\/10\/about_locations_hardhof.jpg","width":1920,"height":915},{"@type":"BreadcrumbList","@id":"https:\/\/bozovictennisacademy.com\/v3\/de\/signup-summer2026-de\/#breadcrumb","itemListElement":[{"@type":"ListItem","position":1,"name":"Home","item":"https:\/\/bozovictennisacademy.com\/v3\/"},{"@type":"ListItem","position":2,"name":"Anmeldung f\u00fcr das Sommertraining 2026"}]},{"@type":"WebSite","@id":"https:\/\/bozovictennisacademy.com\/v3\/#website","url":"https:\/\/bozovictennisacademy.com\/v3\/","name":"Bozovic Tennis Academy","description":"","potentialAction":[{"@type":"SearchAction","target":{"@type":"EntryPoint","urlTemplate":"https:\/\/bozovictennisacademy.com\/v3\/?s={search_term_string}"},"query-input":{"@type":"PropertyValueSpecification","valueRequired":true,"valueName":"search_term_string"}}],"inLanguage":"en-US"}]}},"_links":{"self":[{"href":"https:\/\/bozovictennisacademy.com\/v3\/wp-json\/wp\/v2\/pages\/4044","targetHints":{"allow":["GET"]}}],"collection":[{"href":"https:\/\/bozovictennisacademy.com\/v3\/wp-json\/wp\/v2\/pages"}],"about":[{"href":"https:\/\/bozovictennisacademy.com\/v3\/wp-json\/wp\/v2\/types\/page"}],"author":[{"embeddable":true,"href":"https:\/\/bozovictennisacademy.com\/v3\/wp-json\/wp\/v2\/users\/1"}],"replies":[{"embeddable":true,"href":"https:\/\/bozovictennisacademy.com\/v3\/wp-json\/wp\/v2\/comments?post=4044"}],"version-history":[{"count":21,"href":"https:\/\/bozovictennisacademy.com\/v3\/wp-json\/wp\/v2\/pages\/4044\/revisions"}],"predecessor-version":[{"id":5628,"href":"https:\/\/bozovictennisacademy.com\/v3\/wp-json\/wp\/v2\/pages\/4044\/revisions\/5628"}],"wp:featuredmedia":[{"embeddable":true,"href":"https:\/\/bozovictennisacademy.com\/v3\/wp-json\/wp\/v2\/media\/1657"}],"wp:attachment":[{"href":"https:\/\/bozovictennisacademy.com\/v3\/wp-json\/wp\/v2\/media?parent=4044"}],"curies":[{"name":"wp","href":"https:\/\/api.w.org\/{rel}","templated":true}]}}