{"id":4666,"date":"2024-06-10T13:11:31","date_gmt":"2024-06-10T13:11:31","guid":{"rendered":"https:\/\/bozovictennisacademy.com\/v3\/?page_id=4666"},"modified":"2026-01-12T22:57:19","modified_gmt":"2026-01-12T22:57:19","slug":"junioren-intensivwoche","status":"publish","type":"page","link":"https:\/\/bozovictennisacademy.com\/v3\/de\/programme\/holiday-program-de\/junioren-intensivwoche\/","title":{"rendered":"Junioren Intensivwoche"},"content":{"rendered":"<div id=\"pl-4666\"  class=\"panel-layout\" ><div id=\"pg-4666-0\"  class=\"panel-grid panel-no-style\" ><div id=\"pgc-4666-0-0\"  class=\"panel-grid-cell\" ><div id=\"panel-4666-0-0-0\" class=\"so-panel widget widget_sow-editor panel-first-child panel-last-child\" data-index=\"0\" ><div\n\t\t\t\n\t\t\tclass=\"so-widget-sow-editor so-widget-sow-editor-base\"\n\t\t\t\n\t\t>\n<div class=\"siteorigin-widget-tinymce textwidget\">\n\t<p>Die Ferien stehen vor der T\u00fcr, und wir freuen uns, Ihnen mitteilen zu k\u00f6nnen, dass unsere Akademie w\u00e4hrend der gesamten Ferien ge\u00f6ffnet bleibt. Mehrere unserer Top-Trainer stehen bereit, um Ihre Kinder mit hochwertigen Trainingseinheiten zu unterst\u00fctzen.<br \/>\nWir m\u00f6chten Sie auf einen wichtigen Punkt f\u00fcr die Entwicklung Ihres Kindes hinweisen: <strong>Eine mehrw\u00f6chige Pause vom Tennis wird den Fortschritt merklich verlangsamen<\/strong>, insbesondere wenn andere Spieler weiter trainieren. Damit Ihr Kind selbstbewusst bleibt und sich weiter verbessert, empfehlen wir Ihnen, es w\u00e4hrend der Ferien spielen zu lassen und zus\u00e4tzliche Stunden bei uns zu buchen.<\/p>\n<p><img loading=\"lazy\" decoding=\"async\" class=\"alignnone wp-image-4644\" src=\"https:\/\/bozovictennisacademy.com\/v3\/wp-content\/uploads\/2024\/06\/pdf.png\" alt=\"\" width=\"26\" height=\"26\" srcset=\"https:\/\/bozovictennisacademy.com\/v3\/wp-content\/uploads\/2024\/06\/pdf.png 256w, https:\/\/bozovictennisacademy.com\/v3\/wp-content\/uploads\/2024\/06\/pdf-150x150.png 150w\" sizes=\"auto, (max-width: 26px) 100vw, 26px\" \/>\u00a0 <a href=\"https:\/\/bozovictennisacademy.com\/v3\/wp-content\/uploads\/2026\/01\/Juniors-Holiday-Program-2026.pdf\" target=\"_blank\" rel=\"noopener\"><strong><span class=\"HwtZe\" lang=\"de\"><span class=\"jCAhz ChMk0b\"><span class=\"ryNqvb\">Anmeldeformular<\/span><\/span><\/span><\/strong><\/a><\/p>\n<p>F\u00fcr Anmeldungen und Informationen kontaktieren Sie uns bitte unter <a href=\"mailto:office@bozovictennisacademy.com\">office@bozovictennisacademy.com<\/a>.<\/p>\n<p>Hier finden ihr eine Aufschl\u00fcsselung der wichtigsten Punkte unserer Ferienprogramme: <a href=\"https:\/\/bozovictennisacademy.com\/v3\/wp-content\/uploads\/2026\/01\/Program-description-EN.pdf\" target=\"_blank\" rel=\"noopener\"><strong>PROGRAMMBESCHREIBUNG<\/strong><\/a><\/p>\n<p><strong>WICHTIG!<\/strong><\/p>\n<p><strong>Standort: Vitis oder Hardhof<\/strong> (abh\u00e4ngig von der Saison und den Wetterverh\u00e4ltnissen)<\/p>\n<\/div>\n<\/div><\/div><\/div><div id=\"pgc-4666-0-1\"  class=\"panel-grid-cell\" ><div id=\"panel-4666-0-1-0\" class=\"so-panel widget widget_sow-editor panel-first-child panel-last-child\" data-index=\"1\" ><div\n\t\t\t\n\t\t\tclass=\"so-widget-sow-editor so-widget-sow-editor-base\"\n\t\t\t\n\t\t>\n<div class=\"siteorigin-widget-tinymce textwidget\">\n\t<p><img loading=\"lazy\" decoding=\"async\" class=\"alignnone size-full wp-image-4530\" src=\"https:\/\/bozovictennisacademy.com\/v3\/wp-content\/uploads\/2024\/05\/gi_juniors_14.jpg\" alt=\"\" width=\"1280\" height=\"854\" srcset=\"https:\/\/bozovictennisacademy.com\/v3\/wp-content\/uploads\/2024\/05\/gi_juniors_14.jpg 1280w, https:\/\/bozovictennisacademy.com\/v3\/wp-content\/uploads\/2024\/05\/gi_juniors_14-300x200.jpg 300w, https:\/\/bozovictennisacademy.com\/v3\/wp-content\/uploads\/2024\/05\/gi_juniors_14-1024x683.jpg 1024w, https:\/\/bozovictennisacademy.com\/v3\/wp-content\/uploads\/2024\/05\/gi_juniors_14-768x512.jpg 768w, https:\/\/bozovictennisacademy.com\/v3\/wp-content\/uploads\/2024\/05\/gi_juniors_14-272x182.jpg 272w\" sizes=\"auto, (max-width: 1280px) 100vw, 1280px\" \/><\/p>\n<\/div>\n<\/div><\/div><\/div><\/div><\/div>","protected":false},"excerpt":{"rendered":"<p>Die w\u00f6chentlichen Privattrainings der Kinder finden in der Zeit der Schulferien nicht statt. Bitte teilt uns daher im Voraus mit, ob ihr m\u00f6chtet, dass die Privattrainings w\u00e4hrend der Fr\u00fchlingsferien fortgesetzt werden.<\/p>\n","protected":false},"author":1,"featured_media":4530,"parent":4639,"menu_order":0,"comment_status":"closed","ping_status":"closed","template":"","meta":{"_acf_changed":false,"footnotes":""},"class_list":{"0":"post-4666","1":"page","2":"type-page","3":"status-publish","4":"has-post-thumbnail","6":"clearfix","7":"article"},"acf":[],"yoast_head":"<!-- This site is optimized with the Yoast SEO plugin v27.1.1 - https:\/\/yoast.com\/product\/yoast-seo-wordpress\/ -->\n<title>Junioren Intensivwoche - Bozovic Tennis Academy<\/title>\n<meta name=\"description\" content=\"Die w\u00f6chentlichen Privattrainings der Kinder finden in der Zeit der Schulferien nicht statt. Bitte teilt uns daher im Voraus mit, ob ihr m\u00f6chtet, dass die Privattrainings w\u00e4hrend der Fr\u00fchlingsferien fortgesetzt werden.\" \/>\n<meta name=\"robots\" content=\"index, follow, max-snippet:-1, max-image-preview:large, max-video-preview:-1\" \/>\n<link rel=\"canonical\" href=\"https:\/\/bozovictennisacademy.com\/v3\/de\/programme\/holiday-program-de\/junioren-intensivwoche\/\" \/>\n<meta property=\"og:locale\" content=\"en_US\" \/>\n<meta property=\"og:type\" content=\"article\" \/>\n<meta property=\"og:title\" content=\"Junioren Intensivwoche - Bozovic Tennis Academy\" \/>\n<meta property=\"og:description\" content=\"Die w\u00f6chentlichen Privattrainings der Kinder finden in der Zeit der Schulferien nicht statt. Bitte teilt uns daher im Voraus mit, ob ihr m\u00f6chtet, dass die Privattrainings w\u00e4hrend der Fr\u00fchlingsferien fortgesetzt werden.\" \/>\n<meta property=\"og:url\" content=\"https:\/\/bozovictennisacademy.com\/v3\/de\/programme\/holiday-program-de\/junioren-intensivwoche\/\" \/>\n<meta property=\"og:site_name\" content=\"Bozovic Tennis Academy\" \/>\n<meta property=\"article:publisher\" content=\"https:\/\/www.facebook.com\/bozovictennisacademy\/\" \/>\n<meta property=\"article:modified_time\" content=\"2026-01-12T22:57:19+00:00\" \/>\n<meta property=\"og:image\" content=\"https:\/\/bozovictennisacademy.com\/v3\/wp-content\/uploads\/2024\/05\/gi_juniors_14.jpg\" \/>\n\t<meta property=\"og:image:width\" content=\"1280\" \/>\n\t<meta property=\"og:image:height\" content=\"854\" \/>\n\t<meta property=\"og:image:type\" content=\"image\/jpeg\" \/>\n<meta name=\"twitter:card\" content=\"summary_large_image\" \/>\n<meta name=\"twitter:label1\" content=\"Est. reading time\" \/>\n\t<meta name=\"twitter:data1\" content=\"1 minute\" \/>\n<script type=\"application\/ld+json\" class=\"yoast-schema-graph\">{\"@context\":\"https:\/\/schema.org\",\"@graph\":[{\"@type\":\"WebPage\",\"@id\":\"https:\/\/bozovictennisacademy.com\/v3\/de\/programme\/holiday-program-de\/junioren-intensivwoche\/\",\"url\":\"https:\/\/bozovictennisacademy.com\/v3\/de\/programme\/holiday-program-de\/junioren-intensivwoche\/\",\"name\":\"Junioren Intensivwoche - Bozovic Tennis Academy\",\"isPartOf\":{\"@id\":\"https:\/\/bozovictennisacademy.com\/v3\/#website\"},\"primaryImageOfPage\":{\"@id\":\"https:\/\/bozovictennisacademy.com\/v3\/de\/programme\/holiday-program-de\/junioren-intensivwoche\/#primaryimage\"},\"image\":{\"@id\":\"https:\/\/bozovictennisacademy.com\/v3\/de\/programme\/holiday-program-de\/junioren-intensivwoche\/#primaryimage\"},\"thumbnailUrl\":\"https:\/\/bozovictennisacademy.com\/v3\/wp-content\/uploads\/2024\/05\/gi_juniors_14.jpg\",\"datePublished\":\"2024-06-10T13:11:31+00:00\",\"dateModified\":\"2026-01-12T22:57:19+00:00\",\"description\":\"Die w\u00f6chentlichen Privattrainings der Kinder finden in der Zeit der Schulferien nicht statt. Bitte teilt uns daher im Voraus mit, ob ihr m\u00f6chtet, dass die Privattrainings w\u00e4hrend der Fr\u00fchlingsferien fortgesetzt werden.\",\"breadcrumb\":{\"@id\":\"https:\/\/bozovictennisacademy.com\/v3\/de\/programme\/holiday-program-de\/junioren-intensivwoche\/#breadcrumb\"},\"inLanguage\":\"en-US\",\"potentialAction\":[{\"@type\":\"ReadAction\",\"target\":[\"https:\/\/bozovictennisacademy.com\/v3\/de\/programme\/holiday-program-de\/junioren-intensivwoche\/\"]}]},{\"@type\":\"ImageObject\",\"inLanguage\":\"en-US\",\"@id\":\"https:\/\/bozovictennisacademy.com\/v3\/de\/programme\/holiday-program-de\/junioren-intensivwoche\/#primaryimage\",\"url\":\"https:\/\/bozovictennisacademy.com\/v3\/wp-content\/uploads\/2024\/05\/gi_juniors_14.jpg\",\"contentUrl\":\"https:\/\/bozovictennisacademy.com\/v3\/wp-content\/uploads\/2024\/05\/gi_juniors_14.jpg\",\"width\":1280,\"height\":854},{\"@type\":\"BreadcrumbList\",\"@id\":\"https:\/\/bozovictennisacademy.com\/v3\/de\/programme\/holiday-program-de\/junioren-intensivwoche\/#breadcrumb\",\"itemListElement\":[{\"@type\":\"ListItem\",\"position\":1,\"name\":\"Home\",\"item\":\"https:\/\/bozovictennisacademy.com\/v3\/\"},{\"@type\":\"ListItem\",\"position\":2,\"name\":\"Programme und Dienstleistungen\",\"item\":\"https:\/\/bozovictennisacademy.com\/v3\/de\/programme\/\"},{\"@type\":\"ListItem\",\"position\":3,\"name\":\"Holiday Program\",\"item\":\"https:\/\/bozovictennisacademy.com\/v3\/de\/programme\/holiday-program-de\/\"},{\"@type\":\"ListItem\",\"position\":4,\"name\":\"Junioren Intensivwoche\"}]},{\"@type\":\"WebSite\",\"@id\":\"https:\/\/bozovictennisacademy.com\/v3\/#website\",\"url\":\"https:\/\/bozovictennisacademy.com\/v3\/\",\"name\":\"Bozovic Tennis Academy\",\"description\":\"\",\"potentialAction\":[{\"@type\":\"SearchAction\",\"target\":{\"@type\":\"EntryPoint\",\"urlTemplate\":\"https:\/\/bozovictennisacademy.com\/v3\/?s={search_term_string}\"},\"query-input\":{\"@type\":\"PropertyValueSpecification\",\"valueRequired\":true,\"valueName\":\"search_term_string\"}}],\"inLanguage\":\"en-US\"}]}<\/script>\n<!-- \/ Yoast SEO plugin. -->","yoast_head_json":{"title":"Junioren Intensivwoche - Bozovic Tennis Academy","description":"Die w\u00f6chentlichen Privattrainings der Kinder finden in der Zeit der Schulferien nicht statt. Bitte teilt uns daher im Voraus mit, ob ihr m\u00f6chtet, dass die Privattrainings w\u00e4hrend der Fr\u00fchlingsferien fortgesetzt werden.","robots":{"index":"index","follow":"follow","max-snippet":"max-snippet:-1","max-image-preview":"max-image-preview:large","max-video-preview":"max-video-preview:-1"},"canonical":"https:\/\/bozovictennisacademy.com\/v3\/de\/programme\/holiday-program-de\/junioren-intensivwoche\/","og_locale":"en_US","og_type":"article","og_title":"Junioren Intensivwoche - Bozovic Tennis Academy","og_description":"Die w\u00f6chentlichen Privattrainings der Kinder finden in der Zeit der Schulferien nicht statt. Bitte teilt uns daher im Voraus mit, ob ihr m\u00f6chtet, dass die Privattrainings w\u00e4hrend der Fr\u00fchlingsferien fortgesetzt werden.","og_url":"https:\/\/bozovictennisacademy.com\/v3\/de\/programme\/holiday-program-de\/junioren-intensivwoche\/","og_site_name":"Bozovic Tennis Academy","article_publisher":"https:\/\/www.facebook.com\/bozovictennisacademy\/","article_modified_time":"2026-01-12T22:57:19+00:00","og_image":[{"width":1280,"height":854,"url":"https:\/\/bozovictennisacademy.com\/v3\/wp-content\/uploads\/2024\/05\/gi_juniors_14.jpg","type":"image\/jpeg"}],"twitter_card":"summary_large_image","twitter_misc":{"Est. reading time":"1 minute"},"schema":{"@context":"https:\/\/schema.org","@graph":[{"@type":"WebPage","@id":"https:\/\/bozovictennisacademy.com\/v3\/de\/programme\/holiday-program-de\/junioren-intensivwoche\/","url":"https:\/\/bozovictennisacademy.com\/v3\/de\/programme\/holiday-program-de\/junioren-intensivwoche\/","name":"Junioren Intensivwoche - Bozovic Tennis Academy","isPartOf":{"@id":"https:\/\/bozovictennisacademy.com\/v3\/#website"},"primaryImageOfPage":{"@id":"https:\/\/bozovictennisacademy.com\/v3\/de\/programme\/holiday-program-de\/junioren-intensivwoche\/#primaryimage"},"image":{"@id":"https:\/\/bozovictennisacademy.com\/v3\/de\/programme\/holiday-program-de\/junioren-intensivwoche\/#primaryimage"},"thumbnailUrl":"https:\/\/bozovictennisacademy.com\/v3\/wp-content\/uploads\/2024\/05\/gi_juniors_14.jpg","datePublished":"2024-06-10T13:11:31+00:00","dateModified":"2026-01-12T22:57:19+00:00","description":"Die w\u00f6chentlichen Privattrainings der Kinder finden in der Zeit der Schulferien nicht statt. Bitte teilt uns daher im Voraus mit, ob ihr m\u00f6chtet, dass die Privattrainings w\u00e4hrend der Fr\u00fchlingsferien fortgesetzt werden.","breadcrumb":{"@id":"https:\/\/bozovictennisacademy.com\/v3\/de\/programme\/holiday-program-de\/junioren-intensivwoche\/#breadcrumb"},"inLanguage":"en-US","potentialAction":[{"@type":"ReadAction","target":["https:\/\/bozovictennisacademy.com\/v3\/de\/programme\/holiday-program-de\/junioren-intensivwoche\/"]}]},{"@type":"ImageObject","inLanguage":"en-US","@id":"https:\/\/bozovictennisacademy.com\/v3\/de\/programme\/holiday-program-de\/junioren-intensivwoche\/#primaryimage","url":"https:\/\/bozovictennisacademy.com\/v3\/wp-content\/uploads\/2024\/05\/gi_juniors_14.jpg","contentUrl":"https:\/\/bozovictennisacademy.com\/v3\/wp-content\/uploads\/2024\/05\/gi_juniors_14.jpg","width":1280,"height":854},{"@type":"BreadcrumbList","@id":"https:\/\/bozovictennisacademy.com\/v3\/de\/programme\/holiday-program-de\/junioren-intensivwoche\/#breadcrumb","itemListElement":[{"@type":"ListItem","position":1,"name":"Home","item":"https:\/\/bozovictennisacademy.com\/v3\/"},{"@type":"ListItem","position":2,"name":"Programme und Dienstleistungen","item":"https:\/\/bozovictennisacademy.com\/v3\/de\/programme\/"},{"@type":"ListItem","position":3,"name":"Holiday Program","item":"https:\/\/bozovictennisacademy.com\/v3\/de\/programme\/holiday-program-de\/"},{"@type":"ListItem","position":4,"name":"Junioren Intensivwoche"}]},{"@type":"WebSite","@id":"https:\/\/bozovictennisacademy.com\/v3\/#website","url":"https:\/\/bozovictennisacademy.com\/v3\/","name":"Bozovic Tennis Academy","description":"","potentialAction":[{"@type":"SearchAction","target":{"@type":"EntryPoint","urlTemplate":"https:\/\/bozovictennisacademy.com\/v3\/?s={search_term_string}"},"query-input":{"@type":"PropertyValueSpecification","valueRequired":true,"valueName":"search_term_string"}}],"inLanguage":"en-US"}]}},"_links":{"self":[{"href":"https:\/\/bozovictennisacademy.com\/v3\/wp-json\/wp\/v2\/pages\/4666","targetHints":{"allow":["GET"]}}],"collection":[{"href":"https:\/\/bozovictennisacademy.com\/v3\/wp-json\/wp\/v2\/pages"}],"about":[{"href":"https:\/\/bozovictennisacademy.com\/v3\/wp-json\/wp\/v2\/types\/page"}],"author":[{"embeddable":true,"href":"https:\/\/bozovictennisacademy.com\/v3\/wp-json\/wp\/v2\/users\/1"}],"replies":[{"embeddable":true,"href":"https:\/\/bozovictennisacademy.com\/v3\/wp-json\/wp\/v2\/comments?post=4666"}],"version-history":[{"count":19,"href":"https:\/\/bozovictennisacademy.com\/v3\/wp-json\/wp\/v2\/pages\/4666\/revisions"}],"predecessor-version":[{"id":5557,"href":"https:\/\/bozovictennisacademy.com\/v3\/wp-json\/wp\/v2\/pages\/4666\/revisions\/5557"}],"up":[{"embeddable":true,"href":"https:\/\/bozovictennisacademy.com\/v3\/wp-json\/wp\/v2\/pages\/4639"}],"wp:featuredmedia":[{"embeddable":true,"href":"https:\/\/bozovictennisacademy.com\/v3\/wp-json\/wp\/v2\/media\/4530"}],"wp:attachment":[{"href":"https:\/\/bozovictennisacademy.com\/v3\/wp-json\/wp\/v2\/media?parent=4666"}],"curies":[{"name":"wp","href":"https:\/\/api.w.org\/{rel}","templated":true}]}}