{"id":4678,"date":"2024-06-10T13:27:18","date_gmt":"2024-06-10T13:27:18","guid":{"rendered":"https:\/\/bozovictennisacademy.com\/v3\/?page_id=4678"},"modified":"2026-01-12T22:58:30","modified_gmt":"2026-01-12T22:58:30","slug":"intensivtraining-erwachsene","status":"publish","type":"page","link":"https:\/\/bozovictennisacademy.com\/v3\/de\/programme\/holiday-program-de\/intensivtraining-erwachsene\/","title":{"rendered":"Intensivtraining Erwachsene"},"content":{"rendered":"<div id=\"pl-4678\"  class=\"panel-layout\" ><div id=\"pg-4678-0\"  class=\"panel-grid panel-no-style\" ><div id=\"pgc-4678-0-0\"  class=\"panel-grid-cell\" ><div id=\"panel-4678-0-0-0\" class=\"so-panel widget widget_sow-editor panel-first-child panel-last-child\" data-index=\"0\" ><div\n\t\t\t\n\t\t\tclass=\"so-widget-sow-editor so-widget-sow-editor-base\"\n\t\t\t\n\t\t>\n<div class=\"siteorigin-widget-tinymce textwidget\">\n\t<p><strong>Zielpublikum:<\/strong> Erwachsene (Mitglieder und Nicht-Mitglieder der Akademie)<br \/>\n<strong>Dauer:<\/strong> 5 Stunden, die auf zwei Wochen verteilt werden k\u00f6nnen. Sie k\u00f6nnen w\u00e4hlen, welche Wochen f\u00fcr Sie in Frage kommen.<br \/>\n<strong>Trainingszeiten:<\/strong> Montag bis Sonntag zwischen 8 Uhr und 18 Uhr<br \/>\n<strong>Schwerpunkt:<\/strong> Dieses Programm ist ein intensives Training f\u00fcr alle Erwachsenen, die sich schnell verbessern wollen. Es kann zus\u00e4tzlich zu Ihren regul\u00e4ren Gruppentrainings oder auch als neues Programm durchgef\u00fchrt werden, wenn Sie noch nie bei uns trainiert haben. Der Unterricht kann in einer Zweiergruppe oder als Einzelunterricht stattfinden. Wir werden gezielt an Ihrer Technik und\/oder Taktik arbeiten und Ihr Spiel auf das n\u00e4chste Level bringen.<br \/>\n<strong>Was haben Sie von diesem Programm?<\/strong> Wir analysieren Ihr Spiel, finden genau heraus, woran Sie arbeiten m\u00fcssen und geben Ihnen auch Empfehlungen f\u00fcr Ihr zuk\u00fcnftiges Training. Unsere Trainer besprechen alle Entwicklungen unserer Spieler, so dass wir das bestm\u00f6gliche Feedback, Empfehlungen und generell den besten Unterricht auf dem Platz geben k\u00f6nnen.<\/p>\n<p><strong>Das Training ist an allen Tagen der Woche m\u00f6glich. Unter der Woche findet abends regelm\u00e4\u00dfig Erwachsenentraining statt, so dass nur begrenzte Pl\u00e4tze zur Verf\u00fcgung stehen.<\/strong><\/p>\n<p><img loading=\"lazy\" decoding=\"async\" class=\"alignnone wp-image-4644\" src=\"https:\/\/bozovictennisacademy.com\/v3\/wp-content\/uploads\/2024\/06\/pdf.png\" alt=\"\" width=\"26\" height=\"26\" srcset=\"https:\/\/bozovictennisacademy.com\/v3\/wp-content\/uploads\/2024\/06\/pdf.png 256w, https:\/\/bozovictennisacademy.com\/v3\/wp-content\/uploads\/2024\/06\/pdf-150x150.png 150w\" sizes=\"auto, (max-width: 26px) 100vw, 26px\" \/>\u00a0 <a href=\"https:\/\/bozovictennisacademy.com\/v3\/wp-content\/uploads\/2026\/01\/Adult-intensive-week-2026.pdf\" target=\"_blank\" rel=\"noopener\"><strong><span class=\"HwtZe\" lang=\"de\"><span class=\"jCAhz ChMk0b\"><span class=\"ryNqvb\">Anmeldeformular<\/span><\/span><\/span><\/strong><\/a><\/p>\n<p>F\u00fcr Anmeldungen und Informationen kontaktieren Sie uns bitte unter <a href=\"mailto:office@bozovictennisacademy.com\">office@bozovictennisacademy.com<\/a>.<\/p>\n<\/div>\n<\/div><\/div><\/div><div id=\"pgc-4678-0-1\"  class=\"panel-grid-cell\" ><div id=\"panel-4678-0-1-0\" class=\"so-panel widget widget_sow-editor panel-first-child panel-last-child\" data-index=\"1\" ><div\n\t\t\t\n\t\t\tclass=\"so-widget-sow-editor so-widget-sow-editor-base\"\n\t\t\t\n\t\t>\n<div class=\"siteorigin-widget-tinymce textwidget\">\n\t<p><img loading=\"lazy\" decoding=\"async\" class=\"alignnone size-full wp-image-4589\" src=\"https:\/\/bozovictennisacademy.com\/v3\/wp-content\/uploads\/2024\/05\/gi_adults_10.jpg\" alt=\"\" width=\"1280\" height=\"854\" srcset=\"https:\/\/bozovictennisacademy.com\/v3\/wp-content\/uploads\/2024\/05\/gi_adults_10.jpg 1280w, https:\/\/bozovictennisacademy.com\/v3\/wp-content\/uploads\/2024\/05\/gi_adults_10-300x200.jpg 300w, https:\/\/bozovictennisacademy.com\/v3\/wp-content\/uploads\/2024\/05\/gi_adults_10-1024x683.jpg 1024w, https:\/\/bozovictennisacademy.com\/v3\/wp-content\/uploads\/2024\/05\/gi_adults_10-768x512.jpg 768w, https:\/\/bozovictennisacademy.com\/v3\/wp-content\/uploads\/2024\/05\/gi_adults_10-272x182.jpg 272w\" sizes=\"auto, (max-width: 1280px) 100vw, 1280px\" \/><\/p>\n<\/div>\n<\/div><\/div><\/div><\/div><\/div>","protected":false},"excerpt":{"rendered":"<p>Dieses Programm ist ein intensives Training f\u00fcr alle Erwachsenen, die sich schnell verbessern wollen. Es kann zus\u00e4tzlich zu Ihren regul\u00e4ren Gruppentrainings oder auch als neues Programm durchgef\u00fchrt werden, wenn Sie noch nie bei uns trainiert haben.<\/p>\n","protected":false},"author":1,"featured_media":4589,"parent":4639,"menu_order":0,"comment_status":"closed","ping_status":"closed","template":"","meta":{"_acf_changed":false,"footnotes":""},"class_list":{"0":"post-4678","1":"page","2":"type-page","3":"status-publish","4":"has-post-thumbnail","6":"clearfix","7":"article"},"acf":[],"yoast_head":"<!-- This site is optimized with the Yoast SEO plugin v27.1.1 - https:\/\/yoast.com\/product\/yoast-seo-wordpress\/ -->\n<title>Intensivtraining Erwachsene - Bozovic Tennis Academy<\/title>\n<meta name=\"description\" content=\"Dieses Programm ist ein intensives Training f\u00fcr alle Erwachsenen, die sich schnell verbessern wollen. Es kann zus\u00e4tzlich zu Ihren regul\u00e4ren Gruppentrainings oder auch als neues Programm durchgef\u00fchrt werden, wenn Sie noch nie bei uns trainiert haben.\" \/>\n<meta name=\"robots\" content=\"index, follow, max-snippet:-1, max-image-preview:large, max-video-preview:-1\" \/>\n<link rel=\"canonical\" href=\"https:\/\/bozovictennisacademy.com\/v3\/de\/programme\/holiday-program-de\/intensivtraining-erwachsene\/\" \/>\n<meta property=\"og:locale\" content=\"en_US\" \/>\n<meta property=\"og:type\" content=\"article\" \/>\n<meta property=\"og:title\" content=\"Intensivtraining Erwachsene - Bozovic Tennis Academy\" \/>\n<meta property=\"og:description\" content=\"Dieses Programm ist ein intensives Training f\u00fcr alle Erwachsenen, die sich schnell verbessern wollen. Es kann zus\u00e4tzlich zu Ihren regul\u00e4ren Gruppentrainings oder auch als neues Programm durchgef\u00fchrt werden, wenn Sie noch nie bei uns trainiert haben.\" \/>\n<meta property=\"og:url\" content=\"https:\/\/bozovictennisacademy.com\/v3\/de\/programme\/holiday-program-de\/intensivtraining-erwachsene\/\" \/>\n<meta property=\"og:site_name\" content=\"Bozovic Tennis Academy\" \/>\n<meta property=\"article:publisher\" content=\"https:\/\/www.facebook.com\/bozovictennisacademy\/\" \/>\n<meta property=\"article:modified_time\" content=\"2026-01-12T22:58:30+00:00\" \/>\n<meta property=\"og:image\" content=\"https:\/\/bozovictennisacademy.com\/v3\/wp-content\/uploads\/2024\/05\/gi_adults_10.jpg\" \/>\n\t<meta property=\"og:image:width\" content=\"1280\" \/>\n\t<meta property=\"og:image:height\" content=\"854\" \/>\n\t<meta property=\"og:image:type\" content=\"image\/jpeg\" \/>\n<meta name=\"twitter:card\" content=\"summary_large_image\" \/>\n<meta name=\"twitter:label1\" content=\"Est. reading time\" \/>\n\t<meta name=\"twitter:data1\" content=\"2 minutes\" \/>\n<script type=\"application\/ld+json\" class=\"yoast-schema-graph\">{\"@context\":\"https:\/\/schema.org\",\"@graph\":[{\"@type\":\"WebPage\",\"@id\":\"https:\/\/bozovictennisacademy.com\/v3\/de\/programme\/holiday-program-de\/intensivtraining-erwachsene\/\",\"url\":\"https:\/\/bozovictennisacademy.com\/v3\/de\/programme\/holiday-program-de\/intensivtraining-erwachsene\/\",\"name\":\"Intensivtraining Erwachsene - Bozovic Tennis Academy\",\"isPartOf\":{\"@id\":\"https:\/\/bozovictennisacademy.com\/v3\/#website\"},\"primaryImageOfPage\":{\"@id\":\"https:\/\/bozovictennisacademy.com\/v3\/de\/programme\/holiday-program-de\/intensivtraining-erwachsene\/#primaryimage\"},\"image\":{\"@id\":\"https:\/\/bozovictennisacademy.com\/v3\/de\/programme\/holiday-program-de\/intensivtraining-erwachsene\/#primaryimage\"},\"thumbnailUrl\":\"https:\/\/bozovictennisacademy.com\/v3\/wp-content\/uploads\/2024\/05\/gi_adults_10.jpg\",\"datePublished\":\"2024-06-10T13:27:18+00:00\",\"dateModified\":\"2026-01-12T22:58:30+00:00\",\"description\":\"Dieses Programm ist ein intensives Training f\u00fcr alle Erwachsenen, die sich schnell verbessern wollen. Es kann zus\u00e4tzlich zu Ihren regul\u00e4ren Gruppentrainings oder auch als neues Programm durchgef\u00fchrt werden, wenn Sie noch nie bei uns trainiert haben.\",\"breadcrumb\":{\"@id\":\"https:\/\/bozovictennisacademy.com\/v3\/de\/programme\/holiday-program-de\/intensivtraining-erwachsene\/#breadcrumb\"},\"inLanguage\":\"en-US\",\"potentialAction\":[{\"@type\":\"ReadAction\",\"target\":[\"https:\/\/bozovictennisacademy.com\/v3\/de\/programme\/holiday-program-de\/intensivtraining-erwachsene\/\"]}]},{\"@type\":\"ImageObject\",\"inLanguage\":\"en-US\",\"@id\":\"https:\/\/bozovictennisacademy.com\/v3\/de\/programme\/holiday-program-de\/intensivtraining-erwachsene\/#primaryimage\",\"url\":\"https:\/\/bozovictennisacademy.com\/v3\/wp-content\/uploads\/2024\/05\/gi_adults_10.jpg\",\"contentUrl\":\"https:\/\/bozovictennisacademy.com\/v3\/wp-content\/uploads\/2024\/05\/gi_adults_10.jpg\",\"width\":1280,\"height\":854},{\"@type\":\"BreadcrumbList\",\"@id\":\"https:\/\/bozovictennisacademy.com\/v3\/de\/programme\/holiday-program-de\/intensivtraining-erwachsene\/#breadcrumb\",\"itemListElement\":[{\"@type\":\"ListItem\",\"position\":1,\"name\":\"Home\",\"item\":\"https:\/\/bozovictennisacademy.com\/v3\/\"},{\"@type\":\"ListItem\",\"position\":2,\"name\":\"Programme und Dienstleistungen\",\"item\":\"https:\/\/bozovictennisacademy.com\/v3\/de\/programme\/\"},{\"@type\":\"ListItem\",\"position\":3,\"name\":\"Holiday Program\",\"item\":\"https:\/\/bozovictennisacademy.com\/v3\/de\/programme\/holiday-program-de\/\"},{\"@type\":\"ListItem\",\"position\":4,\"name\":\"Intensivtraining Erwachsene\"}]},{\"@type\":\"WebSite\",\"@id\":\"https:\/\/bozovictennisacademy.com\/v3\/#website\",\"url\":\"https:\/\/bozovictennisacademy.com\/v3\/\",\"name\":\"Bozovic Tennis Academy\",\"description\":\"\",\"potentialAction\":[{\"@type\":\"SearchAction\",\"target\":{\"@type\":\"EntryPoint\",\"urlTemplate\":\"https:\/\/bozovictennisacademy.com\/v3\/?s={search_term_string}\"},\"query-input\":{\"@type\":\"PropertyValueSpecification\",\"valueRequired\":true,\"valueName\":\"search_term_string\"}}],\"inLanguage\":\"en-US\"}]}<\/script>\n<!-- \/ Yoast SEO plugin. -->","yoast_head_json":{"title":"Intensivtraining Erwachsene - Bozovic Tennis Academy","description":"Dieses Programm ist ein intensives Training f\u00fcr alle Erwachsenen, die sich schnell verbessern wollen. Es kann zus\u00e4tzlich zu Ihren regul\u00e4ren Gruppentrainings oder auch als neues Programm durchgef\u00fchrt werden, wenn Sie noch nie bei uns trainiert haben.","robots":{"index":"index","follow":"follow","max-snippet":"max-snippet:-1","max-image-preview":"max-image-preview:large","max-video-preview":"max-video-preview:-1"},"canonical":"https:\/\/bozovictennisacademy.com\/v3\/de\/programme\/holiday-program-de\/intensivtraining-erwachsene\/","og_locale":"en_US","og_type":"article","og_title":"Intensivtraining Erwachsene - Bozovic Tennis Academy","og_description":"Dieses Programm ist ein intensives Training f\u00fcr alle Erwachsenen, die sich schnell verbessern wollen. Es kann zus\u00e4tzlich zu Ihren regul\u00e4ren Gruppentrainings oder auch als neues Programm durchgef\u00fchrt werden, wenn Sie noch nie bei uns trainiert haben.","og_url":"https:\/\/bozovictennisacademy.com\/v3\/de\/programme\/holiday-program-de\/intensivtraining-erwachsene\/","og_site_name":"Bozovic Tennis Academy","article_publisher":"https:\/\/www.facebook.com\/bozovictennisacademy\/","article_modified_time":"2026-01-12T22:58:30+00:00","og_image":[{"width":1280,"height":854,"url":"https:\/\/bozovictennisacademy.com\/v3\/wp-content\/uploads\/2024\/05\/gi_adults_10.jpg","type":"image\/jpeg"}],"twitter_card":"summary_large_image","twitter_misc":{"Est. reading time":"2 minutes"},"schema":{"@context":"https:\/\/schema.org","@graph":[{"@type":"WebPage","@id":"https:\/\/bozovictennisacademy.com\/v3\/de\/programme\/holiday-program-de\/intensivtraining-erwachsene\/","url":"https:\/\/bozovictennisacademy.com\/v3\/de\/programme\/holiday-program-de\/intensivtraining-erwachsene\/","name":"Intensivtraining Erwachsene - Bozovic Tennis Academy","isPartOf":{"@id":"https:\/\/bozovictennisacademy.com\/v3\/#website"},"primaryImageOfPage":{"@id":"https:\/\/bozovictennisacademy.com\/v3\/de\/programme\/holiday-program-de\/intensivtraining-erwachsene\/#primaryimage"},"image":{"@id":"https:\/\/bozovictennisacademy.com\/v3\/de\/programme\/holiday-program-de\/intensivtraining-erwachsene\/#primaryimage"},"thumbnailUrl":"https:\/\/bozovictennisacademy.com\/v3\/wp-content\/uploads\/2024\/05\/gi_adults_10.jpg","datePublished":"2024-06-10T13:27:18+00:00","dateModified":"2026-01-12T22:58:30+00:00","description":"Dieses Programm ist ein intensives Training f\u00fcr alle Erwachsenen, die sich schnell verbessern wollen. Es kann zus\u00e4tzlich zu Ihren regul\u00e4ren Gruppentrainings oder auch als neues Programm durchgef\u00fchrt werden, wenn Sie noch nie bei uns trainiert haben.","breadcrumb":{"@id":"https:\/\/bozovictennisacademy.com\/v3\/de\/programme\/holiday-program-de\/intensivtraining-erwachsene\/#breadcrumb"},"inLanguage":"en-US","potentialAction":[{"@type":"ReadAction","target":["https:\/\/bozovictennisacademy.com\/v3\/de\/programme\/holiday-program-de\/intensivtraining-erwachsene\/"]}]},{"@type":"ImageObject","inLanguage":"en-US","@id":"https:\/\/bozovictennisacademy.com\/v3\/de\/programme\/holiday-program-de\/intensivtraining-erwachsene\/#primaryimage","url":"https:\/\/bozovictennisacademy.com\/v3\/wp-content\/uploads\/2024\/05\/gi_adults_10.jpg","contentUrl":"https:\/\/bozovictennisacademy.com\/v3\/wp-content\/uploads\/2024\/05\/gi_adults_10.jpg","width":1280,"height":854},{"@type":"BreadcrumbList","@id":"https:\/\/bozovictennisacademy.com\/v3\/de\/programme\/holiday-program-de\/intensivtraining-erwachsene\/#breadcrumb","itemListElement":[{"@type":"ListItem","position":1,"name":"Home","item":"https:\/\/bozovictennisacademy.com\/v3\/"},{"@type":"ListItem","position":2,"name":"Programme und Dienstleistungen","item":"https:\/\/bozovictennisacademy.com\/v3\/de\/programme\/"},{"@type":"ListItem","position":3,"name":"Holiday Program","item":"https:\/\/bozovictennisacademy.com\/v3\/de\/programme\/holiday-program-de\/"},{"@type":"ListItem","position":4,"name":"Intensivtraining Erwachsene"}]},{"@type":"WebSite","@id":"https:\/\/bozovictennisacademy.com\/v3\/#website","url":"https:\/\/bozovictennisacademy.com\/v3\/","name":"Bozovic Tennis Academy","description":"","potentialAction":[{"@type":"SearchAction","target":{"@type":"EntryPoint","urlTemplate":"https:\/\/bozovictennisacademy.com\/v3\/?s={search_term_string}"},"query-input":{"@type":"PropertyValueSpecification","valueRequired":true,"valueName":"search_term_string"}}],"inLanguage":"en-US"}]}},"_links":{"self":[{"href":"https:\/\/bozovictennisacademy.com\/v3\/wp-json\/wp\/v2\/pages\/4678","targetHints":{"allow":["GET"]}}],"collection":[{"href":"https:\/\/bozovictennisacademy.com\/v3\/wp-json\/wp\/v2\/pages"}],"about":[{"href":"https:\/\/bozovictennisacademy.com\/v3\/wp-json\/wp\/v2\/types\/page"}],"author":[{"embeddable":true,"href":"https:\/\/bozovictennisacademy.com\/v3\/wp-json\/wp\/v2\/users\/1"}],"replies":[{"embeddable":true,"href":"https:\/\/bozovictennisacademy.com\/v3\/wp-json\/wp\/v2\/comments?post=4678"}],"version-history":[{"count":9,"href":"https:\/\/bozovictennisacademy.com\/v3\/wp-json\/wp\/v2\/pages\/4678\/revisions"}],"predecessor-version":[{"id":4722,"href":"https:\/\/bozovictennisacademy.com\/v3\/wp-json\/wp\/v2\/pages\/4678\/revisions\/4722"}],"up":[{"embeddable":true,"href":"https:\/\/bozovictennisacademy.com\/v3\/wp-json\/wp\/v2\/pages\/4639"}],"wp:featuredmedia":[{"embeddable":true,"href":"https:\/\/bozovictennisacademy.com\/v3\/wp-json\/wp\/v2\/media\/4589"}],"wp:attachment":[{"href":"https:\/\/bozovictennisacademy.com\/v3\/wp-json\/wp\/v2\/media?parent=4678"}],"curies":[{"name":"wp","href":"https:\/\/api.w.org\/{rel}","templated":true}]}}