{"id":4817,"date":"2024-08-21T11:37:50","date_gmt":"2024-08-21T11:37:50","guid":{"rendered":"https:\/\/bozovictennisacademy.com\/v3\/?page_id=4817"},"modified":"2025-12-03T11:07:56","modified_gmt":"2025-12-03T11:07:56","slug":"signup-de-winter-2025-2026","status":"publish","type":"page","link":"https:\/\/bozovictennisacademy.com\/v3\/de\/signup-de-winter-2025-2026\/","title":{"rendered":"Anmeldung f\u00fcr das Wintertraining 2025\/2026"},"content":{"rendered":"<div id=\"pl-4817\"  class=\"panel-layout\" ><div id=\"pg-4817-0\"  class=\"panel-grid panel-no-style\" ><div id=\"pgc-4817-0-0\"  class=\"panel-grid-cell\" ><div id=\"panel-4817-0-0-0\" class=\"so-panel widget widget_sow-editor panel-first-child\" data-index=\"0\" ><div\n\t\t\t\n\t\t\tclass=\"so-widget-sow-editor so-widget-sow-editor-base\"\n\t\t\t\n\t\t><h3 class=\"widget-title\"><span class=\"widget-title__inline\">KINDER und JUNIOREN<\/span><\/h3>\n<div class=\"siteorigin-widget-tinymce textwidget\">\n\t<p>Liebe Eltern,<\/p>\n<p>Falls eure Kids im Winter weiterhin Fortschritte mit ihrem Tennis machen m\u00f6chten, dann meldet sie bitte mit dem hier <a href=\"https:\/\/bozovictennisacademy.com\/v3\/wp-content\/uploads\/2025\/09\/AnmeldungWinter2025_26.pdf\" target=\"_blank\" rel=\"noopener\"><strong>beigelegten Anmeldeformular<\/strong><\/a> an.<\/p>\n<p>Unsere Wintersaison startet offiziell am <strong>Montag, 20. Oktober 2025<\/strong>.<\/p>\n<p>Wir haben jeweils im Winter leider wochentags am Abend aus Gr\u00fcnden der Platzkapazit\u00e4t nicht gleich viele Trainingsm\u00f6glichkeiten wie im Sommer.<\/p>\n<p>Gebt uns deshalb immer auch die <strong>wochentags fr\u00fchestm\u00f6gliche Trainingsoption<\/strong> an und vor allem auch solche am Wochenende, also auch am Samstag und am Sonntag.<\/p>\n<p>Wir w\u00e4ren sehr froh, wenn ihr uns das Anmeldeformular sp\u00e4testens bis am <strong>Sonntag, 21. September<\/strong>, vollst\u00e4ndig ausgef\u00fcllt und unterschrieben per E-Mail returnieren k\u00f6nnt.<\/p>\n<p>Ihr k\u00f6nnt das ausgef\u00fcllte Anmeldeformular an <strong>Sascha Rudolph<\/strong> (<a href=\"mailto:sascha.rudolph@bozovictennisacademy.com\">sascha.rudolph@bozovictennisacademy.com<\/a>) senden.<\/p>\n<\/div>\n<\/div><\/div><div id=\"panel-4817-0-0-1\" class=\"so-panel widget widget_sow-editor panel-last-child\" data-index=\"1\" ><div\n\t\t\t\n\t\t\tclass=\"so-widget-sow-editor so-widget-sow-editor-base\"\n\t\t\t\n\t\t><h3 class=\"widget-title\"><span class=\"widget-title__inline\">ERWACHSENE<\/span><\/h3>\n<div class=\"siteorigin-widget-tinymce textwidget\">\n\t<p>Liebe Kunden,<\/p>\n<p>Falls ihr im kommenden Winter weiterhin Fortschritte mit eurem Tennis machen m\u00f6chtet, dann meldet euch bitte mit dem hier beigelegten <a href=\"https:\/\/bozovictennisacademy.com\/v3\/wp-content\/uploads\/2025\/09\/AnmeldungWinter2025_26.pdf\" target=\"_blank\" rel=\"noopener\"><strong>Anmeldeformular<\/strong><\/a> an.<\/p>\n<p>Unsere Wintersaison startet offiziell am <strong>Montag, 6. Oktober 2025<\/strong>.<\/p>\n<p>Wir haben jeweils im Winter leider wochentags am Abend aus Gr\u00fcnden der Platzkapazit\u00e4t nicht gleich viele Trainingsm\u00f6glichkeiten wie im Sommer.<\/p>\n<p><strong>Gebt uns deshalb vor allem auch eure Spieloptionen \u00fcber die Mittagszeit, am Freitagabend und am Wochenende an.<\/strong> Wir sind gl\u00fccklich euch auch an jeden Samstag und jedem Sonntag zu unterrichten.<\/p>\n<p>Wir w\u00e4ren sehr froh, wenn ihr uns das Anmeldeformular <strong>sp\u00e4testens bis am Sonntag, 21. September<\/strong>, vollst\u00e4ndig ausgef\u00fcllt und unterschrieben per E-Mail returnieren k\u00f6nntet.<\/p>\n<p>Ihr k\u00f6nnt das ausgef\u00fcllte Anmeldeformular an <strong>Sascha Rudolph<\/strong> (<a href=\"mailto:sascha.rudolph@bozovictennisacademy.com\">sascha.rudolph@bozovictennisacademy.com<\/a>) senden.<\/p>\n<\/div>\n<\/div><\/div><\/div><div id=\"pgc-4817-0-1\"  class=\"panel-grid-cell\" ><div id=\"panel-4817-0-1-0\" class=\"so-panel widget widget_pw_brochure_box widget-brochure-box panel-first-child\" data-index=\"2\" >\n\t<a class=\"brochure-box\" href=\"https:\/\/bozovictennisacademy.com\/v3\/wp-content\/uploads\/2025\/12\/Pricelist-Winter-2025-26-DE-1.pdf\" target=\"_blank\">\n\t\t<span class=\"brochure-box__icon\"><i class=\"fa  fa-file-pdf-o\"><\/i><\/span>\n\t\t<span class=\"brochure-box__text\">Preisliste - Winter 2025\/2026<\/span>\n\t<\/a>\n\n<\/div><div id=\"panel-4817-0-1-1\" class=\"so-panel widget widget_pw_brochure_box widget-brochure-box\" data-index=\"3\" >\n\t<a class=\"brochure-box\" href=\"https:\/\/bozovictennisacademy.com\/v3\/wp-content\/uploads\/2024\/08\/Rules-DE.pdf\" target=\"_blank\">\n\t\t<span class=\"brochure-box__icon\"><i class=\"fa  fa-file-pdf-o\"><\/i><\/span>\n\t\t<span class=\"brochure-box__text\">Regeln unserer Academy<\/span>\n\t<\/a>\n\n<\/div><div id=\"panel-4817-0-1-2\" class=\"so-panel widget widget_pw_brochure_box widget-brochure-box panel-last-child\" data-index=\"4\" >\n\t<a class=\"brochure-box\" href=\"https:\/\/bozovictennisacademy.com\/v3\/wp-content\/uploads\/2024\/08\/Terms-and-Conditions-DE.pdf\" target=\"_blank\">\n\t\t<span class=\"brochure-box__icon\"><i class=\"fa  fa-file-pdf-o\"><\/i><\/span>\n\t\t<span class=\"brochure-box__text\">Allgemeine Gesch\u00e4ftsbedingungen (AGB)<\/span>\n\t<\/a>\n\n<\/div><\/div><\/div><\/div>","protected":false},"excerpt":{"rendered":"<p>Liebe Eltern, Falls eure Kids im Winter weiterhin Fortschritte mit ihrem Tennis machen m\u00f6chten, dann meldet sie bitte mit dem hier beigelegten Anmeldeformular an. Unsere Wintersaison startet offiziell am Montag, 20. Oktober 2025. Wir haben jeweils im Winter leider wochentags am Abend aus Gr\u00fcnden der Platzkapazit\u00e4t nicht gleich viele Trainingsm\u00f6glichkeiten wie im Sommer. Gebt uns &hellip;<\/p>\n","protected":false},"author":1,"featured_media":4339,"parent":0,"menu_order":0,"comment_status":"closed","ping_status":"closed","template":"","meta":{"_acf_changed":false,"footnotes":""},"class_list":{"0":"post-4817","1":"page","2":"type-page","3":"status-publish","4":"has-post-thumbnail","6":"clearfix","7":"article"},"acf":[],"yoast_head":"<!-- This site is optimized with the Yoast SEO plugin v27.1.1 - https:\/\/yoast.com\/product\/yoast-seo-wordpress\/ -->\n<title>Anmeldung f\u00fcr das Wintertraining 2025\/2026 - Bozovic Tennis Academy<\/title>\n<meta name=\"description\" content=\"KINDER und JUNIOREN Liebe Eltern, Falls eure Kids im Winter weiterhin Fortschritte mit ihrem Tennis machen m\u00f6chten, dann meldet sie bitte mit dem hier\" \/>\n<meta name=\"robots\" content=\"index, follow, max-snippet:-1, max-image-preview:large, max-video-preview:-1\" \/>\n<link rel=\"canonical\" href=\"https:\/\/bozovictennisacademy.com\/v3\/de\/signup-de-winter-2025-2026\/\" \/>\n<meta property=\"og:locale\" content=\"en_US\" \/>\n<meta property=\"og:type\" content=\"article\" \/>\n<meta property=\"og:title\" content=\"Anmeldung f\u00fcr das Wintertraining 2025\/2026 - Bozovic Tennis Academy\" \/>\n<meta property=\"og:description\" content=\"KINDER und JUNIOREN Liebe Eltern, Falls eure Kids im Winter weiterhin Fortschritte mit ihrem Tennis machen m\u00f6chten, dann meldet sie bitte mit dem hier\" \/>\n<meta property=\"og:url\" content=\"https:\/\/bozovictennisacademy.com\/v3\/de\/signup-de-winter-2025-2026\/\" \/>\n<meta property=\"og:site_name\" content=\"Bozovic Tennis Academy\" \/>\n<meta property=\"article:publisher\" content=\"https:\/\/www.facebook.com\/bozovictennisacademy\/\" \/>\n<meta property=\"article:modified_time\" content=\"2025-12-03T11:07:56+00:00\" \/>\n<meta property=\"og:image\" content=\"https:\/\/bozovictennisacademy.com\/v3\/wp-content\/uploads\/2024\/04\/Vitis-2024.jpg\" \/>\n\t<meta property=\"og:image:width\" content=\"1340\" \/>\n\t<meta property=\"og:image:height\" content=\"993\" \/>\n\t<meta property=\"og:image:type\" content=\"image\/jpeg\" \/>\n<meta name=\"twitter:card\" content=\"summary_large_image\" \/>\n<meta name=\"twitter:label1\" content=\"Est. reading time\" \/>\n\t<meta name=\"twitter:data1\" content=\"2 minutes\" \/>\n<script type=\"application\/ld+json\" class=\"yoast-schema-graph\">{\"@context\":\"https:\/\/schema.org\",\"@graph\":[{\"@type\":\"WebPage\",\"@id\":\"https:\/\/bozovictennisacademy.com\/v3\/de\/signup-de-winter-2025-2026\/\",\"url\":\"https:\/\/bozovictennisacademy.com\/v3\/de\/signup-de-winter-2025-2026\/\",\"name\":\"Anmeldung f\u00fcr das Wintertraining 2025\/2026 - Bozovic Tennis Academy\",\"isPartOf\":{\"@id\":\"https:\/\/bozovictennisacademy.com\/v3\/#website\"},\"primaryImageOfPage\":{\"@id\":\"https:\/\/bozovictennisacademy.com\/v3\/de\/signup-de-winter-2025-2026\/#primaryimage\"},\"image\":{\"@id\":\"https:\/\/bozovictennisacademy.com\/v3\/de\/signup-de-winter-2025-2026\/#primaryimage\"},\"thumbnailUrl\":\"https:\/\/bozovictennisacademy.com\/v3\/wp-content\/uploads\/2024\/04\/Vitis-2024.jpg\",\"datePublished\":\"2024-08-21T11:37:50+00:00\",\"dateModified\":\"2025-12-03T11:07:56+00:00\",\"description\":\"KINDER und JUNIOREN Liebe Eltern, Falls eure Kids im Winter weiterhin Fortschritte mit ihrem Tennis machen m\u00f6chten, dann meldet sie bitte mit dem hier\",\"breadcrumb\":{\"@id\":\"https:\/\/bozovictennisacademy.com\/v3\/de\/signup-de-winter-2025-2026\/#breadcrumb\"},\"inLanguage\":\"en-US\",\"potentialAction\":[{\"@type\":\"ReadAction\",\"target\":[\"https:\/\/bozovictennisacademy.com\/v3\/de\/signup-de-winter-2025-2026\/\"]}]},{\"@type\":\"ImageObject\",\"inLanguage\":\"en-US\",\"@id\":\"https:\/\/bozovictennisacademy.com\/v3\/de\/signup-de-winter-2025-2026\/#primaryimage\",\"url\":\"https:\/\/bozovictennisacademy.com\/v3\/wp-content\/uploads\/2024\/04\/Vitis-2024.jpg\",\"contentUrl\":\"https:\/\/bozovictennisacademy.com\/v3\/wp-content\/uploads\/2024\/04\/Vitis-2024.jpg\",\"width\":1340,\"height\":993},{\"@type\":\"BreadcrumbList\",\"@id\":\"https:\/\/bozovictennisacademy.com\/v3\/de\/signup-de-winter-2025-2026\/#breadcrumb\",\"itemListElement\":[{\"@type\":\"ListItem\",\"position\":1,\"name\":\"Home\",\"item\":\"https:\/\/bozovictennisacademy.com\/v3\/\"},{\"@type\":\"ListItem\",\"position\":2,\"name\":\"Anmeldung f\u00fcr das Wintertraining 2025\/2026\"}]},{\"@type\":\"WebSite\",\"@id\":\"https:\/\/bozovictennisacademy.com\/v3\/#website\",\"url\":\"https:\/\/bozovictennisacademy.com\/v3\/\",\"name\":\"Bozovic Tennis Academy\",\"description\":\"\",\"potentialAction\":[{\"@type\":\"SearchAction\",\"target\":{\"@type\":\"EntryPoint\",\"urlTemplate\":\"https:\/\/bozovictennisacademy.com\/v3\/?s={search_term_string}\"},\"query-input\":{\"@type\":\"PropertyValueSpecification\",\"valueRequired\":true,\"valueName\":\"search_term_string\"}}],\"inLanguage\":\"en-US\"}]}<\/script>\n<!-- \/ Yoast SEO plugin. -->","yoast_head_json":{"title":"Anmeldung f\u00fcr das Wintertraining 2025\/2026 - Bozovic Tennis Academy","description":"KINDER und JUNIOREN Liebe Eltern, Falls eure Kids im Winter weiterhin Fortschritte mit ihrem Tennis machen m\u00f6chten, dann meldet sie bitte mit dem hier","robots":{"index":"index","follow":"follow","max-snippet":"max-snippet:-1","max-image-preview":"max-image-preview:large","max-video-preview":"max-video-preview:-1"},"canonical":"https:\/\/bozovictennisacademy.com\/v3\/de\/signup-de-winter-2025-2026\/","og_locale":"en_US","og_type":"article","og_title":"Anmeldung f\u00fcr das Wintertraining 2025\/2026 - Bozovic Tennis Academy","og_description":"KINDER und JUNIOREN Liebe Eltern, Falls eure Kids im Winter weiterhin Fortschritte mit ihrem Tennis machen m\u00f6chten, dann meldet sie bitte mit dem hier","og_url":"https:\/\/bozovictennisacademy.com\/v3\/de\/signup-de-winter-2025-2026\/","og_site_name":"Bozovic Tennis Academy","article_publisher":"https:\/\/www.facebook.com\/bozovictennisacademy\/","article_modified_time":"2025-12-03T11:07:56+00:00","og_image":[{"width":1340,"height":993,"url":"https:\/\/bozovictennisacademy.com\/v3\/wp-content\/uploads\/2024\/04\/Vitis-2024.jpg","type":"image\/jpeg"}],"twitter_card":"summary_large_image","twitter_misc":{"Est. reading time":"2 minutes"},"schema":{"@context":"https:\/\/schema.org","@graph":[{"@type":"WebPage","@id":"https:\/\/bozovictennisacademy.com\/v3\/de\/signup-de-winter-2025-2026\/","url":"https:\/\/bozovictennisacademy.com\/v3\/de\/signup-de-winter-2025-2026\/","name":"Anmeldung f\u00fcr das Wintertraining 2025\/2026 - Bozovic Tennis Academy","isPartOf":{"@id":"https:\/\/bozovictennisacademy.com\/v3\/#website"},"primaryImageOfPage":{"@id":"https:\/\/bozovictennisacademy.com\/v3\/de\/signup-de-winter-2025-2026\/#primaryimage"},"image":{"@id":"https:\/\/bozovictennisacademy.com\/v3\/de\/signup-de-winter-2025-2026\/#primaryimage"},"thumbnailUrl":"https:\/\/bozovictennisacademy.com\/v3\/wp-content\/uploads\/2024\/04\/Vitis-2024.jpg","datePublished":"2024-08-21T11:37:50+00:00","dateModified":"2025-12-03T11:07:56+00:00","description":"KINDER und JUNIOREN Liebe Eltern, Falls eure Kids im Winter weiterhin Fortschritte mit ihrem Tennis machen m\u00f6chten, dann meldet sie bitte mit dem hier","breadcrumb":{"@id":"https:\/\/bozovictennisacademy.com\/v3\/de\/signup-de-winter-2025-2026\/#breadcrumb"},"inLanguage":"en-US","potentialAction":[{"@type":"ReadAction","target":["https:\/\/bozovictennisacademy.com\/v3\/de\/signup-de-winter-2025-2026\/"]}]},{"@type":"ImageObject","inLanguage":"en-US","@id":"https:\/\/bozovictennisacademy.com\/v3\/de\/signup-de-winter-2025-2026\/#primaryimage","url":"https:\/\/bozovictennisacademy.com\/v3\/wp-content\/uploads\/2024\/04\/Vitis-2024.jpg","contentUrl":"https:\/\/bozovictennisacademy.com\/v3\/wp-content\/uploads\/2024\/04\/Vitis-2024.jpg","width":1340,"height":993},{"@type":"BreadcrumbList","@id":"https:\/\/bozovictennisacademy.com\/v3\/de\/signup-de-winter-2025-2026\/#breadcrumb","itemListElement":[{"@type":"ListItem","position":1,"name":"Home","item":"https:\/\/bozovictennisacademy.com\/v3\/"},{"@type":"ListItem","position":2,"name":"Anmeldung f\u00fcr das Wintertraining 2025\/2026"}]},{"@type":"WebSite","@id":"https:\/\/bozovictennisacademy.com\/v3\/#website","url":"https:\/\/bozovictennisacademy.com\/v3\/","name":"Bozovic Tennis Academy","description":"","potentialAction":[{"@type":"SearchAction","target":{"@type":"EntryPoint","urlTemplate":"https:\/\/bozovictennisacademy.com\/v3\/?s={search_term_string}"},"query-input":{"@type":"PropertyValueSpecification","valueRequired":true,"valueName":"search_term_string"}}],"inLanguage":"en-US"}]}},"_links":{"self":[{"href":"https:\/\/bozovictennisacademy.com\/v3\/wp-json\/wp\/v2\/pages\/4817","targetHints":{"allow":["GET"]}}],"collection":[{"href":"https:\/\/bozovictennisacademy.com\/v3\/wp-json\/wp\/v2\/pages"}],"about":[{"href":"https:\/\/bozovictennisacademy.com\/v3\/wp-json\/wp\/v2\/types\/page"}],"author":[{"embeddable":true,"href":"https:\/\/bozovictennisacademy.com\/v3\/wp-json\/wp\/v2\/users\/1"}],"replies":[{"embeddable":true,"href":"https:\/\/bozovictennisacademy.com\/v3\/wp-json\/wp\/v2\/comments?post=4817"}],"version-history":[{"count":10,"href":"https:\/\/bozovictennisacademy.com\/v3\/wp-json\/wp\/v2\/pages\/4817\/revisions"}],"predecessor-version":[{"id":5383,"href":"https:\/\/bozovictennisacademy.com\/v3\/wp-json\/wp\/v2\/pages\/4817\/revisions\/5383"}],"wp:featuredmedia":[{"embeddable":true,"href":"https:\/\/bozovictennisacademy.com\/v3\/wp-json\/wp\/v2\/media\/4339"}],"wp:attachment":[{"href":"https:\/\/bozovictennisacademy.com\/v3\/wp-json\/wp\/v2\/media?parent=4817"}],"curies":[{"name":"wp","href":"https:\/\/api.w.org\/{rel}","templated":true}]}}