{"id":5511,"date":"2026-01-08T12:49:14","date_gmt":"2026-01-08T12:49:14","guid":{"rendered":"https:\/\/bozovictennisacademy.com\/v3\/?page_id=5511"},"modified":"2026-04-19T16:06:25","modified_gmt":"2026-04-19T16:06:25","slug":"padel-de","status":"publish","type":"page","link":"https:\/\/bozovictennisacademy.com\/v3\/de\/padel-de\/","title":{"rendered":"Padel"},"content":{"rendered":"<div id=\"pl-5511\"  class=\"panel-layout\" ><div id=\"pg-5511-0\"  class=\"panel-grid panel-no-style\" ><div id=\"pgc-5511-0-0\"  class=\"panel-grid-cell\" ><div id=\"panel-5511-0-0-0\" class=\"so-panel widget widget_sow-editor panel-first-child panel-last-child\" data-index=\"0\" ><div\n\t\t\t\n\t\t\tclass=\"so-widget-sow-editor so-widget-sow-editor-base\"\n\t\t\t\n\t\t><h3 class=\"widget-title\"><span class=\"widget-title__inline\">Willkommen auf dem Padel-Court der Bozovic Tennis Academy<\/span><\/h3>\n<div class=\"siteorigin-widget-tinymce textwidget\">\n\t<h5><strong><br \/>\nEntdeckt eure Leidenschaft f\u00fcr Padel \u2013 das dynamische Spiel wartet auf euch!<\/strong><\/h5>\n<p><img loading=\"lazy\" decoding=\"async\" class=\"alignnone size-full wp-image-5501\" src=\"https:\/\/bozovictennisacademy.com\/v3\/wp-content\/uploads\/2026\/01\/padel.jpg\" alt=\"\" width=\"1280\" height=\"893\" srcset=\"https:\/\/bozovictennisacademy.com\/v3\/wp-content\/uploads\/2026\/01\/padel.jpg 1280w, https:\/\/bozovictennisacademy.com\/v3\/wp-content\/uploads\/2026\/01\/padel-300x209.jpg 300w, https:\/\/bozovictennisacademy.com\/v3\/wp-content\/uploads\/2026\/01\/padel-1024x714.jpg 1024w, https:\/\/bozovictennisacademy.com\/v3\/wp-content\/uploads\/2026\/01\/padel-768x536.jpg 768w, https:\/\/bozovictennisacademy.com\/v3\/wp-content\/uploads\/2026\/01\/padel-100x70.jpg 100w\" sizes=\"auto, (max-width: 1280px) 100vw, 1280px\" \/><\/p>\n<p>Wir freuen uns sehr, das Sportangebot der Bozovic Tennis Academy um eine der weltweit am schnellsten wachsenden und spannendsten Sportarten zu erweitern: <strong>Padel-Tennis<\/strong>.<\/p>\n<p>Egal, ob ihr neu im Padelsport seid oder euer Spiel gezielt weiterentwickeln m\u00f6chtet \u2013 bei uns findet ihr professionelles Training, das fordert, f\u00f6rdert und vor allem <strong>Spass macht<\/strong>.<\/p>\n<p>Trainiert auf unseren <strong>brandneuen Outdoor-Padelpl\u00e4tzen im Vitis Schlieren<\/strong> und erlebt Padel in einer modernen, motivierenden Umgebung.<\/p>\n<p><a href=\"https:\/\/bozovictennisacademy.com\/v3\/de\/preisliste\/\">Die Preisliste finden Sie hier.<\/a><\/p>\n<hr \/>\n<h5>Unser Head Coach: Leon M\u00fcller \u2013 Expertise trifft Leidenschaft<\/h5>\n<p>Wir sind stolz, Leon M\u00fcller als <strong>Head Coach unseres Padel-Programms vorstellen zu d\u00fcrfen<\/strong>.<\/p>\n<p>Leon ist langj\u00e4hriger Coach der Academy, <strong>Jahrgangsbester der C-Trainer Padel-Ausbildung 2024 (Gr\u00f6tzingen, DE)<\/strong> sowie aktiver Spieler der <strong>2. Padel Bundesliga (DE)<\/strong> und erfahrener Turnierspieler.<\/p>\n<p>Mit seiner Fachkompetenz, Leidenschaft und strukturierten Trainingsweise bringt Leon euer Padel-Spiel auf das n\u00e4chste Level.<\/p>\n<p><strong>Training buchen:<\/strong><br \/>\n\ud83d\udcde 079 212 37 66<br \/>\n\ud83d\udce7 <a href=\"mailto:Leon.Mueller@bozovictennisacademy.com\">Leon.Mueller@bozovictennisacademy.com<\/a><\/p>\n<hr \/>\n<h5>Trainingsort &amp; Ausr\u00fcstung \u2013 unkompliziert &amp; komfortabel<\/h5>\n<p>Bei gutem Wetter trainieren wir auf den Padelpl\u00e4tzen im <strong>Vitis Schlieren, welche ab M\u00e4rz ge\u00f6ffnet sind<\/strong>.<br \/>\nAb diesem Zeitpunkt k\u00f6nnen <strong>Padel-Trainings regul\u00e4r gebucht werden<\/strong>.<br \/>\nDie moderne Infrastruktur bietet ideale Bedingungen f\u00fcr Training und Matches.<\/p>\n<p><strong>Keine eigene Ausr\u00fcstung? Kein Problem.<\/strong><br \/>\nLeihschl\u00e4ger und s\u00e4mtliches Trainingsmaterial stehen vor Ort zur Verf\u00fcgung \u2013 ihr k\u00f6nnt direkt loslegen.<\/p>\n<\/div>\n<\/div><\/div><\/div><\/div><div id=\"pg-5511-1\"  class=\"panel-grid panel-has-style\" ><div class=\"panel-row-style panel-row-style-for-5511-1\" ><div id=\"pgc-5511-1-0\"  class=\"panel-grid-cell\" ><div id=\"panel-5511-1-0-0\" class=\"so-panel widget widget_pw_accordion widget-accordion panel-first-child panel-last-child\" data-index=\"1\" >\t<div class=\"accordion panel-group\" id=\"accordion-widget-1-0-0\" role=\"tablist\" aria-multiselectable=\"true\">\n\t\t\t<div class=\"accordion__panel  panel  panel-default  card\">\n\t\t\t<div class=\"accordion__heading  panel-heading\" role=\"tab\" id=\"heading-widget-1-0-0-1\">\n\t\t\t\t<div class=\"panel-title\">\n\t\t\t\t\t<a class=\"collapsed\" role=\"button\" data-toggle=\"collapse\" data-parent=\"#accordion-widget-1-0-0\" href=\"#collapse-widget-1-0-0-1\" aria-expanded=\"false\" aria-controls=\"collapse-widget-1-0-0-1\">\n\t\t\t\t\t\tUnser Trainingsansatz &amp; Curriculum \u2013 euer Weg im Padel\t\t\t\t\t<\/a>\n\t\t\t\t<\/div>\n\t\t\t<\/div>\n\t\t\t<div id=\"collapse-widget-1-0-0-1\" class=\"accordion__content  panel-collapse  collapse\" role=\"tabpanel\" aria-labelledby=\"heading-widget-1-0-0-1\">\n\t\t\t\t<div class=\"panel-body\">\n\t\t\t\t\tUnser Trainingsprogramm ist strukturiert aufgebaut und erm\u00f6glicht eine <b>ganzheitliche Entwicklung f\u00fcr alle Alters- und Leistungsstufen<\/b>.<br>\nNeben Technik legen wir grossen Wert auf <b>Taktik, Spielverst\u00e4ndnis und Matchpraxis<\/b>.<br><br>\n\n<b>Strukturierter Lehrplan f\u00fcr jede Spielst\u00e4rke<\/b><br><br>\n\n<b>Padel-Einstieg &amp; Grundlagen<\/b><br>\n\u2022 Einf\u00fchrung in die wichtigsten Schlagtechniken (Aufschlag, Vorhand, R\u00fcckhand, Volley, Bande)<br>\n\u2022 Regeln &amp; Besonderheiten des Glas-Courts<br>\n\u2022 Erste taktische Konzepte f\u00fcr das Doppelspiel<br><br>\n\n<b>Aufbaukurse &amp; taktische Weiterentwicklung<\/b><br>\n\u2022 Verfeinerung der Technik<br>\n\u2022 Erweiterte Schl\u00e4ge wie Lob, Chiquita, Vibora &amp; Bandeja<br>\n\u2022 Positionsspiel, Angriffs- &amp; Verteidigungsstrategien<br>\n\u2022 Kommunikation &amp; Abstimmung im Doppel<br><br>\n\n<b>Match-Play &amp; Turnierfokus<\/b><br>\n\u2022 Training unter realen Matchbedingungen<br>\n\u2022 Situationsanalyse &amp; schnelle Entscheidungsfindung<br>\n\u2022 Mentale St\u00e4rke &amp; padelspezifische Fitness (Schnelligkeit &amp; Ausdauer)<br><br>\n\nAlle Trainings werden <b>individuell an eure Ziele, Bed\u00fcrfnisse und euer Niveau angepasst<\/b>.\t\t\t\t<\/div>\n\t\t\t<\/div>\n\t\t<\/div>\n\t\t\t<\/div>\n\n<\/div><\/div><\/div><\/div><\/div>","protected":false},"excerpt":{"rendered":"<p>Wir freuen uns sehr, das Sportangebot der Bozovic Tennis Academy um eine der weltweit am schnellsten wachsenden und spannendsten Sportarten zu erweitern: Padel-Tennis.<\/p>\n","protected":false},"author":1,"featured_media":5492,"parent":0,"menu_order":0,"comment_status":"closed","ping_status":"closed","template":"","meta":{"_acf_changed":false,"footnotes":""},"class_list":{"0":"post-5511","1":"page","2":"type-page","3":"status-publish","4":"has-post-thumbnail","6":"clearfix","7":"article"},"acf":[],"yoast_head":"<!-- This site is optimized with the Yoast SEO plugin v27.1.1 - https:\/\/yoast.com\/product\/yoast-seo-wordpress\/ -->\n<title>Padel - Bozovic Tennis Academy<\/title>\n<meta name=\"description\" content=\"Wir freuen uns sehr, das Sportangebot der Bozovic Tennis Academy um eine der weltweit am schnellsten wachsenden und spannendsten Sportarten zu erweitern: Padel-Tennis.\" \/>\n<meta name=\"robots\" content=\"index, follow, max-snippet:-1, max-image-preview:large, max-video-preview:-1\" \/>\n<link rel=\"canonical\" href=\"https:\/\/bozovictennisacademy.com\/v3\/de\/padel-de\/\" \/>\n<meta property=\"og:locale\" content=\"en_US\" \/>\n<meta property=\"og:type\" content=\"article\" \/>\n<meta property=\"og:title\" content=\"Padel - Bozovic Tennis Academy\" \/>\n<meta property=\"og:description\" content=\"Wir freuen uns sehr, das Sportangebot der Bozovic Tennis Academy um eine der weltweit am schnellsten wachsenden und spannendsten Sportarten zu erweitern: Padel-Tennis.\" \/>\n<meta property=\"og:url\" content=\"https:\/\/bozovictennisacademy.com\/v3\/de\/padel-de\/\" \/>\n<meta property=\"og:site_name\" content=\"Bozovic Tennis Academy\" \/>\n<meta property=\"article:publisher\" content=\"https:\/\/www.facebook.com\/bozovictennisacademy\/\" \/>\n<meta property=\"article:modified_time\" content=\"2026-04-19T16:06:25+00:00\" \/>\n<meta property=\"og:image\" content=\"https:\/\/bozovictennisacademy.com\/v3\/wp-content\/uploads\/2026\/01\/padel_01.jpg\" \/>\n\t<meta property=\"og:image:width\" content=\"950\" \/>\n\t<meta property=\"og:image:height\" content=\"690\" \/>\n\t<meta property=\"og:image:type\" content=\"image\/jpeg\" \/>\n<meta name=\"twitter:card\" content=\"summary_large_image\" \/>\n<meta name=\"twitter:label1\" content=\"Est. reading time\" \/>\n\t<meta name=\"twitter:data1\" content=\"2 minutes\" \/>\n<script type=\"application\/ld+json\" class=\"yoast-schema-graph\">{\"@context\":\"https:\/\/schema.org\",\"@graph\":[{\"@type\":\"WebPage\",\"@id\":\"https:\/\/bozovictennisacademy.com\/v3\/de\/padel-de\/\",\"url\":\"https:\/\/bozovictennisacademy.com\/v3\/de\/padel-de\/\",\"name\":\"Padel - Bozovic Tennis Academy\",\"isPartOf\":{\"@id\":\"https:\/\/bozovictennisacademy.com\/v3\/#website\"},\"primaryImageOfPage\":{\"@id\":\"https:\/\/bozovictennisacademy.com\/v3\/de\/padel-de\/#primaryimage\"},\"image\":{\"@id\":\"https:\/\/bozovictennisacademy.com\/v3\/de\/padel-de\/#primaryimage\"},\"thumbnailUrl\":\"https:\/\/bozovictennisacademy.com\/v3\/wp-content\/uploads\/2026\/01\/padel_01.jpg\",\"datePublished\":\"2026-01-08T12:49:14+00:00\",\"dateModified\":\"2026-04-19T16:06:25+00:00\",\"description\":\"Wir freuen uns sehr, das Sportangebot der Bozovic Tennis Academy um eine der weltweit am schnellsten wachsenden und spannendsten Sportarten zu erweitern: Padel-Tennis.\",\"breadcrumb\":{\"@id\":\"https:\/\/bozovictennisacademy.com\/v3\/de\/padel-de\/#breadcrumb\"},\"inLanguage\":\"en-US\",\"potentialAction\":[{\"@type\":\"ReadAction\",\"target\":[\"https:\/\/bozovictennisacademy.com\/v3\/de\/padel-de\/\"]}]},{\"@type\":\"ImageObject\",\"inLanguage\":\"en-US\",\"@id\":\"https:\/\/bozovictennisacademy.com\/v3\/de\/padel-de\/#primaryimage\",\"url\":\"https:\/\/bozovictennisacademy.com\/v3\/wp-content\/uploads\/2026\/01\/padel_01.jpg\",\"contentUrl\":\"https:\/\/bozovictennisacademy.com\/v3\/wp-content\/uploads\/2026\/01\/padel_01.jpg\",\"width\":950,\"height\":690},{\"@type\":\"BreadcrumbList\",\"@id\":\"https:\/\/bozovictennisacademy.com\/v3\/de\/padel-de\/#breadcrumb\",\"itemListElement\":[{\"@type\":\"ListItem\",\"position\":1,\"name\":\"Home\",\"item\":\"https:\/\/bozovictennisacademy.com\/v3\/\"},{\"@type\":\"ListItem\",\"position\":2,\"name\":\"Padel\"}]},{\"@type\":\"WebSite\",\"@id\":\"https:\/\/bozovictennisacademy.com\/v3\/#website\",\"url\":\"https:\/\/bozovictennisacademy.com\/v3\/\",\"name\":\"Bozovic Tennis Academy\",\"description\":\"\",\"potentialAction\":[{\"@type\":\"SearchAction\",\"target\":{\"@type\":\"EntryPoint\",\"urlTemplate\":\"https:\/\/bozovictennisacademy.com\/v3\/?s={search_term_string}\"},\"query-input\":{\"@type\":\"PropertyValueSpecification\",\"valueRequired\":true,\"valueName\":\"search_term_string\"}}],\"inLanguage\":\"en-US\"}]}<\/script>\n<!-- \/ Yoast SEO plugin. -->","yoast_head_json":{"title":"Padel - Bozovic Tennis Academy","description":"Wir freuen uns sehr, das Sportangebot der Bozovic Tennis Academy um eine der weltweit am schnellsten wachsenden und spannendsten Sportarten zu erweitern: Padel-Tennis.","robots":{"index":"index","follow":"follow","max-snippet":"max-snippet:-1","max-image-preview":"max-image-preview:large","max-video-preview":"max-video-preview:-1"},"canonical":"https:\/\/bozovictennisacademy.com\/v3\/de\/padel-de\/","og_locale":"en_US","og_type":"article","og_title":"Padel - Bozovic Tennis Academy","og_description":"Wir freuen uns sehr, das Sportangebot der Bozovic Tennis Academy um eine der weltweit am schnellsten wachsenden und spannendsten Sportarten zu erweitern: Padel-Tennis.","og_url":"https:\/\/bozovictennisacademy.com\/v3\/de\/padel-de\/","og_site_name":"Bozovic Tennis Academy","article_publisher":"https:\/\/www.facebook.com\/bozovictennisacademy\/","article_modified_time":"2026-04-19T16:06:25+00:00","og_image":[{"width":950,"height":690,"url":"https:\/\/bozovictennisacademy.com\/v3\/wp-content\/uploads\/2026\/01\/padel_01.jpg","type":"image\/jpeg"}],"twitter_card":"summary_large_image","twitter_misc":{"Est. reading time":"2 minutes"},"schema":{"@context":"https:\/\/schema.org","@graph":[{"@type":"WebPage","@id":"https:\/\/bozovictennisacademy.com\/v3\/de\/padel-de\/","url":"https:\/\/bozovictennisacademy.com\/v3\/de\/padel-de\/","name":"Padel - Bozovic Tennis Academy","isPartOf":{"@id":"https:\/\/bozovictennisacademy.com\/v3\/#website"},"primaryImageOfPage":{"@id":"https:\/\/bozovictennisacademy.com\/v3\/de\/padel-de\/#primaryimage"},"image":{"@id":"https:\/\/bozovictennisacademy.com\/v3\/de\/padel-de\/#primaryimage"},"thumbnailUrl":"https:\/\/bozovictennisacademy.com\/v3\/wp-content\/uploads\/2026\/01\/padel_01.jpg","datePublished":"2026-01-08T12:49:14+00:00","dateModified":"2026-04-19T16:06:25+00:00","description":"Wir freuen uns sehr, das Sportangebot der Bozovic Tennis Academy um eine der weltweit am schnellsten wachsenden und spannendsten Sportarten zu erweitern: Padel-Tennis.","breadcrumb":{"@id":"https:\/\/bozovictennisacademy.com\/v3\/de\/padel-de\/#breadcrumb"},"inLanguage":"en-US","potentialAction":[{"@type":"ReadAction","target":["https:\/\/bozovictennisacademy.com\/v3\/de\/padel-de\/"]}]},{"@type":"ImageObject","inLanguage":"en-US","@id":"https:\/\/bozovictennisacademy.com\/v3\/de\/padel-de\/#primaryimage","url":"https:\/\/bozovictennisacademy.com\/v3\/wp-content\/uploads\/2026\/01\/padel_01.jpg","contentUrl":"https:\/\/bozovictennisacademy.com\/v3\/wp-content\/uploads\/2026\/01\/padel_01.jpg","width":950,"height":690},{"@type":"BreadcrumbList","@id":"https:\/\/bozovictennisacademy.com\/v3\/de\/padel-de\/#breadcrumb","itemListElement":[{"@type":"ListItem","position":1,"name":"Home","item":"https:\/\/bozovictennisacademy.com\/v3\/"},{"@type":"ListItem","position":2,"name":"Padel"}]},{"@type":"WebSite","@id":"https:\/\/bozovictennisacademy.com\/v3\/#website","url":"https:\/\/bozovictennisacademy.com\/v3\/","name":"Bozovic Tennis Academy","description":"","potentialAction":[{"@type":"SearchAction","target":{"@type":"EntryPoint","urlTemplate":"https:\/\/bozovictennisacademy.com\/v3\/?s={search_term_string}"},"query-input":{"@type":"PropertyValueSpecification","valueRequired":true,"valueName":"search_term_string"}}],"inLanguage":"en-US"}]}},"_links":{"self":[{"href":"https:\/\/bozovictennisacademy.com\/v3\/wp-json\/wp\/v2\/pages\/5511","targetHints":{"allow":["GET"]}}],"collection":[{"href":"https:\/\/bozovictennisacademy.com\/v3\/wp-json\/wp\/v2\/pages"}],"about":[{"href":"https:\/\/bozovictennisacademy.com\/v3\/wp-json\/wp\/v2\/types\/page"}],"author":[{"embeddable":true,"href":"https:\/\/bozovictennisacademy.com\/v3\/wp-json\/wp\/v2\/users\/1"}],"replies":[{"embeddable":true,"href":"https:\/\/bozovictennisacademy.com\/v3\/wp-json\/wp\/v2\/comments?post=5511"}],"version-history":[{"count":5,"href":"https:\/\/bozovictennisacademy.com\/v3\/wp-json\/wp\/v2\/pages\/5511\/revisions"}],"predecessor-version":[{"id":5788,"href":"https:\/\/bozovictennisacademy.com\/v3\/wp-json\/wp\/v2\/pages\/5511\/revisions\/5788"}],"wp:featuredmedia":[{"embeddable":true,"href":"https:\/\/bozovictennisacademy.com\/v3\/wp-json\/wp\/v2\/media\/5492"}],"wp:attachment":[{"href":"https:\/\/bozovictennisacademy.com\/v3\/wp-json\/wp\/v2\/media?parent=5511"}],"curies":[{"name":"wp","href":"https:\/\/api.w.org\/{rel}","templated":true}]}}